{"id":25647,"date":"2025-09-06T12:35:47","date_gmt":"2025-09-06T15:35:47","guid":{"rendered":"https:\/\/conexioneschile.cl\/?page_id=25647"},"modified":"2025-09-25T09:41:44","modified_gmt":"2025-09-25T12:41:44","slug":"privacidad-y-seguridad","status":"publish","type":"page","link":"https:\/\/conexioneschile.cl\/index.php\/privacidad-y-seguridad\/","title":{"rendered":"Privacidad y Seguridad"},"content":{"rendered":"\n<p>Nuestro sitio Conexioneschile \u2013 Tienda Online (www.conexioneschile.cl) est\u00e1 protegido mediante un Certificado Digital SSL. De esta forma se garantiza que la informaci\u00f3n personal que usted env\u00eda desde su cuenta ser\u00e1 encriptada para su mayor seguridad.<\/p>\n\n\n\n<p>Los datos ingresados por el usuario y registrados en nuestro sitio Conexioneschile \u2013 Tienda Online ser\u00e1n utilizados para validar los pedidos realizados en este sitio. Conexioneschile no traspasar\u00e1 esta informaci\u00f3n personal a terceros, salvo que deba ser revelada en cumplimiento de una orden judicial o de requerimientos legales.<\/p>\n\n\n\n<p><strong>Conexioneschile en ning\u00fan caso solicitar\u00e1 la clave de acceso personal por correo electr\u00f3nico, en forma telef\u00f3nica u otro medio directo que no sea la p\u00e1gina de acceso a su cuenta personal o la p\u00e1gina de cambio de clave, directamente en nuestro sitio web Conexioneschile \u2013 Tienda Online (www.conexioneschile.cl)<\/strong><\/p>\n\n\n\n<p>La suscripci\u00f3n a boletines de correos electr\u00f3nicos publicitarios enviados por Conexioneschile.cl, es voluntaria y se selecciona al momento de crear su cuenta, o en la secci\u00f3n de administraci\u00f3n de su cuenta personal. Usted podr\u00e1 cancelar su suscripci\u00f3n desde la administraci\u00f3n de su cuenta, o podr\u00e1 solicitarnos en cualquier momento la cancelaci\u00f3n de su suscripci\u00f3n para no seguir recibiendo informaci\u00f3n publicitaria v\u00eda correo electr\u00f3nico.<\/p>\n\n\n\n<p>Por cualquier solicitud o consulta, cont\u00e1ctenos al correo electr\u00f3nico <a href=\"mailto:ventas@conexioneschile.cl\"><strong>ventas@conexioneschile.cl<\/strong><\/a> o directamente al tel\u00e9fono <strong>(56) 997515851<\/strong>.<\/p>\n","protected":false},"excerpt":{"rendered":"<p>Nuestro sitio Conexioneschile \u2013 Tienda Online (www.conexioneschile.cl) est\u00e1 protegido mediante un Certificado Digital SSL. De esta forma se garantiza que la informaci\u00f3n personal que usted env\u00eda desde su cuenta ser\u00e1&#8230;<\/p>\n","protected":false},"author":1,"featured_media":0,"parent":0,"menu_order":0,"comment_status":"closed","ping_status":"closed","template":"templates\/full-container.php","meta":{"footnotes":""},"class_list":["post-25647","page","type-page","status-publish","hentry"],"yoast_head":"<!-- This site is optimized with the Yoast SEO plugin v26.6 - https:\/\/yoast.com\/wordpress\/plugins\/seo\/ -->\n<title>Privacidad y Seguridad - Conexiones Chile<\/title>\n<meta name=\"robots\" content=\"index, follow, max-snippet:-1, max-image-preview:large, max-video-preview:-1\" \/>\n<link rel=\"canonical\" href=\"https:\/\/conexioneschile.cl\/index.php\/privacidad-y-seguridad\/\" \/>\n<meta property=\"og:locale\" content=\"es_ES\" \/>\n<meta property=\"og:type\" content=\"article\" \/>\n<meta property=\"og:title\" content=\"Privacidad y Seguridad - Conexiones Chile\" \/>\n<meta property=\"og:description\" content=\"Nuestro sitio Conexioneschile \u2013 Tienda Online (www.conexioneschile.cl) est\u00e1 protegido mediante un Certificado Digital SSL. De esta forma se garantiza que la informaci\u00f3n personal que usted env\u00eda desde su cuenta ser\u00e1...\" \/>\n<meta property=\"og:url\" content=\"https:\/\/conexioneschile.cl\/index.php\/privacidad-y-seguridad\/\" \/>\n<meta property=\"og:site_name\" content=\"Conexiones Chile\" \/>\n<meta property=\"article:modified_time\" content=\"2025-09-25T12:41:44+00:00\" \/>\n<meta name=\"twitter:card\" content=\"summary_large_image\" \/>\n<meta name=\"twitter:label1\" content=\"Tiempo de lectura\" \/>\n\t<meta name=\"twitter:data1\" content=\"1 minuto\" \/>\n<script type=\"application\/ld+json\" class=\"yoast-schema-graph\">{\"@context\":\"https:\/\/schema.org\",\"@graph\":[{\"@type\":\"WebPage\",\"@id\":\"https:\/\/conexioneschile.cl\/index.php\/privacidad-y-seguridad\/\",\"url\":\"https:\/\/conexioneschile.cl\/index.php\/privacidad-y-seguridad\/\",\"name\":\"Privacidad y Seguridad - Conexiones Chile\",\"isPartOf\":{\"@id\":\"https:\/\/conexioneschile.cl\/#website\"},\"datePublished\":\"2025-09-06T15:35:47+00:00\",\"dateModified\":\"2025-09-25T12:41:44+00:00\",\"breadcrumb\":{\"@id\":\"https:\/\/conexioneschile.cl\/index.php\/privacidad-y-seguridad\/#breadcrumb\"},\"inLanguage\":\"es\",\"potentialAction\":[{\"@type\":\"ReadAction\",\"target\":[\"https:\/\/conexioneschile.cl\/index.php\/privacidad-y-seguridad\/\"]}]},{\"@type\":\"BreadcrumbList\",\"@id\":\"https:\/\/conexioneschile.cl\/index.php\/privacidad-y-seguridad\/#breadcrumb\",\"itemListElement\":[{\"@type\":\"ListItem\",\"position\":1,\"name\":\"Portada\",\"item\":\"https:\/\/conexioneschile.cl\/\"},{\"@type\":\"ListItem\",\"position\":2,\"name\":\"Privacidad y Seguridad\"}]},{\"@type\":\"WebSite\",\"@id\":\"https:\/\/conexioneschile.cl\/#website\",\"url\":\"https:\/\/conexioneschile.cl\/\",\"name\":\"Conexiones Chile\",\"description\":\"\",\"publisher\":{\"@id\":\"https:\/\/conexioneschile.cl\/#organization\"},\"potentialAction\":[{\"@type\":\"SearchAction\",\"target\":{\"@type\":\"EntryPoint\",\"urlTemplate\":\"https:\/\/conexioneschile.cl\/?s={search_term_string}\"},\"query-input\":{\"@type\":\"PropertyValueSpecification\",\"valueRequired\":true,\"valueName\":\"search_term_string\"}}],\"inLanguage\":\"es\"},{\"@type\":\"Organization\",\"@id\":\"https:\/\/conexioneschile.cl\/#organization\",\"name\":\"Conexiones Chile\",\"url\":\"https:\/\/conexioneschile.cl\/\",\"logo\":{\"@type\":\"ImageObject\",\"inLanguage\":\"es\",\"@id\":\"https:\/\/conexioneschile.cl\/#\/schema\/logo\/image\/\",\"url\":\"https:\/\/conexioneschile.cl\/wp-content\/uploads\/2025\/09\/cropped-logo-coneexiones.png\",\"contentUrl\":\"https:\/\/conexioneschile.cl\/wp-content\/uploads\/2025\/09\/cropped-logo-coneexiones.png\",\"width\":412,\"height\":209,\"caption\":\"Conexiones Chile\"},\"image\":{\"@id\":\"https:\/\/conexioneschile.cl\/#\/schema\/logo\/image\/\"}}]}<\/script>\n<!-- \/ Yoast SEO plugin. -->","yoast_head_json":{"title":"Privacidad y Seguridad - Conexiones Chile","robots":{"index":"index","follow":"follow","max-snippet":"max-snippet:-1","max-image-preview":"max-image-preview:large","max-video-preview":"max-video-preview:-1"},"canonical":"https:\/\/conexioneschile.cl\/index.php\/privacidad-y-seguridad\/","og_locale":"es_ES","og_type":"article","og_title":"Privacidad y Seguridad - Conexiones Chile","og_description":"Nuestro sitio Conexioneschile \u2013 Tienda Online (www.conexioneschile.cl) est\u00e1 protegido mediante un Certificado Digital SSL. De esta forma se garantiza que la informaci\u00f3n personal que usted env\u00eda desde su cuenta ser\u00e1...","og_url":"https:\/\/conexioneschile.cl\/index.php\/privacidad-y-seguridad\/","og_site_name":"Conexiones Chile","article_modified_time":"2025-09-25T12:41:44+00:00","twitter_card":"summary_large_image","twitter_misc":{"Tiempo de lectura":"1 minuto"},"schema":{"@context":"https:\/\/schema.org","@graph":[{"@type":"WebPage","@id":"https:\/\/conexioneschile.cl\/index.php\/privacidad-y-seguridad\/","url":"https:\/\/conexioneschile.cl\/index.php\/privacidad-y-seguridad\/","name":"Privacidad y Seguridad - Conexiones Chile","isPartOf":{"@id":"https:\/\/conexioneschile.cl\/#website"},"datePublished":"2025-09-06T15:35:47+00:00","dateModified":"2025-09-25T12:41:44+00:00","breadcrumb":{"@id":"https:\/\/conexioneschile.cl\/index.php\/privacidad-y-seguridad\/#breadcrumb"},"inLanguage":"es","potentialAction":[{"@type":"ReadAction","target":["https:\/\/conexioneschile.cl\/index.php\/privacidad-y-seguridad\/"]}]},{"@type":"BreadcrumbList","@id":"https:\/\/conexioneschile.cl\/index.php\/privacidad-y-seguridad\/#breadcrumb","itemListElement":[{"@type":"ListItem","position":1,"name":"Portada","item":"https:\/\/conexioneschile.cl\/"},{"@type":"ListItem","position":2,"name":"Privacidad y Seguridad"}]},{"@type":"WebSite","@id":"https:\/\/conexioneschile.cl\/#website","url":"https:\/\/conexioneschile.cl\/","name":"Conexiones Chile","description":"","publisher":{"@id":"https:\/\/conexioneschile.cl\/#organization"},"potentialAction":[{"@type":"SearchAction","target":{"@type":"EntryPoint","urlTemplate":"https:\/\/conexioneschile.cl\/?s={search_term_string}"},"query-input":{"@type":"PropertyValueSpecification","valueRequired":true,"valueName":"search_term_string"}}],"inLanguage":"es"},{"@type":"Organization","@id":"https:\/\/conexioneschile.cl\/#organization","name":"Conexiones Chile","url":"https:\/\/conexioneschile.cl\/","logo":{"@type":"ImageObject","inLanguage":"es","@id":"https:\/\/conexioneschile.cl\/#\/schema\/logo\/image\/","url":"https:\/\/conexioneschile.cl\/wp-content\/uploads\/2025\/09\/cropped-logo-coneexiones.png","contentUrl":"https:\/\/conexioneschile.cl\/wp-content\/uploads\/2025\/09\/cropped-logo-coneexiones.png","width":412,"height":209,"caption":"Conexiones Chile"},"image":{"@id":"https:\/\/conexioneschile.cl\/#\/schema\/logo\/image\/"}}]}},"_links":{"self":[{"href":"https:\/\/conexioneschile.cl\/index.php\/wp-json\/wp\/v2\/pages\/25647","targetHints":{"allow":["GET"]}}],"collection":[{"href":"https:\/\/conexioneschile.cl\/index.php\/wp-json\/wp\/v2\/pages"}],"about":[{"href":"https:\/\/conexioneschile.cl\/index.php\/wp-json\/wp\/v2\/types\/page"}],"author":[{"embeddable":true,"href":"https:\/\/conexioneschile.cl\/index.php\/wp-json\/wp\/v2\/users\/1"}],"replies":[{"embeddable":true,"href":"https:\/\/conexioneschile.cl\/index.php\/wp-json\/wp\/v2\/comments?post=25647"}],"version-history":[{"count":1,"href":"https:\/\/conexioneschile.cl\/index.php\/wp-json\/wp\/v2\/pages\/25647\/revisions"}],"predecessor-version":[{"id":25648,"href":"https:\/\/conexioneschile.cl\/index.php\/wp-json\/wp\/v2\/pages\/25647\/revisions\/25648"}],"wp:attachment":[{"href":"https:\/\/conexioneschile.cl\/index.php\/wp-json\/wp\/v2\/media?parent=25647"}],"curies":[{"name":"wp","href":"https:\/\/api.w.org\/{rel}","templated":true}]}}