{"id":24761,"date":"2025-08-30T16:25:19","date_gmt":"2025-08-30T19:25:19","guid":{"rendered":"https:\/\/conexioneschile.cl\/index.php\/product\/airfiber-x-5-ghz-23-dbi-slant-45-af-5g23-s45\/"},"modified":"2025-08-30T16:44:07","modified_gmt":"2025-08-30T19:44:07","slug":"airfiber-x-5-ghz-23-dbi-slant-45-af-5g23-s45","status":"publish","type":"product","link":"https:\/\/conexioneschile.cl\/index.php\/product\/airfiber-x-5-ghz-23-dbi-slant-45-af-5g23-s45\/","title":{"rendered":"airFiber X 5 GHz, 23 dBi, Slant 45 (AF-5G23-S45)"},"content":{"rendered":"<p>La airFiber X 5 GHz, 23 dBi, Slant 45 (AF-5G23-S45), est\u00e1 dise\u00f1ada para ofrecer un rendimiento superior en aplicaciones de backhaul y puentes punto a punto (PtP) de alta capacidad. Su innovador dise\u00f1o industrial mejora el aislamiento de RF, lo que reduce significativamente las interferencias, garantizando una se\u00f1al m\u00e1s limpia y estable. Ideal para sistemas de comunicaciones multipunto de alta capacidad, esta antena es compatible con radios airFiber X y se adapta a diversas aplicaciones, desde enlaces entre torres hasta conexiones PtP entre edificios. La antena AF-5G23-S45 est\u00e1 especialmente optimizada para el uso con el kit de conversi\u00f3n de antena RocketDish a airFiber 5 GHz, lo que le permite a la antena RocketDish RD-5G30 o RD-5G34 integrarse f\u00e1cilmente con la radio airFiber AF-5X. Con la tecnolog\u00eda Ubiquiti, este producto se destaca por su fiabilidad, alta ganancia y dise\u00f1o compacto para entornos de redes avanzadas.<\/p>\n","protected":false},"excerpt":{"rendered":"<p>La airFiber X 5 GHz, 23 dBi, Slant 45 (AF-5G23-S45), est\u00e1 dise\u00f1ada para ofrecer un rendimiento superior en aplicaciones de backhaul y puentes punto a punto (PtP) de alta capacidad&#8230;.<\/p>\n","protected":false},"featured_media":23893,"comment_status":"open","ping_status":"closed","template":"","meta":[],"product_brand":[164],"product_cat":[264],"product_tag":[],"class_list":{"0":"post-24761","1":"product","2":"type-product","3":"status-publish","4":"has-post-thumbnail","6":"product_brand-ubiquiti","7":"product_cat-wifi","9":"first","10":"instock","11":"taxable","12":"shipping-taxable","13":"purchasable","14":"product-type-simple"},"yoast_head":"<!-- This site is optimized with the Yoast SEO plugin v26.6 - https:\/\/yoast.com\/wordpress\/plugins\/seo\/ -->\n<title>airFiber X 5 GHz, 23 dBi, Slant 45 (AF-5G23-S45) - Conexiones Chile<\/title>\n<meta name=\"robots\" content=\"index, follow, max-snippet:-1, max-image-preview:large, max-video-preview:-1\" \/>\n<link rel=\"canonical\" href=\"https:\/\/conexioneschile.cl\/index.php\/product\/airfiber-x-5-ghz-23-dbi-slant-45-af-5g23-s45\/\" \/>\n<meta property=\"og:locale\" content=\"es_ES\" \/>\n<meta property=\"og:type\" content=\"article\" \/>\n<meta property=\"og:title\" content=\"airFiber X 5 GHz, 23 dBi, Slant 45 (AF-5G23-S45) - Conexiones Chile\" \/>\n<meta property=\"og:description\" content=\"La airFiber X 5 GHz, 23 dBi, Slant 45 (AF-5G23-S45), est\u00e1 dise\u00f1ada para ofrecer un rendimiento superior en aplicaciones de backhaul y puentes punto a punto (PtP) de alta capacidad....\" \/>\n<meta property=\"og:url\" content=\"https:\/\/conexioneschile.cl\/index.php\/product\/airfiber-x-5-ghz-23-dbi-slant-45-af-5g23-s45\/\" \/>\n<meta property=\"og:site_name\" content=\"Conexiones Chile\" \/>\n<meta property=\"article:modified_time\" content=\"2025-08-30T19:44:07+00:00\" \/>\n<meta property=\"og:image\" content=\"https:\/\/conexioneschile.cl\/wp-content\/uploads\/2025\/07\/airFiber-X-5-GHz-23-dBi-Slant-45-.webp\" \/>\n\t<meta property=\"og:image:width\" content=\"1080\" \/>\n\t<meta property=\"og:image:height\" content=\"1080\" \/>\n\t<meta property=\"og:image:type\" content=\"image\/webp\" \/>\n<meta name=\"twitter:card\" content=\"summary_large_image\" \/>\n<meta name=\"twitter:label1\" content=\"Tiempo de lectura\" \/>\n\t<meta name=\"twitter:data1\" content=\"1 minuto\" \/>\n<script type=\"application\/ld+json\" class=\"yoast-schema-graph\">{\"@context\":\"https:\/\/schema.org\",\"@graph\":[{\"@type\":\"WebPage\",\"@id\":\"https:\/\/conexioneschile.cl\/index.php\/product\/airfiber-x-5-ghz-23-dbi-slant-45-af-5g23-s45\/\",\"url\":\"https:\/\/conexioneschile.cl\/index.php\/product\/airfiber-x-5-ghz-23-dbi-slant-45-af-5g23-s45\/\",\"name\":\"airFiber X 5 GHz, 23 dBi, Slant 45 (AF-5G23-S45) - Conexiones Chile\",\"isPartOf\":{\"@id\":\"https:\/\/conexioneschile.cl\/#website\"},\"primaryImageOfPage\":{\"@id\":\"https:\/\/conexioneschile.cl\/index.php\/product\/airfiber-x-5-ghz-23-dbi-slant-45-af-5g23-s45\/#primaryimage\"},\"image\":{\"@id\":\"https:\/\/conexioneschile.cl\/index.php\/product\/airfiber-x-5-ghz-23-dbi-slant-45-af-5g23-s45\/#primaryimage\"},\"thumbnailUrl\":\"https:\/\/conexioneschile.cl\/wp-content\/uploads\/2025\/07\/airFiber-X-5-GHz-23-dBi-Slant-45-.webp\",\"datePublished\":\"2025-08-30T19:25:19+00:00\",\"dateModified\":\"2025-08-30T19:44:07+00:00\",\"breadcrumb\":{\"@id\":\"https:\/\/conexioneschile.cl\/index.php\/product\/airfiber-x-5-ghz-23-dbi-slant-45-af-5g23-s45\/#breadcrumb\"},\"inLanguage\":\"es\",\"potentialAction\":[{\"@type\":\"ReadAction\",\"target\":[\"https:\/\/conexioneschile.cl\/index.php\/product\/airfiber-x-5-ghz-23-dbi-slant-45-af-5g23-s45\/\"]}]},{\"@type\":\"ImageObject\",\"inLanguage\":\"es\",\"@id\":\"https:\/\/conexioneschile.cl\/index.php\/product\/airfiber-x-5-ghz-23-dbi-slant-45-af-5g23-s45\/#primaryimage\",\"url\":\"https:\/\/conexioneschile.cl\/wp-content\/uploads\/2025\/07\/airFiber-X-5-GHz-23-dBi-Slant-45-.webp\",\"contentUrl\":\"https:\/\/conexioneschile.cl\/wp-content\/uploads\/2025\/07\/airFiber-X-5-GHz-23-dBi-Slant-45-.webp\",\"width\":1080,\"height\":1080},{\"@type\":\"BreadcrumbList\",\"@id\":\"https:\/\/conexioneschile.cl\/index.php\/product\/airfiber-x-5-ghz-23-dbi-slant-45-af-5g23-s45\/#breadcrumb\",\"itemListElement\":[{\"@type\":\"ListItem\",\"position\":1,\"name\":\"Portada\",\"item\":\"https:\/\/conexioneschile.cl\/\"},{\"@type\":\"ListItem\",\"position\":2,\"name\":\"Shop\",\"item\":\"https:\/\/conexioneschile.cl\/index.php\/shop\/\"},{\"@type\":\"ListItem\",\"position\":3,\"name\":\"airFiber X 5 GHz, 23 dBi, Slant 45 (AF-5G23-S45)\"}]},{\"@type\":\"WebSite\",\"@id\":\"https:\/\/conexioneschile.cl\/#website\",\"url\":\"https:\/\/conexioneschile.cl\/\",\"name\":\"Conexiones Chile\",\"description\":\"\",\"publisher\":{\"@id\":\"https:\/\/conexioneschile.cl\/#organization\"},\"potentialAction\":[{\"@type\":\"SearchAction\",\"target\":{\"@type\":\"EntryPoint\",\"urlTemplate\":\"https:\/\/conexioneschile.cl\/?s={search_term_string}\"},\"query-input\":{\"@type\":\"PropertyValueSpecification\",\"valueRequired\":true,\"valueName\":\"search_term_string\"}}],\"inLanguage\":\"es\"},{\"@type\":\"Organization\",\"@id\":\"https:\/\/conexioneschile.cl\/#organization\",\"name\":\"Conexiones Chile\",\"url\":\"https:\/\/conexioneschile.cl\/\",\"logo\":{\"@type\":\"ImageObject\",\"inLanguage\":\"es\",\"@id\":\"https:\/\/conexioneschile.cl\/#\/schema\/logo\/image\/\",\"url\":\"https:\/\/conexioneschile.cl\/wp-content\/uploads\/2025\/09\/cropped-logo-coneexiones.png\",\"contentUrl\":\"https:\/\/conexioneschile.cl\/wp-content\/uploads\/2025\/09\/cropped-logo-coneexiones.png\",\"width\":412,\"height\":209,\"caption\":\"Conexiones Chile\"},\"image\":{\"@id\":\"https:\/\/conexioneschile.cl\/#\/schema\/logo\/image\/\"}}]}<\/script>\n<!-- \/ Yoast SEO plugin. -->","yoast_head_json":{"title":"airFiber X 5 GHz, 23 dBi, Slant 45 (AF-5G23-S45) - Conexiones Chile","robots":{"index":"index","follow":"follow","max-snippet":"max-snippet:-1","max-image-preview":"max-image-preview:large","max-video-preview":"max-video-preview:-1"},"canonical":"https:\/\/conexioneschile.cl\/index.php\/product\/airfiber-x-5-ghz-23-dbi-slant-45-af-5g23-s45\/","og_locale":"es_ES","og_type":"article","og_title":"airFiber X 5 GHz, 23 dBi, Slant 45 (AF-5G23-S45) - Conexiones Chile","og_description":"La airFiber X 5 GHz, 23 dBi, Slant 45 (AF-5G23-S45), est\u00e1 dise\u00f1ada para ofrecer un rendimiento superior en aplicaciones de backhaul y puentes punto a punto (PtP) de alta capacidad....","og_url":"https:\/\/conexioneschile.cl\/index.php\/product\/airfiber-x-5-ghz-23-dbi-slant-45-af-5g23-s45\/","og_site_name":"Conexiones Chile","article_modified_time":"2025-08-30T19:44:07+00:00","og_image":[{"width":1080,"height":1080,"url":"https:\/\/conexioneschile.cl\/wp-content\/uploads\/2025\/07\/airFiber-X-5-GHz-23-dBi-Slant-45-.webp","type":"image\/webp"}],"twitter_card":"summary_large_image","twitter_misc":{"Tiempo de lectura":"1 minuto"},"schema":{"@context":"https:\/\/schema.org","@graph":[{"@type":"WebPage","@id":"https:\/\/conexioneschile.cl\/index.php\/product\/airfiber-x-5-ghz-23-dbi-slant-45-af-5g23-s45\/","url":"https:\/\/conexioneschile.cl\/index.php\/product\/airfiber-x-5-ghz-23-dbi-slant-45-af-5g23-s45\/","name":"airFiber X 5 GHz, 23 dBi, Slant 45 (AF-5G23-S45) - Conexiones Chile","isPartOf":{"@id":"https:\/\/conexioneschile.cl\/#website"},"primaryImageOfPage":{"@id":"https:\/\/conexioneschile.cl\/index.php\/product\/airfiber-x-5-ghz-23-dbi-slant-45-af-5g23-s45\/#primaryimage"},"image":{"@id":"https:\/\/conexioneschile.cl\/index.php\/product\/airfiber-x-5-ghz-23-dbi-slant-45-af-5g23-s45\/#primaryimage"},"thumbnailUrl":"https:\/\/conexioneschile.cl\/wp-content\/uploads\/2025\/07\/airFiber-X-5-GHz-23-dBi-Slant-45-.webp","datePublished":"2025-08-30T19:25:19+00:00","dateModified":"2025-08-30T19:44:07+00:00","breadcrumb":{"@id":"https:\/\/conexioneschile.cl\/index.php\/product\/airfiber-x-5-ghz-23-dbi-slant-45-af-5g23-s45\/#breadcrumb"},"inLanguage":"es","potentialAction":[{"@type":"ReadAction","target":["https:\/\/conexioneschile.cl\/index.php\/product\/airfiber-x-5-ghz-23-dbi-slant-45-af-5g23-s45\/"]}]},{"@type":"ImageObject","inLanguage":"es","@id":"https:\/\/conexioneschile.cl\/index.php\/product\/airfiber-x-5-ghz-23-dbi-slant-45-af-5g23-s45\/#primaryimage","url":"https:\/\/conexioneschile.cl\/wp-content\/uploads\/2025\/07\/airFiber-X-5-GHz-23-dBi-Slant-45-.webp","contentUrl":"https:\/\/conexioneschile.cl\/wp-content\/uploads\/2025\/07\/airFiber-X-5-GHz-23-dBi-Slant-45-.webp","width":1080,"height":1080},{"@type":"BreadcrumbList","@id":"https:\/\/conexioneschile.cl\/index.php\/product\/airfiber-x-5-ghz-23-dbi-slant-45-af-5g23-s45\/#breadcrumb","itemListElement":[{"@type":"ListItem","position":1,"name":"Portada","item":"https:\/\/conexioneschile.cl\/"},{"@type":"ListItem","position":2,"name":"Shop","item":"https:\/\/conexioneschile.cl\/index.php\/shop\/"},{"@type":"ListItem","position":3,"name":"airFiber X 5 GHz, 23 dBi, Slant 45 (AF-5G23-S45)"}]},{"@type":"WebSite","@id":"https:\/\/conexioneschile.cl\/#website","url":"https:\/\/conexioneschile.cl\/","name":"Conexiones Chile","description":"","publisher":{"@id":"https:\/\/conexioneschile.cl\/#organization"},"potentialAction":[{"@type":"SearchAction","target":{"@type":"EntryPoint","urlTemplate":"https:\/\/conexioneschile.cl\/?s={search_term_string}"},"query-input":{"@type":"PropertyValueSpecification","valueRequired":true,"valueName":"search_term_string"}}],"inLanguage":"es"},{"@type":"Organization","@id":"https:\/\/conexioneschile.cl\/#organization","name":"Conexiones Chile","url":"https:\/\/conexioneschile.cl\/","logo":{"@type":"ImageObject","inLanguage":"es","@id":"https:\/\/conexioneschile.cl\/#\/schema\/logo\/image\/","url":"https:\/\/conexioneschile.cl\/wp-content\/uploads\/2025\/09\/cropped-logo-coneexiones.png","contentUrl":"https:\/\/conexioneschile.cl\/wp-content\/uploads\/2025\/09\/cropped-logo-coneexiones.png","width":412,"height":209,"caption":"Conexiones Chile"},"image":{"@id":"https:\/\/conexioneschile.cl\/#\/schema\/logo\/image\/"}}]}},"_links":{"self":[{"href":"https:\/\/conexioneschile.cl\/index.php\/wp-json\/wp\/v2\/product\/24761","targetHints":{"allow":["GET"]}}],"collection":[{"href":"https:\/\/conexioneschile.cl\/index.php\/wp-json\/wp\/v2\/product"}],"about":[{"href":"https:\/\/conexioneschile.cl\/index.php\/wp-json\/wp\/v2\/types\/product"}],"replies":[{"embeddable":true,"href":"https:\/\/conexioneschile.cl\/index.php\/wp-json\/wp\/v2\/comments?post=24761"}],"wp:featuredmedia":[{"embeddable":true,"href":"https:\/\/conexioneschile.cl\/index.php\/wp-json\/wp\/v2\/media\/23893"}],"wp:attachment":[{"href":"https:\/\/conexioneschile.cl\/index.php\/wp-json\/wp\/v2\/media?parent=24761"}],"wp:term":[{"taxonomy":"product_brand","embeddable":true,"href":"https:\/\/conexioneschile.cl\/index.php\/wp-json\/wp\/v2\/product_brand?post=24761"},{"taxonomy":"product_cat","embeddable":true,"href":"https:\/\/conexioneschile.cl\/index.php\/wp-json\/wp\/v2\/product_cat?post=24761"},{"taxonomy":"product_tag","embeddable":true,"href":"https:\/\/conexioneschile.cl\/index.php\/wp-json\/wp\/v2\/product_tag?post=24761"}],"curies":[{"name":"wp","href":"https:\/\/api.w.org\/{rel}","templated":true}]}}