{"id":24831,"date":"2025-08-30T16:26:22","date_gmt":"2025-08-30T19:26:22","guid":{"rendered":"https:\/\/conexioneschile.cl\/index.php\/product\/yealink-telefono-cp965-y-wirelessmic-cpw65-de-conferencia-ip-hd-insignia\/"},"modified":"2025-08-30T16:44:11","modified_gmt":"2025-08-30T19:44:11","slug":"yealink-telefono-cp965-y-wirelessmic-cpw65-de-conferencia-ip-hd-insignia","status":"publish","type":"product","link":"https:\/\/conexioneschile.cl\/index.php\/product\/yealink-telefono-cp965-y-wirelessmic-cpw65-de-conferencia-ip-hd-insignia\/","title":{"rendered":"Yealink Tel\u00e9fono CP965 y WirelessMic CPW65 de Conferencia IP HD Insignia"},"content":{"rendered":"<p>El Yealink CP965 es un tel\u00e9fono de conferencia insignia dise\u00f1ado para ofrecer una experiencia de audio excepcional en salas de conferencias medianas y grandes. Basado en el sistema operativo Android 9.0, este dispositivo combina una interfaz t\u00e1ctil de f\u00e1cil manejo con potentes tecnolog\u00edas de audio, como 13 micr\u00f3fonos distribuidos estrat\u00e9gicamente para captaci\u00f3n de voz omnidireccional y cancelaci\u00f3n de ruido avanzada. Con conectividad Wi-Fi, Bluetooth y USB, el CP965 se adapta perfectamente a entornos de reuniones h\u00edbridos, permitiendo conectar dispositivos m\u00f3viles para facilitar las videoconferencias en m\u00faltiples plataformas.<br \/>\nAdem\u00e1s, su dise\u00f1o elegante y resistente con tejido ac\u00fastico impermeable y una pantalla t\u00e1ctil a prueba de huellas lo hacen ideal para ambientes corporativos. La tecnolog\u00eda de audio HD y el filtrado inteligente de ruido aseguran una calidad de sonido clara y envolvente, mientras que la opci\u00f3n de agregar micr\u00f3fonos inal\u00e1mbricos DECT ampl\u00eda el rango de captaci\u00f3n, permitiendo que todos los participantes sean escuchados con nitidez.<\/p>\n","protected":false},"excerpt":{"rendered":"<p>El Yealink CP965 es un tel\u00e9fono de conferencia insignia dise\u00f1ado para ofrecer una experiencia de audio excepcional en salas de conferencias medianas y grandes. Basado en el sistema operativo Android&#8230;<\/p>\n","protected":false},"featured_media":24828,"comment_status":"open","ping_status":"closed","template":"","meta":[],"product_brand":[163],"product_cat":[234],"product_tag":[],"class_list":{"0":"post-24831","1":"product","2":"type-product","3":"status-publish","4":"has-post-thumbnail","6":"product_brand-yealink","7":"product_cat-audio","9":"first","10":"instock","11":"taxable","12":"shipping-taxable","13":"purchasable","14":"product-type-simple"},"yoast_head":"<!-- This site is optimized with the Yoast SEO plugin v26.6 - https:\/\/yoast.com\/wordpress\/plugins\/seo\/ -->\n<title>Yealink Tel\u00e9fono CP965 y WirelessMic CPW65 de Conferencia IP HD Insignia - Conexiones Chile<\/title>\n<meta name=\"robots\" content=\"index, follow, max-snippet:-1, max-image-preview:large, max-video-preview:-1\" \/>\n<link rel=\"canonical\" href=\"https:\/\/conexioneschile.cl\/index.php\/product\/yealink-telefono-cp965-y-wirelessmic-cpw65-de-conferencia-ip-hd-insignia\/\" \/>\n<meta property=\"og:locale\" content=\"es_ES\" \/>\n<meta property=\"og:type\" content=\"article\" \/>\n<meta property=\"og:title\" content=\"Yealink Tel\u00e9fono CP965 y WirelessMic CPW65 de Conferencia IP HD Insignia - Conexiones Chile\" \/>\n<meta property=\"og:description\" content=\"El Yealink CP965 es un tel\u00e9fono de conferencia insignia dise\u00f1ado para ofrecer una experiencia de audio excepcional en salas de conferencias medianas y grandes. Basado en el sistema operativo Android...\" \/>\n<meta property=\"og:url\" content=\"https:\/\/conexioneschile.cl\/index.php\/product\/yealink-telefono-cp965-y-wirelessmic-cpw65-de-conferencia-ip-hd-insignia\/\" \/>\n<meta property=\"og:site_name\" content=\"Conexiones Chile\" \/>\n<meta property=\"article:modified_time\" content=\"2025-08-30T19:44:11+00:00\" \/>\n<meta property=\"og:image\" content=\"https:\/\/conexioneschile.cl\/wp-content\/uploads\/2025\/08\/CP965-02.webp\" \/>\n\t<meta property=\"og:image:width\" content=\"450\" \/>\n\t<meta property=\"og:image:height\" content=\"450\" \/>\n\t<meta property=\"og:image:type\" content=\"image\/webp\" \/>\n<meta name=\"twitter:card\" content=\"summary_large_image\" \/>\n<meta name=\"twitter:label1\" content=\"Tiempo de lectura\" \/>\n\t<meta name=\"twitter:data1\" content=\"1 minuto\" \/>\n<script type=\"application\/ld+json\" class=\"yoast-schema-graph\">{\"@context\":\"https:\/\/schema.org\",\"@graph\":[{\"@type\":\"WebPage\",\"@id\":\"https:\/\/conexioneschile.cl\/index.php\/product\/yealink-telefono-cp965-y-wirelessmic-cpw65-de-conferencia-ip-hd-insignia\/\",\"url\":\"https:\/\/conexioneschile.cl\/index.php\/product\/yealink-telefono-cp965-y-wirelessmic-cpw65-de-conferencia-ip-hd-insignia\/\",\"name\":\"Yealink Tel\u00e9fono CP965 y WirelessMic CPW65 de Conferencia IP HD Insignia - Conexiones Chile\",\"isPartOf\":{\"@id\":\"https:\/\/conexioneschile.cl\/#website\"},\"primaryImageOfPage\":{\"@id\":\"https:\/\/conexioneschile.cl\/index.php\/product\/yealink-telefono-cp965-y-wirelessmic-cpw65-de-conferencia-ip-hd-insignia\/#primaryimage\"},\"image\":{\"@id\":\"https:\/\/conexioneschile.cl\/index.php\/product\/yealink-telefono-cp965-y-wirelessmic-cpw65-de-conferencia-ip-hd-insignia\/#primaryimage\"},\"thumbnailUrl\":\"https:\/\/conexioneschile.cl\/wp-content\/uploads\/2025\/08\/CP965-02.webp\",\"datePublished\":\"2025-08-30T19:26:22+00:00\",\"dateModified\":\"2025-08-30T19:44:11+00:00\",\"breadcrumb\":{\"@id\":\"https:\/\/conexioneschile.cl\/index.php\/product\/yealink-telefono-cp965-y-wirelessmic-cpw65-de-conferencia-ip-hd-insignia\/#breadcrumb\"},\"inLanguage\":\"es\",\"potentialAction\":[{\"@type\":\"ReadAction\",\"target\":[\"https:\/\/conexioneschile.cl\/index.php\/product\/yealink-telefono-cp965-y-wirelessmic-cpw65-de-conferencia-ip-hd-insignia\/\"]}]},{\"@type\":\"ImageObject\",\"inLanguage\":\"es\",\"@id\":\"https:\/\/conexioneschile.cl\/index.php\/product\/yealink-telefono-cp965-y-wirelessmic-cpw65-de-conferencia-ip-hd-insignia\/#primaryimage\",\"url\":\"https:\/\/conexioneschile.cl\/wp-content\/uploads\/2025\/08\/CP965-02.webp\",\"contentUrl\":\"https:\/\/conexioneschile.cl\/wp-content\/uploads\/2025\/08\/CP965-02.webp\",\"width\":450,\"height\":450},{\"@type\":\"BreadcrumbList\",\"@id\":\"https:\/\/conexioneschile.cl\/index.php\/product\/yealink-telefono-cp965-y-wirelessmic-cpw65-de-conferencia-ip-hd-insignia\/#breadcrumb\",\"itemListElement\":[{\"@type\":\"ListItem\",\"position\":1,\"name\":\"Portada\",\"item\":\"https:\/\/conexioneschile.cl\/\"},{\"@type\":\"ListItem\",\"position\":2,\"name\":\"Shop\",\"item\":\"https:\/\/conexioneschile.cl\/index.php\/shop\/\"},{\"@type\":\"ListItem\",\"position\":3,\"name\":\"Yealink Tel\u00e9fono CP965 y WirelessMic CPW65 de Conferencia IP HD Insignia\"}]},{\"@type\":\"WebSite\",\"@id\":\"https:\/\/conexioneschile.cl\/#website\",\"url\":\"https:\/\/conexioneschile.cl\/\",\"name\":\"Conexiones Chile\",\"description\":\"\",\"publisher\":{\"@id\":\"https:\/\/conexioneschile.cl\/#organization\"},\"potentialAction\":[{\"@type\":\"SearchAction\",\"target\":{\"@type\":\"EntryPoint\",\"urlTemplate\":\"https:\/\/conexioneschile.cl\/?s={search_term_string}\"},\"query-input\":{\"@type\":\"PropertyValueSpecification\",\"valueRequired\":true,\"valueName\":\"search_term_string\"}}],\"inLanguage\":\"es\"},{\"@type\":\"Organization\",\"@id\":\"https:\/\/conexioneschile.cl\/#organization\",\"name\":\"Conexiones Chile\",\"url\":\"https:\/\/conexioneschile.cl\/\",\"logo\":{\"@type\":\"ImageObject\",\"inLanguage\":\"es\",\"@id\":\"https:\/\/conexioneschile.cl\/#\/schema\/logo\/image\/\",\"url\":\"https:\/\/conexioneschile.cl\/wp-content\/uploads\/2025\/09\/cropped-logo-coneexiones.png\",\"contentUrl\":\"https:\/\/conexioneschile.cl\/wp-content\/uploads\/2025\/09\/cropped-logo-coneexiones.png\",\"width\":412,\"height\":209,\"caption\":\"Conexiones Chile\"},\"image\":{\"@id\":\"https:\/\/conexioneschile.cl\/#\/schema\/logo\/image\/\"}}]}<\/script>\n<!-- \/ Yoast SEO plugin. -->","yoast_head_json":{"title":"Yealink Tel\u00e9fono CP965 y WirelessMic CPW65 de Conferencia IP HD Insignia - Conexiones Chile","robots":{"index":"index","follow":"follow","max-snippet":"max-snippet:-1","max-image-preview":"max-image-preview:large","max-video-preview":"max-video-preview:-1"},"canonical":"https:\/\/conexioneschile.cl\/index.php\/product\/yealink-telefono-cp965-y-wirelessmic-cpw65-de-conferencia-ip-hd-insignia\/","og_locale":"es_ES","og_type":"article","og_title":"Yealink Tel\u00e9fono CP965 y WirelessMic CPW65 de Conferencia IP HD Insignia - Conexiones Chile","og_description":"El Yealink CP965 es un tel\u00e9fono de conferencia insignia dise\u00f1ado para ofrecer una experiencia de audio excepcional en salas de conferencias medianas y grandes. Basado en el sistema operativo Android...","og_url":"https:\/\/conexioneschile.cl\/index.php\/product\/yealink-telefono-cp965-y-wirelessmic-cpw65-de-conferencia-ip-hd-insignia\/","og_site_name":"Conexiones Chile","article_modified_time":"2025-08-30T19:44:11+00:00","og_image":[{"width":450,"height":450,"url":"https:\/\/conexioneschile.cl\/wp-content\/uploads\/2025\/08\/CP965-02.webp","type":"image\/webp"}],"twitter_card":"summary_large_image","twitter_misc":{"Tiempo de lectura":"1 minuto"},"schema":{"@context":"https:\/\/schema.org","@graph":[{"@type":"WebPage","@id":"https:\/\/conexioneschile.cl\/index.php\/product\/yealink-telefono-cp965-y-wirelessmic-cpw65-de-conferencia-ip-hd-insignia\/","url":"https:\/\/conexioneschile.cl\/index.php\/product\/yealink-telefono-cp965-y-wirelessmic-cpw65-de-conferencia-ip-hd-insignia\/","name":"Yealink Tel\u00e9fono CP965 y WirelessMic CPW65 de Conferencia IP HD Insignia - Conexiones Chile","isPartOf":{"@id":"https:\/\/conexioneschile.cl\/#website"},"primaryImageOfPage":{"@id":"https:\/\/conexioneschile.cl\/index.php\/product\/yealink-telefono-cp965-y-wirelessmic-cpw65-de-conferencia-ip-hd-insignia\/#primaryimage"},"image":{"@id":"https:\/\/conexioneschile.cl\/index.php\/product\/yealink-telefono-cp965-y-wirelessmic-cpw65-de-conferencia-ip-hd-insignia\/#primaryimage"},"thumbnailUrl":"https:\/\/conexioneschile.cl\/wp-content\/uploads\/2025\/08\/CP965-02.webp","datePublished":"2025-08-30T19:26:22+00:00","dateModified":"2025-08-30T19:44:11+00:00","breadcrumb":{"@id":"https:\/\/conexioneschile.cl\/index.php\/product\/yealink-telefono-cp965-y-wirelessmic-cpw65-de-conferencia-ip-hd-insignia\/#breadcrumb"},"inLanguage":"es","potentialAction":[{"@type":"ReadAction","target":["https:\/\/conexioneschile.cl\/index.php\/product\/yealink-telefono-cp965-y-wirelessmic-cpw65-de-conferencia-ip-hd-insignia\/"]}]},{"@type":"ImageObject","inLanguage":"es","@id":"https:\/\/conexioneschile.cl\/index.php\/product\/yealink-telefono-cp965-y-wirelessmic-cpw65-de-conferencia-ip-hd-insignia\/#primaryimage","url":"https:\/\/conexioneschile.cl\/wp-content\/uploads\/2025\/08\/CP965-02.webp","contentUrl":"https:\/\/conexioneschile.cl\/wp-content\/uploads\/2025\/08\/CP965-02.webp","width":450,"height":450},{"@type":"BreadcrumbList","@id":"https:\/\/conexioneschile.cl\/index.php\/product\/yealink-telefono-cp965-y-wirelessmic-cpw65-de-conferencia-ip-hd-insignia\/#breadcrumb","itemListElement":[{"@type":"ListItem","position":1,"name":"Portada","item":"https:\/\/conexioneschile.cl\/"},{"@type":"ListItem","position":2,"name":"Shop","item":"https:\/\/conexioneschile.cl\/index.php\/shop\/"},{"@type":"ListItem","position":3,"name":"Yealink Tel\u00e9fono CP965 y WirelessMic CPW65 de Conferencia IP HD Insignia"}]},{"@type":"WebSite","@id":"https:\/\/conexioneschile.cl\/#website","url":"https:\/\/conexioneschile.cl\/","name":"Conexiones Chile","description":"","publisher":{"@id":"https:\/\/conexioneschile.cl\/#organization"},"potentialAction":[{"@type":"SearchAction","target":{"@type":"EntryPoint","urlTemplate":"https:\/\/conexioneschile.cl\/?s={search_term_string}"},"query-input":{"@type":"PropertyValueSpecification","valueRequired":true,"valueName":"search_term_string"}}],"inLanguage":"es"},{"@type":"Organization","@id":"https:\/\/conexioneschile.cl\/#organization","name":"Conexiones Chile","url":"https:\/\/conexioneschile.cl\/","logo":{"@type":"ImageObject","inLanguage":"es","@id":"https:\/\/conexioneschile.cl\/#\/schema\/logo\/image\/","url":"https:\/\/conexioneschile.cl\/wp-content\/uploads\/2025\/09\/cropped-logo-coneexiones.png","contentUrl":"https:\/\/conexioneschile.cl\/wp-content\/uploads\/2025\/09\/cropped-logo-coneexiones.png","width":412,"height":209,"caption":"Conexiones Chile"},"image":{"@id":"https:\/\/conexioneschile.cl\/#\/schema\/logo\/image\/"}}]}},"_links":{"self":[{"href":"https:\/\/conexioneschile.cl\/index.php\/wp-json\/wp\/v2\/product\/24831","targetHints":{"allow":["GET"]}}],"collection":[{"href":"https:\/\/conexioneschile.cl\/index.php\/wp-json\/wp\/v2\/product"}],"about":[{"href":"https:\/\/conexioneschile.cl\/index.php\/wp-json\/wp\/v2\/types\/product"}],"replies":[{"embeddable":true,"href":"https:\/\/conexioneschile.cl\/index.php\/wp-json\/wp\/v2\/comments?post=24831"}],"wp:featuredmedia":[{"embeddable":true,"href":"https:\/\/conexioneschile.cl\/index.php\/wp-json\/wp\/v2\/media\/24828"}],"wp:attachment":[{"href":"https:\/\/conexioneschile.cl\/index.php\/wp-json\/wp\/v2\/media?parent=24831"}],"wp:term":[{"taxonomy":"product_brand","embeddable":true,"href":"https:\/\/conexioneschile.cl\/index.php\/wp-json\/wp\/v2\/product_brand?post=24831"},{"taxonomy":"product_cat","embeddable":true,"href":"https:\/\/conexioneschile.cl\/index.php\/wp-json\/wp\/v2\/product_cat?post=24831"},{"taxonomy":"product_tag","embeddable":true,"href":"https:\/\/conexioneschile.cl\/index.php\/wp-json\/wp\/v2\/product_tag?post=24831"}],"curies":[{"name":"wp","href":"https:\/\/api.w.org\/{rel}","templated":true}]}}