{"id":24865,"date":"2025-08-30T16:27:25","date_gmt":"2025-08-30T19:27:25","guid":{"rendered":"https:\/\/conexioneschile.cl\/index.php\/product\/enersafe-ups-esol-rth-c-lr-2kva-long-run\/"},"modified":"2025-08-30T16:44:13","modified_gmt":"2025-08-30T19:44:13","slug":"enersafe-ups-esol-rth-c-lr-2kva-long-run","status":"publish","type":"product","link":"https:\/\/conexioneschile.cl\/index.php\/product\/enersafe-ups-esol-rth-c-lr-2kva-long-run\/","title":{"rendered":"Enersafe UPS ESOL RTH-C LR 2KVA (Long Run)"},"content":{"rendered":"<p>La Enersafe UPS ESOL RTH-C LR 2KVA (Long Run) es una soluci\u00f3n de respaldo energ\u00e9tico potente, con 2000VA \/ 1800W, dise\u00f1ada para adaptarse a ambientes que requieren larga autonom\u00eda. Este modelo monof\u00e1sico (1:1) permite la personalizaci\u00f3n de la autonom\u00eda mediante la adquisici\u00f3n de bancos de bater\u00edas externos, proporcionando flexibilidad seg\u00fan las necesidades de carga y tiempo de respaldo. Equipado con un cargador de 12A, ofrece la capacidad de cargar r\u00e1pidamente las bater\u00edas externas, lo que garantiza un rendimiento \u00f3ptimo para aplicaciones de alto consumo energ\u00e9tico. La pantalla LCD de 2 posiciones proporciona una visualizaci\u00f3n clara y detallada de los par\u00e1metros en tiempo real, lo que facilita el monitoreo y control de la UPS. La Enersafe UPS ESOL RTH-C LR 2KVA se instala con facilidad tanto en formato rack como en torre, gracias a su 2U de espacio en Rack, asegurando versatilidad en la instalaci\u00f3n dependiendo del espacio disponible. Al igual que otros modelos Long Run, este equipo no incluye bater\u00edas, lo que le permite dimensionar y personalizar el sistema de bater\u00edas de acuerdo a sus requerimientos espec\u00edficos.<\/p>\n","protected":false},"excerpt":{"rendered":"<p>La Enersafe UPS ESOL RTH-C LR 2KVA (Long Run) es una soluci\u00f3n de respaldo energ\u00e9tico potente, con 2000VA \/ 1800W, dise\u00f1ada para adaptarse a ambientes que requieren larga autonom\u00eda. Este&#8230;<\/p>\n","protected":false},"featured_media":24864,"comment_status":"open","ping_status":"closed","template":"","meta":[],"product_brand":[184],"product_cat":[257],"product_tag":[],"class_list":{"0":"post-24865","1":"product","2":"type-product","3":"status-publish","4":"has-post-thumbnail","6":"product_brand-enersafe","7":"product_cat-online","9":"first","10":"instock","11":"taxable","12":"shipping-taxable","13":"purchasable","14":"product-type-simple"},"yoast_head":"<!-- This site is optimized with the Yoast SEO plugin v26.6 - https:\/\/yoast.com\/wordpress\/plugins\/seo\/ -->\n<title>Enersafe UPS ESOL RTH-C LR 2KVA (Long Run) - Conexiones Chile<\/title>\n<meta name=\"robots\" content=\"index, follow, max-snippet:-1, max-image-preview:large, max-video-preview:-1\" \/>\n<link rel=\"canonical\" href=\"https:\/\/conexioneschile.cl\/index.php\/product\/enersafe-ups-esol-rth-c-lr-2kva-long-run\/\" \/>\n<meta property=\"og:locale\" content=\"es_ES\" \/>\n<meta property=\"og:type\" content=\"article\" \/>\n<meta property=\"og:title\" content=\"Enersafe UPS ESOL RTH-C LR 2KVA (Long Run) - Conexiones Chile\" \/>\n<meta property=\"og:description\" content=\"La Enersafe UPS ESOL RTH-C LR 2KVA (Long Run) es una soluci\u00f3n de respaldo energ\u00e9tico potente, con 2000VA \/ 1800W, dise\u00f1ada para adaptarse a ambientes que requieren larga autonom\u00eda. Este...\" \/>\n<meta property=\"og:url\" content=\"https:\/\/conexioneschile.cl\/index.php\/product\/enersafe-ups-esol-rth-c-lr-2kva-long-run\/\" \/>\n<meta property=\"og:site_name\" content=\"Conexiones Chile\" \/>\n<meta property=\"article:modified_time\" content=\"2025-08-30T19:44:13+00:00\" \/>\n<meta property=\"og:image\" content=\"https:\/\/conexioneschile.cl\/wp-content\/uploads\/2025\/08\/Enersafe42-.2.webp\" \/>\n\t<meta property=\"og:image:width\" content=\"2462\" \/>\n\t<meta property=\"og:image:height\" content=\"2462\" \/>\n\t<meta property=\"og:image:type\" content=\"image\/webp\" \/>\n<meta name=\"twitter:card\" content=\"summary_large_image\" \/>\n<meta name=\"twitter:label1\" content=\"Tiempo de lectura\" \/>\n\t<meta name=\"twitter:data1\" content=\"1 minuto\" \/>\n<script type=\"application\/ld+json\" class=\"yoast-schema-graph\">{\"@context\":\"https:\/\/schema.org\",\"@graph\":[{\"@type\":\"WebPage\",\"@id\":\"https:\/\/conexioneschile.cl\/index.php\/product\/enersafe-ups-esol-rth-c-lr-2kva-long-run\/\",\"url\":\"https:\/\/conexioneschile.cl\/index.php\/product\/enersafe-ups-esol-rth-c-lr-2kva-long-run\/\",\"name\":\"Enersafe UPS ESOL RTH-C LR 2KVA (Long Run) - Conexiones Chile\",\"isPartOf\":{\"@id\":\"https:\/\/conexioneschile.cl\/#website\"},\"primaryImageOfPage\":{\"@id\":\"https:\/\/conexioneschile.cl\/index.php\/product\/enersafe-ups-esol-rth-c-lr-2kva-long-run\/#primaryimage\"},\"image\":{\"@id\":\"https:\/\/conexioneschile.cl\/index.php\/product\/enersafe-ups-esol-rth-c-lr-2kva-long-run\/#primaryimage\"},\"thumbnailUrl\":\"https:\/\/conexioneschile.cl\/wp-content\/uploads\/2025\/08\/Enersafe42-.2.webp\",\"datePublished\":\"2025-08-30T19:27:25+00:00\",\"dateModified\":\"2025-08-30T19:44:13+00:00\",\"breadcrumb\":{\"@id\":\"https:\/\/conexioneschile.cl\/index.php\/product\/enersafe-ups-esol-rth-c-lr-2kva-long-run\/#breadcrumb\"},\"inLanguage\":\"es\",\"potentialAction\":[{\"@type\":\"ReadAction\",\"target\":[\"https:\/\/conexioneschile.cl\/index.php\/product\/enersafe-ups-esol-rth-c-lr-2kva-long-run\/\"]}]},{\"@type\":\"ImageObject\",\"inLanguage\":\"es\",\"@id\":\"https:\/\/conexioneschile.cl\/index.php\/product\/enersafe-ups-esol-rth-c-lr-2kva-long-run\/#primaryimage\",\"url\":\"https:\/\/conexioneschile.cl\/wp-content\/uploads\/2025\/08\/Enersafe42-.2.webp\",\"contentUrl\":\"https:\/\/conexioneschile.cl\/wp-content\/uploads\/2025\/08\/Enersafe42-.2.webp\",\"width\":2462,\"height\":2462},{\"@type\":\"BreadcrumbList\",\"@id\":\"https:\/\/conexioneschile.cl\/index.php\/product\/enersafe-ups-esol-rth-c-lr-2kva-long-run\/#breadcrumb\",\"itemListElement\":[{\"@type\":\"ListItem\",\"position\":1,\"name\":\"Portada\",\"item\":\"https:\/\/conexioneschile.cl\/\"},{\"@type\":\"ListItem\",\"position\":2,\"name\":\"Shop\",\"item\":\"https:\/\/conexioneschile.cl\/index.php\/shop\/\"},{\"@type\":\"ListItem\",\"position\":3,\"name\":\"Enersafe UPS ESOL RTH-C LR 2KVA (Long Run)\"}]},{\"@type\":\"WebSite\",\"@id\":\"https:\/\/conexioneschile.cl\/#website\",\"url\":\"https:\/\/conexioneschile.cl\/\",\"name\":\"Conexiones Chile\",\"description\":\"\",\"publisher\":{\"@id\":\"https:\/\/conexioneschile.cl\/#organization\"},\"potentialAction\":[{\"@type\":\"SearchAction\",\"target\":{\"@type\":\"EntryPoint\",\"urlTemplate\":\"https:\/\/conexioneschile.cl\/?s={search_term_string}\"},\"query-input\":{\"@type\":\"PropertyValueSpecification\",\"valueRequired\":true,\"valueName\":\"search_term_string\"}}],\"inLanguage\":\"es\"},{\"@type\":\"Organization\",\"@id\":\"https:\/\/conexioneschile.cl\/#organization\",\"name\":\"Conexiones Chile\",\"url\":\"https:\/\/conexioneschile.cl\/\",\"logo\":{\"@type\":\"ImageObject\",\"inLanguage\":\"es\",\"@id\":\"https:\/\/conexioneschile.cl\/#\/schema\/logo\/image\/\",\"url\":\"https:\/\/conexioneschile.cl\/wp-content\/uploads\/2025\/09\/cropped-logo-coneexiones.png\",\"contentUrl\":\"https:\/\/conexioneschile.cl\/wp-content\/uploads\/2025\/09\/cropped-logo-coneexiones.png\",\"width\":412,\"height\":209,\"caption\":\"Conexiones Chile\"},\"image\":{\"@id\":\"https:\/\/conexioneschile.cl\/#\/schema\/logo\/image\/\"}}]}<\/script>\n<!-- \/ Yoast SEO plugin. -->","yoast_head_json":{"title":"Enersafe UPS ESOL RTH-C LR 2KVA (Long Run) - Conexiones Chile","robots":{"index":"index","follow":"follow","max-snippet":"max-snippet:-1","max-image-preview":"max-image-preview:large","max-video-preview":"max-video-preview:-1"},"canonical":"https:\/\/conexioneschile.cl\/index.php\/product\/enersafe-ups-esol-rth-c-lr-2kva-long-run\/","og_locale":"es_ES","og_type":"article","og_title":"Enersafe UPS ESOL RTH-C LR 2KVA (Long Run) - Conexiones Chile","og_description":"La Enersafe UPS ESOL RTH-C LR 2KVA (Long Run) es una soluci\u00f3n de respaldo energ\u00e9tico potente, con 2000VA \/ 1800W, dise\u00f1ada para adaptarse a ambientes que requieren larga autonom\u00eda. Este...","og_url":"https:\/\/conexioneschile.cl\/index.php\/product\/enersafe-ups-esol-rth-c-lr-2kva-long-run\/","og_site_name":"Conexiones Chile","article_modified_time":"2025-08-30T19:44:13+00:00","og_image":[{"width":2462,"height":2462,"url":"https:\/\/conexioneschile.cl\/wp-content\/uploads\/2025\/08\/Enersafe42-.2.webp","type":"image\/webp"}],"twitter_card":"summary_large_image","twitter_misc":{"Tiempo de lectura":"1 minuto"},"schema":{"@context":"https:\/\/schema.org","@graph":[{"@type":"WebPage","@id":"https:\/\/conexioneschile.cl\/index.php\/product\/enersafe-ups-esol-rth-c-lr-2kva-long-run\/","url":"https:\/\/conexioneschile.cl\/index.php\/product\/enersafe-ups-esol-rth-c-lr-2kva-long-run\/","name":"Enersafe UPS ESOL RTH-C LR 2KVA (Long Run) - Conexiones Chile","isPartOf":{"@id":"https:\/\/conexioneschile.cl\/#website"},"primaryImageOfPage":{"@id":"https:\/\/conexioneschile.cl\/index.php\/product\/enersafe-ups-esol-rth-c-lr-2kva-long-run\/#primaryimage"},"image":{"@id":"https:\/\/conexioneschile.cl\/index.php\/product\/enersafe-ups-esol-rth-c-lr-2kva-long-run\/#primaryimage"},"thumbnailUrl":"https:\/\/conexioneschile.cl\/wp-content\/uploads\/2025\/08\/Enersafe42-.2.webp","datePublished":"2025-08-30T19:27:25+00:00","dateModified":"2025-08-30T19:44:13+00:00","breadcrumb":{"@id":"https:\/\/conexioneschile.cl\/index.php\/product\/enersafe-ups-esol-rth-c-lr-2kva-long-run\/#breadcrumb"},"inLanguage":"es","potentialAction":[{"@type":"ReadAction","target":["https:\/\/conexioneschile.cl\/index.php\/product\/enersafe-ups-esol-rth-c-lr-2kva-long-run\/"]}]},{"@type":"ImageObject","inLanguage":"es","@id":"https:\/\/conexioneschile.cl\/index.php\/product\/enersafe-ups-esol-rth-c-lr-2kva-long-run\/#primaryimage","url":"https:\/\/conexioneschile.cl\/wp-content\/uploads\/2025\/08\/Enersafe42-.2.webp","contentUrl":"https:\/\/conexioneschile.cl\/wp-content\/uploads\/2025\/08\/Enersafe42-.2.webp","width":2462,"height":2462},{"@type":"BreadcrumbList","@id":"https:\/\/conexioneschile.cl\/index.php\/product\/enersafe-ups-esol-rth-c-lr-2kva-long-run\/#breadcrumb","itemListElement":[{"@type":"ListItem","position":1,"name":"Portada","item":"https:\/\/conexioneschile.cl\/"},{"@type":"ListItem","position":2,"name":"Shop","item":"https:\/\/conexioneschile.cl\/index.php\/shop\/"},{"@type":"ListItem","position":3,"name":"Enersafe UPS ESOL RTH-C LR 2KVA (Long Run)"}]},{"@type":"WebSite","@id":"https:\/\/conexioneschile.cl\/#website","url":"https:\/\/conexioneschile.cl\/","name":"Conexiones Chile","description":"","publisher":{"@id":"https:\/\/conexioneschile.cl\/#organization"},"potentialAction":[{"@type":"SearchAction","target":{"@type":"EntryPoint","urlTemplate":"https:\/\/conexioneschile.cl\/?s={search_term_string}"},"query-input":{"@type":"PropertyValueSpecification","valueRequired":true,"valueName":"search_term_string"}}],"inLanguage":"es"},{"@type":"Organization","@id":"https:\/\/conexioneschile.cl\/#organization","name":"Conexiones Chile","url":"https:\/\/conexioneschile.cl\/","logo":{"@type":"ImageObject","inLanguage":"es","@id":"https:\/\/conexioneschile.cl\/#\/schema\/logo\/image\/","url":"https:\/\/conexioneschile.cl\/wp-content\/uploads\/2025\/09\/cropped-logo-coneexiones.png","contentUrl":"https:\/\/conexioneschile.cl\/wp-content\/uploads\/2025\/09\/cropped-logo-coneexiones.png","width":412,"height":209,"caption":"Conexiones Chile"},"image":{"@id":"https:\/\/conexioneschile.cl\/#\/schema\/logo\/image\/"}}]}},"_links":{"self":[{"href":"https:\/\/conexioneschile.cl\/index.php\/wp-json\/wp\/v2\/product\/24865","targetHints":{"allow":["GET"]}}],"collection":[{"href":"https:\/\/conexioneschile.cl\/index.php\/wp-json\/wp\/v2\/product"}],"about":[{"href":"https:\/\/conexioneschile.cl\/index.php\/wp-json\/wp\/v2\/types\/product"}],"replies":[{"embeddable":true,"href":"https:\/\/conexioneschile.cl\/index.php\/wp-json\/wp\/v2\/comments?post=24865"}],"wp:featuredmedia":[{"embeddable":true,"href":"https:\/\/conexioneschile.cl\/index.php\/wp-json\/wp\/v2\/media\/24864"}],"wp:attachment":[{"href":"https:\/\/conexioneschile.cl\/index.php\/wp-json\/wp\/v2\/media?parent=24865"}],"wp:term":[{"taxonomy":"product_brand","embeddable":true,"href":"https:\/\/conexioneschile.cl\/index.php\/wp-json\/wp\/v2\/product_brand?post=24865"},{"taxonomy":"product_cat","embeddable":true,"href":"https:\/\/conexioneschile.cl\/index.php\/wp-json\/wp\/v2\/product_cat?post=24865"},{"taxonomy":"product_tag","embeddable":true,"href":"https:\/\/conexioneschile.cl\/index.php\/wp-json\/wp\/v2\/product_tag?post=24865"}],"curies":[{"name":"wp","href":"https:\/\/api.w.org\/{rel}","templated":true}]}}