{"id":24871,"date":"2025-08-30T16:27:29","date_gmt":"2025-08-30T19:27:29","guid":{"rendered":"https:\/\/conexioneschile.cl\/index.php\/product\/modulo-de-expansion-lcd-exp-50\/"},"modified":"2025-08-30T16:44:13","modified_gmt":"2025-08-30T19:44:13","slug":"modulo-de-expansion-lcd-exp-50","status":"publish","type":"product","link":"https:\/\/conexioneschile.cl\/index.php\/product\/modulo-de-expansion-lcd-exp-50\/","title":{"rendered":"M\u00f3dulo de expansi\u00f3n LCD EXP-50"},"content":{"rendered":"<p>El m\u00f3dulo de expansi\u00f3n de pantalla a color Yealink EXP50 para tel\u00e9fonos IP Yealink T53\/T53W\/T54W\/T57W\/T58A est\u00e1 dise\u00f1ado para expandir la capacidad funcional de su tel\u00e9fono SIP a un nivel completamente nuevo. Cuenta con una gran pantalla LCD a color de 4,3 pulgadas, que le brinda una experiencia visual v\u00edvida. Adem\u00e1s, le brinda una interfaz de usuario simple y capacidades avanzadas de manejo de llamadas. Por ejemplo,<br \/>\ntres p\u00e1ginas de 20 botones flexibles que se muestran en la pantalla se pueden programar hasta 60 funciones diferentes.<\/p>\n<p>La funcionalidad de los tel\u00e9fonos IP Yealink T53\/T53W\/T54W\/T57W\/T58A tambi\u00e9n se ampliar\u00e1 con el EXP50, puede configurar las teclas de l\u00ednea multifuncionales proporcionadas como BLF, marcaci\u00f3n r\u00e1pida, desv\u00edo de llamadas, transferencia, estacionamiento de llamadas, captura de llamadas , etc. El m\u00f3dulo de expansi\u00f3n de pantalla a color Yealink EXP50 es una soluci\u00f3n ideal para recepcionistas, asistentes administrativos y trabajadores de centros de contacto y le brinda la capacidad de monitorear contactos y administrar un gran volumen de llamadas con facilidad.<\/p>\n","protected":false},"excerpt":{"rendered":"<p>El m\u00f3dulo de expansi\u00f3n de pantalla a color Yealink EXP50 para tel\u00e9fonos IP Yealink T53\/T53W\/T54W\/T57W\/T58A est\u00e1 dise\u00f1ado para expandir la capacidad funcional de su tel\u00e9fono SIP a un nivel completamente&#8230;<\/p>\n","protected":false},"featured_media":24870,"comment_status":"open","ping_status":"closed","template":"","meta":[],"product_brand":[163],"product_cat":[266],"product_tag":[],"class_list":{"0":"post-24871","1":"product","2":"type-product","3":"status-publish","4":"has-post-thumbnail","6":"product_brand-yealink","7":"product_cat-telefonia","9":"first","10":"instock","11":"taxable","12":"shipping-taxable","13":"purchasable","14":"product-type-simple"},"yoast_head":"<!-- This site is optimized with the Yoast SEO plugin v26.6 - https:\/\/yoast.com\/wordpress\/plugins\/seo\/ -->\n<title>M\u00f3dulo de expansi\u00f3n LCD EXP-50 - Conexiones Chile<\/title>\n<meta name=\"robots\" content=\"index, follow, max-snippet:-1, max-image-preview:large, max-video-preview:-1\" \/>\n<link rel=\"canonical\" href=\"https:\/\/conexioneschile.cl\/index.php\/product\/modulo-de-expansion-lcd-exp-50\/\" \/>\n<meta property=\"og:locale\" content=\"es_ES\" \/>\n<meta property=\"og:type\" content=\"article\" \/>\n<meta property=\"og:title\" content=\"M\u00f3dulo de expansi\u00f3n LCD EXP-50 - Conexiones Chile\" \/>\n<meta property=\"og:description\" content=\"El m\u00f3dulo de expansi\u00f3n de pantalla a color Yealink EXP50 para tel\u00e9fonos IP Yealink T53\/T53W\/T54W\/T57W\/T58A est\u00e1 dise\u00f1ado para expandir la capacidad funcional de su tel\u00e9fono SIP a un nivel completamente...\" \/>\n<meta property=\"og:url\" content=\"https:\/\/conexioneschile.cl\/index.php\/product\/modulo-de-expansion-lcd-exp-50\/\" \/>\n<meta property=\"og:site_name\" content=\"Conexiones Chile\" \/>\n<meta property=\"article:modified_time\" content=\"2025-08-30T19:44:13+00:00\" \/>\n<meta property=\"og:image\" content=\"https:\/\/conexioneschile.cl\/wp-content\/uploads\/2025\/08\/EXP50-03.webp\" \/>\n\t<meta property=\"og:image:width\" content=\"800\" \/>\n\t<meta property=\"og:image:height\" content=\"800\" \/>\n\t<meta property=\"og:image:type\" content=\"image\/webp\" \/>\n<meta name=\"twitter:card\" content=\"summary_large_image\" \/>\n<meta name=\"twitter:label1\" content=\"Tiempo de lectura\" \/>\n\t<meta name=\"twitter:data1\" content=\"1 minuto\" \/>\n<script type=\"application\/ld+json\" class=\"yoast-schema-graph\">{\"@context\":\"https:\/\/schema.org\",\"@graph\":[{\"@type\":\"WebPage\",\"@id\":\"https:\/\/conexioneschile.cl\/index.php\/product\/modulo-de-expansion-lcd-exp-50\/\",\"url\":\"https:\/\/conexioneschile.cl\/index.php\/product\/modulo-de-expansion-lcd-exp-50\/\",\"name\":\"M\u00f3dulo de expansi\u00f3n LCD EXP-50 - Conexiones Chile\",\"isPartOf\":{\"@id\":\"https:\/\/conexioneschile.cl\/#website\"},\"primaryImageOfPage\":{\"@id\":\"https:\/\/conexioneschile.cl\/index.php\/product\/modulo-de-expansion-lcd-exp-50\/#primaryimage\"},\"image\":{\"@id\":\"https:\/\/conexioneschile.cl\/index.php\/product\/modulo-de-expansion-lcd-exp-50\/#primaryimage\"},\"thumbnailUrl\":\"https:\/\/conexioneschile.cl\/wp-content\/uploads\/2025\/08\/EXP50-03.webp\",\"datePublished\":\"2025-08-30T19:27:29+00:00\",\"dateModified\":\"2025-08-30T19:44:13+00:00\",\"breadcrumb\":{\"@id\":\"https:\/\/conexioneschile.cl\/index.php\/product\/modulo-de-expansion-lcd-exp-50\/#breadcrumb\"},\"inLanguage\":\"es\",\"potentialAction\":[{\"@type\":\"ReadAction\",\"target\":[\"https:\/\/conexioneschile.cl\/index.php\/product\/modulo-de-expansion-lcd-exp-50\/\"]}]},{\"@type\":\"ImageObject\",\"inLanguage\":\"es\",\"@id\":\"https:\/\/conexioneschile.cl\/index.php\/product\/modulo-de-expansion-lcd-exp-50\/#primaryimage\",\"url\":\"https:\/\/conexioneschile.cl\/wp-content\/uploads\/2025\/08\/EXP50-03.webp\",\"contentUrl\":\"https:\/\/conexioneschile.cl\/wp-content\/uploads\/2025\/08\/EXP50-03.webp\",\"width\":800,\"height\":800},{\"@type\":\"BreadcrumbList\",\"@id\":\"https:\/\/conexioneschile.cl\/index.php\/product\/modulo-de-expansion-lcd-exp-50\/#breadcrumb\",\"itemListElement\":[{\"@type\":\"ListItem\",\"position\":1,\"name\":\"Portada\",\"item\":\"https:\/\/conexioneschile.cl\/\"},{\"@type\":\"ListItem\",\"position\":2,\"name\":\"Shop\",\"item\":\"https:\/\/conexioneschile.cl\/index.php\/shop\/\"},{\"@type\":\"ListItem\",\"position\":3,\"name\":\"M\u00f3dulo de expansi\u00f3n LCD EXP-50\"}]},{\"@type\":\"WebSite\",\"@id\":\"https:\/\/conexioneschile.cl\/#website\",\"url\":\"https:\/\/conexioneschile.cl\/\",\"name\":\"Conexiones Chile\",\"description\":\"\",\"publisher\":{\"@id\":\"https:\/\/conexioneschile.cl\/#organization\"},\"potentialAction\":[{\"@type\":\"SearchAction\",\"target\":{\"@type\":\"EntryPoint\",\"urlTemplate\":\"https:\/\/conexioneschile.cl\/?s={search_term_string}\"},\"query-input\":{\"@type\":\"PropertyValueSpecification\",\"valueRequired\":true,\"valueName\":\"search_term_string\"}}],\"inLanguage\":\"es\"},{\"@type\":\"Organization\",\"@id\":\"https:\/\/conexioneschile.cl\/#organization\",\"name\":\"Conexiones Chile\",\"url\":\"https:\/\/conexioneschile.cl\/\",\"logo\":{\"@type\":\"ImageObject\",\"inLanguage\":\"es\",\"@id\":\"https:\/\/conexioneschile.cl\/#\/schema\/logo\/image\/\",\"url\":\"https:\/\/conexioneschile.cl\/wp-content\/uploads\/2025\/09\/cropped-logo-coneexiones.png\",\"contentUrl\":\"https:\/\/conexioneschile.cl\/wp-content\/uploads\/2025\/09\/cropped-logo-coneexiones.png\",\"width\":412,\"height\":209,\"caption\":\"Conexiones Chile\"},\"image\":{\"@id\":\"https:\/\/conexioneschile.cl\/#\/schema\/logo\/image\/\"}}]}<\/script>\n<!-- \/ Yoast SEO plugin. -->","yoast_head_json":{"title":"M\u00f3dulo de expansi\u00f3n LCD EXP-50 - Conexiones Chile","robots":{"index":"index","follow":"follow","max-snippet":"max-snippet:-1","max-image-preview":"max-image-preview:large","max-video-preview":"max-video-preview:-1"},"canonical":"https:\/\/conexioneschile.cl\/index.php\/product\/modulo-de-expansion-lcd-exp-50\/","og_locale":"es_ES","og_type":"article","og_title":"M\u00f3dulo de expansi\u00f3n LCD EXP-50 - Conexiones Chile","og_description":"El m\u00f3dulo de expansi\u00f3n de pantalla a color Yealink EXP50 para tel\u00e9fonos IP Yealink T53\/T53W\/T54W\/T57W\/T58A est\u00e1 dise\u00f1ado para expandir la capacidad funcional de su tel\u00e9fono SIP a un nivel completamente...","og_url":"https:\/\/conexioneschile.cl\/index.php\/product\/modulo-de-expansion-lcd-exp-50\/","og_site_name":"Conexiones Chile","article_modified_time":"2025-08-30T19:44:13+00:00","og_image":[{"width":800,"height":800,"url":"https:\/\/conexioneschile.cl\/wp-content\/uploads\/2025\/08\/EXP50-03.webp","type":"image\/webp"}],"twitter_card":"summary_large_image","twitter_misc":{"Tiempo de lectura":"1 minuto"},"schema":{"@context":"https:\/\/schema.org","@graph":[{"@type":"WebPage","@id":"https:\/\/conexioneschile.cl\/index.php\/product\/modulo-de-expansion-lcd-exp-50\/","url":"https:\/\/conexioneschile.cl\/index.php\/product\/modulo-de-expansion-lcd-exp-50\/","name":"M\u00f3dulo de expansi\u00f3n LCD EXP-50 - Conexiones Chile","isPartOf":{"@id":"https:\/\/conexioneschile.cl\/#website"},"primaryImageOfPage":{"@id":"https:\/\/conexioneschile.cl\/index.php\/product\/modulo-de-expansion-lcd-exp-50\/#primaryimage"},"image":{"@id":"https:\/\/conexioneschile.cl\/index.php\/product\/modulo-de-expansion-lcd-exp-50\/#primaryimage"},"thumbnailUrl":"https:\/\/conexioneschile.cl\/wp-content\/uploads\/2025\/08\/EXP50-03.webp","datePublished":"2025-08-30T19:27:29+00:00","dateModified":"2025-08-30T19:44:13+00:00","breadcrumb":{"@id":"https:\/\/conexioneschile.cl\/index.php\/product\/modulo-de-expansion-lcd-exp-50\/#breadcrumb"},"inLanguage":"es","potentialAction":[{"@type":"ReadAction","target":["https:\/\/conexioneschile.cl\/index.php\/product\/modulo-de-expansion-lcd-exp-50\/"]}]},{"@type":"ImageObject","inLanguage":"es","@id":"https:\/\/conexioneschile.cl\/index.php\/product\/modulo-de-expansion-lcd-exp-50\/#primaryimage","url":"https:\/\/conexioneschile.cl\/wp-content\/uploads\/2025\/08\/EXP50-03.webp","contentUrl":"https:\/\/conexioneschile.cl\/wp-content\/uploads\/2025\/08\/EXP50-03.webp","width":800,"height":800},{"@type":"BreadcrumbList","@id":"https:\/\/conexioneschile.cl\/index.php\/product\/modulo-de-expansion-lcd-exp-50\/#breadcrumb","itemListElement":[{"@type":"ListItem","position":1,"name":"Portada","item":"https:\/\/conexioneschile.cl\/"},{"@type":"ListItem","position":2,"name":"Shop","item":"https:\/\/conexioneschile.cl\/index.php\/shop\/"},{"@type":"ListItem","position":3,"name":"M\u00f3dulo de expansi\u00f3n LCD EXP-50"}]},{"@type":"WebSite","@id":"https:\/\/conexioneschile.cl\/#website","url":"https:\/\/conexioneschile.cl\/","name":"Conexiones Chile","description":"","publisher":{"@id":"https:\/\/conexioneschile.cl\/#organization"},"potentialAction":[{"@type":"SearchAction","target":{"@type":"EntryPoint","urlTemplate":"https:\/\/conexioneschile.cl\/?s={search_term_string}"},"query-input":{"@type":"PropertyValueSpecification","valueRequired":true,"valueName":"search_term_string"}}],"inLanguage":"es"},{"@type":"Organization","@id":"https:\/\/conexioneschile.cl\/#organization","name":"Conexiones Chile","url":"https:\/\/conexioneschile.cl\/","logo":{"@type":"ImageObject","inLanguage":"es","@id":"https:\/\/conexioneschile.cl\/#\/schema\/logo\/image\/","url":"https:\/\/conexioneschile.cl\/wp-content\/uploads\/2025\/09\/cropped-logo-coneexiones.png","contentUrl":"https:\/\/conexioneschile.cl\/wp-content\/uploads\/2025\/09\/cropped-logo-coneexiones.png","width":412,"height":209,"caption":"Conexiones Chile"},"image":{"@id":"https:\/\/conexioneschile.cl\/#\/schema\/logo\/image\/"}}]}},"_links":{"self":[{"href":"https:\/\/conexioneschile.cl\/index.php\/wp-json\/wp\/v2\/product\/24871","targetHints":{"allow":["GET"]}}],"collection":[{"href":"https:\/\/conexioneschile.cl\/index.php\/wp-json\/wp\/v2\/product"}],"about":[{"href":"https:\/\/conexioneschile.cl\/index.php\/wp-json\/wp\/v2\/types\/product"}],"replies":[{"embeddable":true,"href":"https:\/\/conexioneschile.cl\/index.php\/wp-json\/wp\/v2\/comments?post=24871"}],"wp:featuredmedia":[{"embeddable":true,"href":"https:\/\/conexioneschile.cl\/index.php\/wp-json\/wp\/v2\/media\/24870"}],"wp:attachment":[{"href":"https:\/\/conexioneschile.cl\/index.php\/wp-json\/wp\/v2\/media?parent=24871"}],"wp:term":[{"taxonomy":"product_brand","embeddable":true,"href":"https:\/\/conexioneschile.cl\/index.php\/wp-json\/wp\/v2\/product_brand?post=24871"},{"taxonomy":"product_cat","embeddable":true,"href":"https:\/\/conexioneschile.cl\/index.php\/wp-json\/wp\/v2\/product_cat?post=24871"},{"taxonomy":"product_tag","embeddable":true,"href":"https:\/\/conexioneschile.cl\/index.php\/wp-json\/wp\/v2\/product_tag?post=24871"}],"curies":[{"name":"wp","href":"https:\/\/api.w.org\/{rel}","templated":true}]}}