{"id":24892,"date":"2025-08-30T16:27:39","date_gmt":"2025-08-30T19:27:39","guid":{"rendered":"https:\/\/conexioneschile.cl\/index.php\/product\/airmax-litebeam-m5-lbe-m5-23\/"},"modified":"2025-08-30T16:44:16","modified_gmt":"2025-08-30T19:44:16","slug":"airmax-litebeam-m5-lbe-m5-23","status":"publish","type":"product","link":"https:\/\/conexioneschile.cl\/index.php\/product\/airmax-litebeam-m5-lbe-m5-23\/","title":{"rendered":"airMAX LiteBeam M5 (LBE-M5-23)"},"content":{"rendered":"<p>El Ubiquiti M5 LBE-M5-23 Litebeam es la \u00faltima evoluci\u00f3n en productos de banda ancha inal\u00e1mbrica de larga distancia de Ubiquiti Networks, dise\u00f1ado para entornos exteriores con un dise\u00f1o ligero y compacto. Este dispositivo opera en el rango de frecuencias de 5 GHz sin licencia, ofreciendo velocidades de alto rendimiento gracias a su tecnolog\u00eda InnerFeed\u00ae, que integra todo el sistema de radio en la alimentaci\u00f3n de la antena. El protocolo revolucionario airMAX TDMA mejora el rendimiento y escalabilidad de la red al permitir que cada cliente env\u00ede y reciba datos en intervalos de tiempo espec\u00edficos designados por un controlador AP inteligente, eliminando las colisiones de nodos ocultos y maximizando la eficiencia del tiempo de uso.<\/p>\n<p>Con una ganancia de antena de 23 dBi y una configuraci\u00f3n de 1&#215;1 SISO con polarizaci\u00f3n vertical, el LiteBeam\u00ae es una soluci\u00f3n liviana y de bajo costo ideal para funcionalidad punto a punto en la banda de frecuencia de 5 GHz. Sus caracter\u00edsticas incluyen flexibilidad total de ajuste, instalaci\u00f3n r\u00e1pida con un kit de montaje en poste incluido, y un bajo consumo de energ\u00eda de 4W. Este dispositivo tiene unas dimensiones de 362 x 267 x 184 mm y un peso de 750 g sin el montaje. Adem\u00e1s, est\u00e1 dise\u00f1ado para operar en un rango de temperatura de -40 a 70\u00b0C y soporta una humedad del 5 al 95% sin condensaci\u00f3n. Cumple con diversas aprobaciones inal\u00e1mbricas como FCC, IC y CE, y es compatible con la normativa RoHS. La interfaz de red incluye un puerto Ethernet 10\/100, lo que facilita su integraci\u00f3n en diversas configuraciones de red.<\/p>\n","protected":false},"excerpt":{"rendered":"<p>El Ubiquiti M5 LBE-M5-23 Litebeam es la \u00faltima evoluci\u00f3n en productos de banda ancha inal\u00e1mbrica de larga distancia de Ubiquiti Networks, dise\u00f1ado para entornos exteriores con un dise\u00f1o ligero y&#8230;<\/p>\n","protected":false},"featured_media":23769,"comment_status":"open","ping_status":"closed","template":"","meta":[],"product_brand":[164],"product_cat":[264],"product_tag":[],"class_list":{"0":"post-24892","1":"product","2":"type-product","3":"status-publish","4":"has-post-thumbnail","6":"product_brand-ubiquiti","7":"product_cat-wifi","9":"first","10":"instock","11":"taxable","12":"shipping-taxable","13":"purchasable","14":"product-type-simple"},"yoast_head":"<!-- This site is optimized with the Yoast SEO plugin v26.6 - https:\/\/yoast.com\/wordpress\/plugins\/seo\/ -->\n<title>airMAX LiteBeam M5 (LBE-M5-23) - Conexiones Chile<\/title>\n<meta name=\"robots\" content=\"index, follow, max-snippet:-1, max-image-preview:large, max-video-preview:-1\" \/>\n<link rel=\"canonical\" href=\"https:\/\/conexioneschile.cl\/index.php\/product\/airmax-litebeam-m5-lbe-m5-23\/\" \/>\n<meta property=\"og:locale\" content=\"es_ES\" \/>\n<meta property=\"og:type\" content=\"article\" \/>\n<meta property=\"og:title\" content=\"airMAX LiteBeam M5 (LBE-M5-23) - Conexiones Chile\" \/>\n<meta property=\"og:description\" content=\"El Ubiquiti M5 LBE-M5-23 Litebeam es la \u00faltima evoluci\u00f3n en productos de banda ancha inal\u00e1mbrica de larga distancia de Ubiquiti Networks, dise\u00f1ado para entornos exteriores con un dise\u00f1o ligero y...\" \/>\n<meta property=\"og:url\" content=\"https:\/\/conexioneschile.cl\/index.php\/product\/airmax-litebeam-m5-lbe-m5-23\/\" \/>\n<meta property=\"og:site_name\" content=\"Conexiones Chile\" \/>\n<meta property=\"article:modified_time\" content=\"2025-08-30T19:44:16+00:00\" \/>\n<meta property=\"og:image\" content=\"https:\/\/conexioneschile.cl\/wp-content\/uploads\/2025\/07\/airMAX-LiteBeam-M5-3.webp\" \/>\n\t<meta property=\"og:image:width\" content=\"1080\" \/>\n\t<meta property=\"og:image:height\" content=\"1080\" \/>\n\t<meta property=\"og:image:type\" content=\"image\/webp\" \/>\n<meta name=\"twitter:card\" content=\"summary_large_image\" \/>\n<meta name=\"twitter:label1\" content=\"Tiempo de lectura\" \/>\n\t<meta name=\"twitter:data1\" content=\"1 minuto\" \/>\n<script type=\"application\/ld+json\" class=\"yoast-schema-graph\">{\"@context\":\"https:\/\/schema.org\",\"@graph\":[{\"@type\":\"WebPage\",\"@id\":\"https:\/\/conexioneschile.cl\/index.php\/product\/airmax-litebeam-m5-lbe-m5-23\/\",\"url\":\"https:\/\/conexioneschile.cl\/index.php\/product\/airmax-litebeam-m5-lbe-m5-23\/\",\"name\":\"airMAX LiteBeam M5 (LBE-M5-23) - Conexiones Chile\",\"isPartOf\":{\"@id\":\"https:\/\/conexioneschile.cl\/#website\"},\"primaryImageOfPage\":{\"@id\":\"https:\/\/conexioneschile.cl\/index.php\/product\/airmax-litebeam-m5-lbe-m5-23\/#primaryimage\"},\"image\":{\"@id\":\"https:\/\/conexioneschile.cl\/index.php\/product\/airmax-litebeam-m5-lbe-m5-23\/#primaryimage\"},\"thumbnailUrl\":\"https:\/\/conexioneschile.cl\/wp-content\/uploads\/2025\/07\/airMAX-LiteBeam-M5-3.webp\",\"datePublished\":\"2025-08-30T19:27:39+00:00\",\"dateModified\":\"2025-08-30T19:44:16+00:00\",\"breadcrumb\":{\"@id\":\"https:\/\/conexioneschile.cl\/index.php\/product\/airmax-litebeam-m5-lbe-m5-23\/#breadcrumb\"},\"inLanguage\":\"es\",\"potentialAction\":[{\"@type\":\"ReadAction\",\"target\":[\"https:\/\/conexioneschile.cl\/index.php\/product\/airmax-litebeam-m5-lbe-m5-23\/\"]}]},{\"@type\":\"ImageObject\",\"inLanguage\":\"es\",\"@id\":\"https:\/\/conexioneschile.cl\/index.php\/product\/airmax-litebeam-m5-lbe-m5-23\/#primaryimage\",\"url\":\"https:\/\/conexioneschile.cl\/wp-content\/uploads\/2025\/07\/airMAX-LiteBeam-M5-3.webp\",\"contentUrl\":\"https:\/\/conexioneschile.cl\/wp-content\/uploads\/2025\/07\/airMAX-LiteBeam-M5-3.webp\",\"width\":1080,\"height\":1080},{\"@type\":\"BreadcrumbList\",\"@id\":\"https:\/\/conexioneschile.cl\/index.php\/product\/airmax-litebeam-m5-lbe-m5-23\/#breadcrumb\",\"itemListElement\":[{\"@type\":\"ListItem\",\"position\":1,\"name\":\"Portada\",\"item\":\"https:\/\/conexioneschile.cl\/\"},{\"@type\":\"ListItem\",\"position\":2,\"name\":\"Shop\",\"item\":\"https:\/\/conexioneschile.cl\/index.php\/shop\/\"},{\"@type\":\"ListItem\",\"position\":3,\"name\":\"airMAX LiteBeam M5 (LBE-M5-23)\"}]},{\"@type\":\"WebSite\",\"@id\":\"https:\/\/conexioneschile.cl\/#website\",\"url\":\"https:\/\/conexioneschile.cl\/\",\"name\":\"Conexiones Chile\",\"description\":\"\",\"publisher\":{\"@id\":\"https:\/\/conexioneschile.cl\/#organization\"},\"potentialAction\":[{\"@type\":\"SearchAction\",\"target\":{\"@type\":\"EntryPoint\",\"urlTemplate\":\"https:\/\/conexioneschile.cl\/?s={search_term_string}\"},\"query-input\":{\"@type\":\"PropertyValueSpecification\",\"valueRequired\":true,\"valueName\":\"search_term_string\"}}],\"inLanguage\":\"es\"},{\"@type\":\"Organization\",\"@id\":\"https:\/\/conexioneschile.cl\/#organization\",\"name\":\"Conexiones Chile\",\"url\":\"https:\/\/conexioneschile.cl\/\",\"logo\":{\"@type\":\"ImageObject\",\"inLanguage\":\"es\",\"@id\":\"https:\/\/conexioneschile.cl\/#\/schema\/logo\/image\/\",\"url\":\"https:\/\/conexioneschile.cl\/wp-content\/uploads\/2025\/09\/cropped-logo-coneexiones.png\",\"contentUrl\":\"https:\/\/conexioneschile.cl\/wp-content\/uploads\/2025\/09\/cropped-logo-coneexiones.png\",\"width\":412,\"height\":209,\"caption\":\"Conexiones Chile\"},\"image\":{\"@id\":\"https:\/\/conexioneschile.cl\/#\/schema\/logo\/image\/\"}}]}<\/script>\n<!-- \/ Yoast SEO plugin. -->","yoast_head_json":{"title":"airMAX LiteBeam M5 (LBE-M5-23) - Conexiones Chile","robots":{"index":"index","follow":"follow","max-snippet":"max-snippet:-1","max-image-preview":"max-image-preview:large","max-video-preview":"max-video-preview:-1"},"canonical":"https:\/\/conexioneschile.cl\/index.php\/product\/airmax-litebeam-m5-lbe-m5-23\/","og_locale":"es_ES","og_type":"article","og_title":"airMAX LiteBeam M5 (LBE-M5-23) - Conexiones Chile","og_description":"El Ubiquiti M5 LBE-M5-23 Litebeam es la \u00faltima evoluci\u00f3n en productos de banda ancha inal\u00e1mbrica de larga distancia de Ubiquiti Networks, dise\u00f1ado para entornos exteriores con un dise\u00f1o ligero y...","og_url":"https:\/\/conexioneschile.cl\/index.php\/product\/airmax-litebeam-m5-lbe-m5-23\/","og_site_name":"Conexiones Chile","article_modified_time":"2025-08-30T19:44:16+00:00","og_image":[{"width":1080,"height":1080,"url":"https:\/\/conexioneschile.cl\/wp-content\/uploads\/2025\/07\/airMAX-LiteBeam-M5-3.webp","type":"image\/webp"}],"twitter_card":"summary_large_image","twitter_misc":{"Tiempo de lectura":"1 minuto"},"schema":{"@context":"https:\/\/schema.org","@graph":[{"@type":"WebPage","@id":"https:\/\/conexioneschile.cl\/index.php\/product\/airmax-litebeam-m5-lbe-m5-23\/","url":"https:\/\/conexioneschile.cl\/index.php\/product\/airmax-litebeam-m5-lbe-m5-23\/","name":"airMAX LiteBeam M5 (LBE-M5-23) - Conexiones Chile","isPartOf":{"@id":"https:\/\/conexioneschile.cl\/#website"},"primaryImageOfPage":{"@id":"https:\/\/conexioneschile.cl\/index.php\/product\/airmax-litebeam-m5-lbe-m5-23\/#primaryimage"},"image":{"@id":"https:\/\/conexioneschile.cl\/index.php\/product\/airmax-litebeam-m5-lbe-m5-23\/#primaryimage"},"thumbnailUrl":"https:\/\/conexioneschile.cl\/wp-content\/uploads\/2025\/07\/airMAX-LiteBeam-M5-3.webp","datePublished":"2025-08-30T19:27:39+00:00","dateModified":"2025-08-30T19:44:16+00:00","breadcrumb":{"@id":"https:\/\/conexioneschile.cl\/index.php\/product\/airmax-litebeam-m5-lbe-m5-23\/#breadcrumb"},"inLanguage":"es","potentialAction":[{"@type":"ReadAction","target":["https:\/\/conexioneschile.cl\/index.php\/product\/airmax-litebeam-m5-lbe-m5-23\/"]}]},{"@type":"ImageObject","inLanguage":"es","@id":"https:\/\/conexioneschile.cl\/index.php\/product\/airmax-litebeam-m5-lbe-m5-23\/#primaryimage","url":"https:\/\/conexioneschile.cl\/wp-content\/uploads\/2025\/07\/airMAX-LiteBeam-M5-3.webp","contentUrl":"https:\/\/conexioneschile.cl\/wp-content\/uploads\/2025\/07\/airMAX-LiteBeam-M5-3.webp","width":1080,"height":1080},{"@type":"BreadcrumbList","@id":"https:\/\/conexioneschile.cl\/index.php\/product\/airmax-litebeam-m5-lbe-m5-23\/#breadcrumb","itemListElement":[{"@type":"ListItem","position":1,"name":"Portada","item":"https:\/\/conexioneschile.cl\/"},{"@type":"ListItem","position":2,"name":"Shop","item":"https:\/\/conexioneschile.cl\/index.php\/shop\/"},{"@type":"ListItem","position":3,"name":"airMAX LiteBeam M5 (LBE-M5-23)"}]},{"@type":"WebSite","@id":"https:\/\/conexioneschile.cl\/#website","url":"https:\/\/conexioneschile.cl\/","name":"Conexiones Chile","description":"","publisher":{"@id":"https:\/\/conexioneschile.cl\/#organization"},"potentialAction":[{"@type":"SearchAction","target":{"@type":"EntryPoint","urlTemplate":"https:\/\/conexioneschile.cl\/?s={search_term_string}"},"query-input":{"@type":"PropertyValueSpecification","valueRequired":true,"valueName":"search_term_string"}}],"inLanguage":"es"},{"@type":"Organization","@id":"https:\/\/conexioneschile.cl\/#organization","name":"Conexiones Chile","url":"https:\/\/conexioneschile.cl\/","logo":{"@type":"ImageObject","inLanguage":"es","@id":"https:\/\/conexioneschile.cl\/#\/schema\/logo\/image\/","url":"https:\/\/conexioneschile.cl\/wp-content\/uploads\/2025\/09\/cropped-logo-coneexiones.png","contentUrl":"https:\/\/conexioneschile.cl\/wp-content\/uploads\/2025\/09\/cropped-logo-coneexiones.png","width":412,"height":209,"caption":"Conexiones Chile"},"image":{"@id":"https:\/\/conexioneschile.cl\/#\/schema\/logo\/image\/"}}]}},"_links":{"self":[{"href":"https:\/\/conexioneschile.cl\/index.php\/wp-json\/wp\/v2\/product\/24892","targetHints":{"allow":["GET"]}}],"collection":[{"href":"https:\/\/conexioneschile.cl\/index.php\/wp-json\/wp\/v2\/product"}],"about":[{"href":"https:\/\/conexioneschile.cl\/index.php\/wp-json\/wp\/v2\/types\/product"}],"replies":[{"embeddable":true,"href":"https:\/\/conexioneschile.cl\/index.php\/wp-json\/wp\/v2\/comments?post=24892"}],"wp:featuredmedia":[{"embeddable":true,"href":"https:\/\/conexioneschile.cl\/index.php\/wp-json\/wp\/v2\/media\/23769"}],"wp:attachment":[{"href":"https:\/\/conexioneschile.cl\/index.php\/wp-json\/wp\/v2\/media?parent=24892"}],"wp:term":[{"taxonomy":"product_brand","embeddable":true,"href":"https:\/\/conexioneschile.cl\/index.php\/wp-json\/wp\/v2\/product_brand?post=24892"},{"taxonomy":"product_cat","embeddable":true,"href":"https:\/\/conexioneschile.cl\/index.php\/wp-json\/wp\/v2\/product_cat?post=24892"},{"taxonomy":"product_tag","embeddable":true,"href":"https:\/\/conexioneschile.cl\/index.php\/wp-json\/wp\/v2\/product_tag?post=24892"}],"curies":[{"name":"wp","href":"https:\/\/api.w.org\/{rel}","templated":true}]}}