{"id":24901,"date":"2025-08-30T16:27:44","date_gmt":"2025-08-30T19:27:44","guid":{"rendered":"https:\/\/conexioneschile.cl\/index.php\/product\/pizarra-digital-interactiva-meetingboard-65\/"},"modified":"2025-08-30T16:44:17","modified_gmt":"2025-08-30T19:44:17","slug":"pizarra-digital-interactiva-meetingboard-65","status":"publish","type":"product","link":"https:\/\/conexioneschile.cl\/index.php\/product\/pizarra-digital-interactiva-meetingboard-65\/","title":{"rendered":"Pizarra digital interactiva MeetingBoard 65"},"content":{"rendered":"<p>Yealink MeetingBoard lidera una revoluci\u00f3n en la pr\u00f3xima generaci\u00f3n de soluciones de espacios de colaboraci\u00f3n, un dise\u00f1o real todo en uno que se adapta a todas las salas de reuniones. Gracias al procesamiento de audio premium Yealink-Genic y el seguimiento de video con IA mejorado, ofrece una experiencia de reuni\u00f3n inmersiva que hace que todos sean reales. un dispositivo para reuniones: junto con la aplicaci\u00f3n nativa Microsoft Teams o Zoom, le brinda la mejor experiencia de escritura digital fluida en papel. Las personas pueden unirse la reuni\u00f3n en l\u00ednea y realice lluvias de ideas, planificaci\u00f3n de proyectos, resoluci\u00f3n de problemas o cualquier otra actividad de colaboraci\u00f3n en el servicio de pizarra en la nube desde cualquier lugar y en cualquier momento. M\u00e1s flexibilidad ya que est\u00e1 dise\u00f1ado con una c\u00e1mara PTZ \u00f3ptica extendida, micr\u00f3fonos inal\u00e1mbricos, segunda pantalla t\u00e1ctil, Windows OPS, m\u00f3dulo Android OPS actualizable como as\u00ed como modo inal\u00e1mbrico USB-BYOD. Solo un dispositivo, pero viene con muchas posibilidades para liberar la productividad en el trabajo. Principales caracter\u00edsticas y beneficios Dise\u00f1o TODO EN UNO MeetingBoard 65 y 86 Hoja de datos.<\/p>\n","protected":false},"excerpt":{"rendered":"<p>Yealink MeetingBoard lidera una revoluci\u00f3n en la pr\u00f3xima generaci\u00f3n de soluciones de espacios de colaboraci\u00f3n, un dise\u00f1o real todo en uno que se adapta a todas las salas de reuniones&#8230;.<\/p>\n","protected":false},"featured_media":24900,"comment_status":"open","ping_status":"closed","template":"","meta":[],"product_brand":[163],"product_cat":[280],"product_tag":[],"class_list":{"0":"post-24901","1":"product","2":"type-product","3":"status-publish","4":"has-post-thumbnail","6":"product_brand-yealink","7":"product_cat-pantallas-interactivas-accesorios","9":"first","10":"instock","11":"taxable","12":"shipping-taxable","13":"purchasable","14":"product-type-simple"},"yoast_head":"<!-- This site is optimized with the Yoast SEO plugin v26.6 - https:\/\/yoast.com\/wordpress\/plugins\/seo\/ -->\n<title>Pizarra digital interactiva MeetingBoard 65 - Conexiones Chile<\/title>\n<meta name=\"robots\" content=\"index, follow, max-snippet:-1, max-image-preview:large, max-video-preview:-1\" \/>\n<link rel=\"canonical\" href=\"https:\/\/conexioneschile.cl\/index.php\/product\/pizarra-digital-interactiva-meetingboard-65\/\" \/>\n<meta property=\"og:locale\" content=\"es_ES\" \/>\n<meta property=\"og:type\" content=\"article\" \/>\n<meta property=\"og:title\" content=\"Pizarra digital interactiva MeetingBoard 65 - Conexiones Chile\" \/>\n<meta property=\"og:description\" content=\"Yealink MeetingBoard lidera una revoluci\u00f3n en la pr\u00f3xima generaci\u00f3n de soluciones de espacios de colaboraci\u00f3n, un dise\u00f1o real todo en uno que se adapta a todas las salas de reuniones....\" \/>\n<meta property=\"og:url\" content=\"https:\/\/conexioneschile.cl\/index.php\/product\/pizarra-digital-interactiva-meetingboard-65\/\" \/>\n<meta property=\"og:site_name\" content=\"Conexiones Chile\" \/>\n<meta property=\"article:modified_time\" content=\"2025-08-30T19:44:17+00:00\" \/>\n<meta property=\"og:image\" content=\"https:\/\/conexioneschile.cl\/wp-content\/uploads\/2025\/08\/yealink-meetingboard_02.webp\" \/>\n\t<meta property=\"og:image:width\" content=\"500\" \/>\n\t<meta property=\"og:image:height\" content=\"500\" \/>\n\t<meta property=\"og:image:type\" content=\"image\/webp\" \/>\n<meta name=\"twitter:card\" content=\"summary_large_image\" \/>\n<meta name=\"twitter:label1\" content=\"Tiempo de lectura\" \/>\n\t<meta name=\"twitter:data1\" content=\"1 minuto\" \/>\n<script type=\"application\/ld+json\" class=\"yoast-schema-graph\">{\"@context\":\"https:\/\/schema.org\",\"@graph\":[{\"@type\":\"WebPage\",\"@id\":\"https:\/\/conexioneschile.cl\/index.php\/product\/pizarra-digital-interactiva-meetingboard-65\/\",\"url\":\"https:\/\/conexioneschile.cl\/index.php\/product\/pizarra-digital-interactiva-meetingboard-65\/\",\"name\":\"Pizarra digital interactiva MeetingBoard 65 - Conexiones Chile\",\"isPartOf\":{\"@id\":\"https:\/\/conexioneschile.cl\/#website\"},\"primaryImageOfPage\":{\"@id\":\"https:\/\/conexioneschile.cl\/index.php\/product\/pizarra-digital-interactiva-meetingboard-65\/#primaryimage\"},\"image\":{\"@id\":\"https:\/\/conexioneschile.cl\/index.php\/product\/pizarra-digital-interactiva-meetingboard-65\/#primaryimage\"},\"thumbnailUrl\":\"https:\/\/conexioneschile.cl\/wp-content\/uploads\/2025\/08\/yealink-meetingboard_02.webp\",\"datePublished\":\"2025-08-30T19:27:44+00:00\",\"dateModified\":\"2025-08-30T19:44:17+00:00\",\"breadcrumb\":{\"@id\":\"https:\/\/conexioneschile.cl\/index.php\/product\/pizarra-digital-interactiva-meetingboard-65\/#breadcrumb\"},\"inLanguage\":\"es\",\"potentialAction\":[{\"@type\":\"ReadAction\",\"target\":[\"https:\/\/conexioneschile.cl\/index.php\/product\/pizarra-digital-interactiva-meetingboard-65\/\"]}]},{\"@type\":\"ImageObject\",\"inLanguage\":\"es\",\"@id\":\"https:\/\/conexioneschile.cl\/index.php\/product\/pizarra-digital-interactiva-meetingboard-65\/#primaryimage\",\"url\":\"https:\/\/conexioneschile.cl\/wp-content\/uploads\/2025\/08\/yealink-meetingboard_02.webp\",\"contentUrl\":\"https:\/\/conexioneschile.cl\/wp-content\/uploads\/2025\/08\/yealink-meetingboard_02.webp\",\"width\":500,\"height\":500},{\"@type\":\"BreadcrumbList\",\"@id\":\"https:\/\/conexioneschile.cl\/index.php\/product\/pizarra-digital-interactiva-meetingboard-65\/#breadcrumb\",\"itemListElement\":[{\"@type\":\"ListItem\",\"position\":1,\"name\":\"Portada\",\"item\":\"https:\/\/conexioneschile.cl\/\"},{\"@type\":\"ListItem\",\"position\":2,\"name\":\"Shop\",\"item\":\"https:\/\/conexioneschile.cl\/index.php\/shop\/\"},{\"@type\":\"ListItem\",\"position\":3,\"name\":\"Pizarra digital interactiva MeetingBoard 65\"}]},{\"@type\":\"WebSite\",\"@id\":\"https:\/\/conexioneschile.cl\/#website\",\"url\":\"https:\/\/conexioneschile.cl\/\",\"name\":\"Conexiones Chile\",\"description\":\"\",\"publisher\":{\"@id\":\"https:\/\/conexioneschile.cl\/#organization\"},\"potentialAction\":[{\"@type\":\"SearchAction\",\"target\":{\"@type\":\"EntryPoint\",\"urlTemplate\":\"https:\/\/conexioneschile.cl\/?s={search_term_string}\"},\"query-input\":{\"@type\":\"PropertyValueSpecification\",\"valueRequired\":true,\"valueName\":\"search_term_string\"}}],\"inLanguage\":\"es\"},{\"@type\":\"Organization\",\"@id\":\"https:\/\/conexioneschile.cl\/#organization\",\"name\":\"Conexiones Chile\",\"url\":\"https:\/\/conexioneschile.cl\/\",\"logo\":{\"@type\":\"ImageObject\",\"inLanguage\":\"es\",\"@id\":\"https:\/\/conexioneschile.cl\/#\/schema\/logo\/image\/\",\"url\":\"https:\/\/conexioneschile.cl\/wp-content\/uploads\/2025\/09\/cropped-logo-coneexiones.png\",\"contentUrl\":\"https:\/\/conexioneschile.cl\/wp-content\/uploads\/2025\/09\/cropped-logo-coneexiones.png\",\"width\":412,\"height\":209,\"caption\":\"Conexiones Chile\"},\"image\":{\"@id\":\"https:\/\/conexioneschile.cl\/#\/schema\/logo\/image\/\"}}]}<\/script>\n<!-- \/ Yoast SEO plugin. -->","yoast_head_json":{"title":"Pizarra digital interactiva MeetingBoard 65 - Conexiones Chile","robots":{"index":"index","follow":"follow","max-snippet":"max-snippet:-1","max-image-preview":"max-image-preview:large","max-video-preview":"max-video-preview:-1"},"canonical":"https:\/\/conexioneschile.cl\/index.php\/product\/pizarra-digital-interactiva-meetingboard-65\/","og_locale":"es_ES","og_type":"article","og_title":"Pizarra digital interactiva MeetingBoard 65 - Conexiones Chile","og_description":"Yealink MeetingBoard lidera una revoluci\u00f3n en la pr\u00f3xima generaci\u00f3n de soluciones de espacios de colaboraci\u00f3n, un dise\u00f1o real todo en uno que se adapta a todas las salas de reuniones....","og_url":"https:\/\/conexioneschile.cl\/index.php\/product\/pizarra-digital-interactiva-meetingboard-65\/","og_site_name":"Conexiones Chile","article_modified_time":"2025-08-30T19:44:17+00:00","og_image":[{"width":500,"height":500,"url":"https:\/\/conexioneschile.cl\/wp-content\/uploads\/2025\/08\/yealink-meetingboard_02.webp","type":"image\/webp"}],"twitter_card":"summary_large_image","twitter_misc":{"Tiempo de lectura":"1 minuto"},"schema":{"@context":"https:\/\/schema.org","@graph":[{"@type":"WebPage","@id":"https:\/\/conexioneschile.cl\/index.php\/product\/pizarra-digital-interactiva-meetingboard-65\/","url":"https:\/\/conexioneschile.cl\/index.php\/product\/pizarra-digital-interactiva-meetingboard-65\/","name":"Pizarra digital interactiva MeetingBoard 65 - Conexiones Chile","isPartOf":{"@id":"https:\/\/conexioneschile.cl\/#website"},"primaryImageOfPage":{"@id":"https:\/\/conexioneschile.cl\/index.php\/product\/pizarra-digital-interactiva-meetingboard-65\/#primaryimage"},"image":{"@id":"https:\/\/conexioneschile.cl\/index.php\/product\/pizarra-digital-interactiva-meetingboard-65\/#primaryimage"},"thumbnailUrl":"https:\/\/conexioneschile.cl\/wp-content\/uploads\/2025\/08\/yealink-meetingboard_02.webp","datePublished":"2025-08-30T19:27:44+00:00","dateModified":"2025-08-30T19:44:17+00:00","breadcrumb":{"@id":"https:\/\/conexioneschile.cl\/index.php\/product\/pizarra-digital-interactiva-meetingboard-65\/#breadcrumb"},"inLanguage":"es","potentialAction":[{"@type":"ReadAction","target":["https:\/\/conexioneschile.cl\/index.php\/product\/pizarra-digital-interactiva-meetingboard-65\/"]}]},{"@type":"ImageObject","inLanguage":"es","@id":"https:\/\/conexioneschile.cl\/index.php\/product\/pizarra-digital-interactiva-meetingboard-65\/#primaryimage","url":"https:\/\/conexioneschile.cl\/wp-content\/uploads\/2025\/08\/yealink-meetingboard_02.webp","contentUrl":"https:\/\/conexioneschile.cl\/wp-content\/uploads\/2025\/08\/yealink-meetingboard_02.webp","width":500,"height":500},{"@type":"BreadcrumbList","@id":"https:\/\/conexioneschile.cl\/index.php\/product\/pizarra-digital-interactiva-meetingboard-65\/#breadcrumb","itemListElement":[{"@type":"ListItem","position":1,"name":"Portada","item":"https:\/\/conexioneschile.cl\/"},{"@type":"ListItem","position":2,"name":"Shop","item":"https:\/\/conexioneschile.cl\/index.php\/shop\/"},{"@type":"ListItem","position":3,"name":"Pizarra digital interactiva MeetingBoard 65"}]},{"@type":"WebSite","@id":"https:\/\/conexioneschile.cl\/#website","url":"https:\/\/conexioneschile.cl\/","name":"Conexiones Chile","description":"","publisher":{"@id":"https:\/\/conexioneschile.cl\/#organization"},"potentialAction":[{"@type":"SearchAction","target":{"@type":"EntryPoint","urlTemplate":"https:\/\/conexioneschile.cl\/?s={search_term_string}"},"query-input":{"@type":"PropertyValueSpecification","valueRequired":true,"valueName":"search_term_string"}}],"inLanguage":"es"},{"@type":"Organization","@id":"https:\/\/conexioneschile.cl\/#organization","name":"Conexiones Chile","url":"https:\/\/conexioneschile.cl\/","logo":{"@type":"ImageObject","inLanguage":"es","@id":"https:\/\/conexioneschile.cl\/#\/schema\/logo\/image\/","url":"https:\/\/conexioneschile.cl\/wp-content\/uploads\/2025\/09\/cropped-logo-coneexiones.png","contentUrl":"https:\/\/conexioneschile.cl\/wp-content\/uploads\/2025\/09\/cropped-logo-coneexiones.png","width":412,"height":209,"caption":"Conexiones Chile"},"image":{"@id":"https:\/\/conexioneschile.cl\/#\/schema\/logo\/image\/"}}]}},"_links":{"self":[{"href":"https:\/\/conexioneschile.cl\/index.php\/wp-json\/wp\/v2\/product\/24901","targetHints":{"allow":["GET"]}}],"collection":[{"href":"https:\/\/conexioneschile.cl\/index.php\/wp-json\/wp\/v2\/product"}],"about":[{"href":"https:\/\/conexioneschile.cl\/index.php\/wp-json\/wp\/v2\/types\/product"}],"replies":[{"embeddable":true,"href":"https:\/\/conexioneschile.cl\/index.php\/wp-json\/wp\/v2\/comments?post=24901"}],"wp:featuredmedia":[{"embeddable":true,"href":"https:\/\/conexioneschile.cl\/index.php\/wp-json\/wp\/v2\/media\/24900"}],"wp:attachment":[{"href":"https:\/\/conexioneschile.cl\/index.php\/wp-json\/wp\/v2\/media?parent=24901"}],"wp:term":[{"taxonomy":"product_brand","embeddable":true,"href":"https:\/\/conexioneschile.cl\/index.php\/wp-json\/wp\/v2\/product_brand?post=24901"},{"taxonomy":"product_cat","embeddable":true,"href":"https:\/\/conexioneschile.cl\/index.php\/wp-json\/wp\/v2\/product_cat?post=24901"},{"taxonomy":"product_tag","embeddable":true,"href":"https:\/\/conexioneschile.cl\/index.php\/wp-json\/wp\/v2\/product_tag?post=24901"}],"curies":[{"name":"wp","href":"https:\/\/api.w.org\/{rel}","templated":true}]}}