{"id":24905,"date":"2025-08-30T16:27:47","date_gmt":"2025-08-30T19:27:47","guid":{"rendered":"https:\/\/conexioneschile.cl\/index.php\/product\/yealink-mini-pc-mcore-ms\/"},"modified":"2025-08-30T16:44:17","modified_gmt":"2025-08-30T19:44:17","slug":"yealink-mini-pc-mcore-ms","status":"publish","type":"product","link":"https:\/\/conexioneschile.cl\/index.php\/product\/yealink-mini-pc-mcore-ms\/","title":{"rendered":"Yealink Mini-PC Mcore-MS"},"content":{"rendered":"<p>El Yealink MCore-MS es una mini-PC potente y compacta, dise\u00f1ada espec\u00edficamente para integrarse con sistemas de videoconferencia Microsoft Teams Rooms. Equipado con un procesador Intel Core\u2122 i5 de 11\u00aa generaci\u00f3n, proporciona un rendimiento excepcional para manejar reuniones de videoconferencia empresariales. Esta mini-PC tiene una memoria RAM de 8 GB y un almacenamiento SSD de 128 GB, lo que asegura un rendimiento r\u00e1pido y fluido durante las reuniones. Adem\u00e1s, su dise\u00f1o peque\u00f1o y elegante facilita su colocaci\u00f3n en cualquier espacio de trabajo, optimizando la infraestructura de la sala de conferencias.<\/p>\n<p>El Yealink MCore-MS cuenta con dos salidas HDMI que permiten la conexi\u00f3n de hasta dos pantallas de manera simult\u00e1nea, brindando una experiencia visual diversa para todos los participantes. Adem\u00e1s, incluye caracter\u00edsticas de f\u00e1cil uso como la funci\u00f3n de despertar autom\u00e1tico de pantalla por CEC, que permite a los usuarios comenzar sus reuniones con un solo toque. Viene con Windows 10 IoT Enterprise preinstalado y una licencia, as\u00ed como la aplicaci\u00f3n Microsoft Teams Rooms y el plugin Yealink Camera Control, lo que lo convierte en una soluci\u00f3n integral para videoconferencias en empresas. La implementaci\u00f3n es sencilla y segura, lo que lo hace ideal para entornos corporativos que buscan soluciones de videoconferencia eficientes y de alto rendimiento.<\/p>\n","protected":false},"excerpt":{"rendered":"<p>El Yealink MCore-MS es una mini-PC potente y compacta, dise\u00f1ada espec\u00edficamente para integrarse con sistemas de videoconferencia Microsoft Teams Rooms. Equipado con un procesador Intel Core\u2122 i5 de 11\u00aa generaci\u00f3n,&#8230;<\/p>\n","protected":false},"featured_media":24904,"comment_status":"open","ping_status":"closed","template":"","meta":[],"product_brand":[163],"product_cat":[279],"product_tag":[],"class_list":{"0":"post-24905","1":"product","2":"type-product","3":"status-publish","4":"has-post-thumbnail","6":"product_brand-yealink","7":"product_cat-video","9":"first","10":"instock","11":"taxable","12":"shipping-taxable","13":"purchasable","14":"product-type-simple"},"yoast_head":"<!-- This site is optimized with the Yoast SEO plugin v26.6 - https:\/\/yoast.com\/wordpress\/plugins\/seo\/ -->\n<title>Yealink Mini-PC Mcore-MS - Conexiones Chile<\/title>\n<meta name=\"robots\" content=\"index, follow, max-snippet:-1, max-image-preview:large, max-video-preview:-1\" \/>\n<link rel=\"canonical\" href=\"https:\/\/conexioneschile.cl\/index.php\/product\/yealink-mini-pc-mcore-ms\/\" \/>\n<meta property=\"og:locale\" content=\"es_ES\" \/>\n<meta property=\"og:type\" content=\"article\" \/>\n<meta property=\"og:title\" content=\"Yealink Mini-PC Mcore-MS - Conexiones Chile\" \/>\n<meta property=\"og:description\" content=\"El Yealink MCore-MS es una mini-PC potente y compacta, dise\u00f1ada espec\u00edficamente para integrarse con sistemas de videoconferencia Microsoft Teams Rooms. Equipado con un procesador Intel Core\u2122 i5 de 11\u00aa generaci\u00f3n,...\" \/>\n<meta property=\"og:url\" content=\"https:\/\/conexioneschile.cl\/index.php\/product\/yealink-mini-pc-mcore-ms\/\" \/>\n<meta property=\"og:site_name\" content=\"Conexiones Chile\" \/>\n<meta property=\"article:modified_time\" content=\"2025-08-30T19:44:17+00:00\" \/>\n<meta property=\"og:image\" content=\"https:\/\/conexioneschile.cl\/wp-content\/uploads\/2025\/08\/yealink-mcore-ms.webp\" \/>\n\t<meta property=\"og:image:width\" content=\"800\" \/>\n\t<meta property=\"og:image:height\" content=\"800\" \/>\n\t<meta property=\"og:image:type\" content=\"image\/webp\" \/>\n<meta name=\"twitter:card\" content=\"summary_large_image\" \/>\n<meta name=\"twitter:label1\" content=\"Tiempo de lectura\" \/>\n\t<meta name=\"twitter:data1\" content=\"1 minuto\" \/>\n<script type=\"application\/ld+json\" class=\"yoast-schema-graph\">{\"@context\":\"https:\/\/schema.org\",\"@graph\":[{\"@type\":\"WebPage\",\"@id\":\"https:\/\/conexioneschile.cl\/index.php\/product\/yealink-mini-pc-mcore-ms\/\",\"url\":\"https:\/\/conexioneschile.cl\/index.php\/product\/yealink-mini-pc-mcore-ms\/\",\"name\":\"Yealink Mini-PC Mcore-MS - Conexiones Chile\",\"isPartOf\":{\"@id\":\"https:\/\/conexioneschile.cl\/#website\"},\"primaryImageOfPage\":{\"@id\":\"https:\/\/conexioneschile.cl\/index.php\/product\/yealink-mini-pc-mcore-ms\/#primaryimage\"},\"image\":{\"@id\":\"https:\/\/conexioneschile.cl\/index.php\/product\/yealink-mini-pc-mcore-ms\/#primaryimage\"},\"thumbnailUrl\":\"https:\/\/conexioneschile.cl\/wp-content\/uploads\/2025\/08\/yealink-mcore-ms.webp\",\"datePublished\":\"2025-08-30T19:27:47+00:00\",\"dateModified\":\"2025-08-30T19:44:17+00:00\",\"breadcrumb\":{\"@id\":\"https:\/\/conexioneschile.cl\/index.php\/product\/yealink-mini-pc-mcore-ms\/#breadcrumb\"},\"inLanguage\":\"es\",\"potentialAction\":[{\"@type\":\"ReadAction\",\"target\":[\"https:\/\/conexioneschile.cl\/index.php\/product\/yealink-mini-pc-mcore-ms\/\"]}]},{\"@type\":\"ImageObject\",\"inLanguage\":\"es\",\"@id\":\"https:\/\/conexioneschile.cl\/index.php\/product\/yealink-mini-pc-mcore-ms\/#primaryimage\",\"url\":\"https:\/\/conexioneschile.cl\/wp-content\/uploads\/2025\/08\/yealink-mcore-ms.webp\",\"contentUrl\":\"https:\/\/conexioneschile.cl\/wp-content\/uploads\/2025\/08\/yealink-mcore-ms.webp\",\"width\":800,\"height\":800},{\"@type\":\"BreadcrumbList\",\"@id\":\"https:\/\/conexioneschile.cl\/index.php\/product\/yealink-mini-pc-mcore-ms\/#breadcrumb\",\"itemListElement\":[{\"@type\":\"ListItem\",\"position\":1,\"name\":\"Portada\",\"item\":\"https:\/\/conexioneschile.cl\/\"},{\"@type\":\"ListItem\",\"position\":2,\"name\":\"Shop\",\"item\":\"https:\/\/conexioneschile.cl\/index.php\/shop\/\"},{\"@type\":\"ListItem\",\"position\":3,\"name\":\"Yealink Mini-PC Mcore-MS\"}]},{\"@type\":\"WebSite\",\"@id\":\"https:\/\/conexioneschile.cl\/#website\",\"url\":\"https:\/\/conexioneschile.cl\/\",\"name\":\"Conexiones Chile\",\"description\":\"\",\"publisher\":{\"@id\":\"https:\/\/conexioneschile.cl\/#organization\"},\"potentialAction\":[{\"@type\":\"SearchAction\",\"target\":{\"@type\":\"EntryPoint\",\"urlTemplate\":\"https:\/\/conexioneschile.cl\/?s={search_term_string}\"},\"query-input\":{\"@type\":\"PropertyValueSpecification\",\"valueRequired\":true,\"valueName\":\"search_term_string\"}}],\"inLanguage\":\"es\"},{\"@type\":\"Organization\",\"@id\":\"https:\/\/conexioneschile.cl\/#organization\",\"name\":\"Conexiones Chile\",\"url\":\"https:\/\/conexioneschile.cl\/\",\"logo\":{\"@type\":\"ImageObject\",\"inLanguage\":\"es\",\"@id\":\"https:\/\/conexioneschile.cl\/#\/schema\/logo\/image\/\",\"url\":\"https:\/\/conexioneschile.cl\/wp-content\/uploads\/2025\/09\/cropped-logo-coneexiones.png\",\"contentUrl\":\"https:\/\/conexioneschile.cl\/wp-content\/uploads\/2025\/09\/cropped-logo-coneexiones.png\",\"width\":412,\"height\":209,\"caption\":\"Conexiones Chile\"},\"image\":{\"@id\":\"https:\/\/conexioneschile.cl\/#\/schema\/logo\/image\/\"}}]}<\/script>\n<!-- \/ Yoast SEO plugin. -->","yoast_head_json":{"title":"Yealink Mini-PC Mcore-MS - Conexiones Chile","robots":{"index":"index","follow":"follow","max-snippet":"max-snippet:-1","max-image-preview":"max-image-preview:large","max-video-preview":"max-video-preview:-1"},"canonical":"https:\/\/conexioneschile.cl\/index.php\/product\/yealink-mini-pc-mcore-ms\/","og_locale":"es_ES","og_type":"article","og_title":"Yealink Mini-PC Mcore-MS - Conexiones Chile","og_description":"El Yealink MCore-MS es una mini-PC potente y compacta, dise\u00f1ada espec\u00edficamente para integrarse con sistemas de videoconferencia Microsoft Teams Rooms. Equipado con un procesador Intel Core\u2122 i5 de 11\u00aa generaci\u00f3n,...","og_url":"https:\/\/conexioneschile.cl\/index.php\/product\/yealink-mini-pc-mcore-ms\/","og_site_name":"Conexiones Chile","article_modified_time":"2025-08-30T19:44:17+00:00","og_image":[{"width":800,"height":800,"url":"https:\/\/conexioneschile.cl\/wp-content\/uploads\/2025\/08\/yealink-mcore-ms.webp","type":"image\/webp"}],"twitter_card":"summary_large_image","twitter_misc":{"Tiempo de lectura":"1 minuto"},"schema":{"@context":"https:\/\/schema.org","@graph":[{"@type":"WebPage","@id":"https:\/\/conexioneschile.cl\/index.php\/product\/yealink-mini-pc-mcore-ms\/","url":"https:\/\/conexioneschile.cl\/index.php\/product\/yealink-mini-pc-mcore-ms\/","name":"Yealink Mini-PC Mcore-MS - Conexiones Chile","isPartOf":{"@id":"https:\/\/conexioneschile.cl\/#website"},"primaryImageOfPage":{"@id":"https:\/\/conexioneschile.cl\/index.php\/product\/yealink-mini-pc-mcore-ms\/#primaryimage"},"image":{"@id":"https:\/\/conexioneschile.cl\/index.php\/product\/yealink-mini-pc-mcore-ms\/#primaryimage"},"thumbnailUrl":"https:\/\/conexioneschile.cl\/wp-content\/uploads\/2025\/08\/yealink-mcore-ms.webp","datePublished":"2025-08-30T19:27:47+00:00","dateModified":"2025-08-30T19:44:17+00:00","breadcrumb":{"@id":"https:\/\/conexioneschile.cl\/index.php\/product\/yealink-mini-pc-mcore-ms\/#breadcrumb"},"inLanguage":"es","potentialAction":[{"@type":"ReadAction","target":["https:\/\/conexioneschile.cl\/index.php\/product\/yealink-mini-pc-mcore-ms\/"]}]},{"@type":"ImageObject","inLanguage":"es","@id":"https:\/\/conexioneschile.cl\/index.php\/product\/yealink-mini-pc-mcore-ms\/#primaryimage","url":"https:\/\/conexioneschile.cl\/wp-content\/uploads\/2025\/08\/yealink-mcore-ms.webp","contentUrl":"https:\/\/conexioneschile.cl\/wp-content\/uploads\/2025\/08\/yealink-mcore-ms.webp","width":800,"height":800},{"@type":"BreadcrumbList","@id":"https:\/\/conexioneschile.cl\/index.php\/product\/yealink-mini-pc-mcore-ms\/#breadcrumb","itemListElement":[{"@type":"ListItem","position":1,"name":"Portada","item":"https:\/\/conexioneschile.cl\/"},{"@type":"ListItem","position":2,"name":"Shop","item":"https:\/\/conexioneschile.cl\/index.php\/shop\/"},{"@type":"ListItem","position":3,"name":"Yealink Mini-PC Mcore-MS"}]},{"@type":"WebSite","@id":"https:\/\/conexioneschile.cl\/#website","url":"https:\/\/conexioneschile.cl\/","name":"Conexiones Chile","description":"","publisher":{"@id":"https:\/\/conexioneschile.cl\/#organization"},"potentialAction":[{"@type":"SearchAction","target":{"@type":"EntryPoint","urlTemplate":"https:\/\/conexioneschile.cl\/?s={search_term_string}"},"query-input":{"@type":"PropertyValueSpecification","valueRequired":true,"valueName":"search_term_string"}}],"inLanguage":"es"},{"@type":"Organization","@id":"https:\/\/conexioneschile.cl\/#organization","name":"Conexiones Chile","url":"https:\/\/conexioneschile.cl\/","logo":{"@type":"ImageObject","inLanguage":"es","@id":"https:\/\/conexioneschile.cl\/#\/schema\/logo\/image\/","url":"https:\/\/conexioneschile.cl\/wp-content\/uploads\/2025\/09\/cropped-logo-coneexiones.png","contentUrl":"https:\/\/conexioneschile.cl\/wp-content\/uploads\/2025\/09\/cropped-logo-coneexiones.png","width":412,"height":209,"caption":"Conexiones Chile"},"image":{"@id":"https:\/\/conexioneschile.cl\/#\/schema\/logo\/image\/"}}]}},"_links":{"self":[{"href":"https:\/\/conexioneschile.cl\/index.php\/wp-json\/wp\/v2\/product\/24905","targetHints":{"allow":["GET"]}}],"collection":[{"href":"https:\/\/conexioneschile.cl\/index.php\/wp-json\/wp\/v2\/product"}],"about":[{"href":"https:\/\/conexioneschile.cl\/index.php\/wp-json\/wp\/v2\/types\/product"}],"replies":[{"embeddable":true,"href":"https:\/\/conexioneschile.cl\/index.php\/wp-json\/wp\/v2\/comments?post=24905"}],"wp:featuredmedia":[{"embeddable":true,"href":"https:\/\/conexioneschile.cl\/index.php\/wp-json\/wp\/v2\/media\/24904"}],"wp:attachment":[{"href":"https:\/\/conexioneschile.cl\/index.php\/wp-json\/wp\/v2\/media?parent=24905"}],"wp:term":[{"taxonomy":"product_brand","embeddable":true,"href":"https:\/\/conexioneschile.cl\/index.php\/wp-json\/wp\/v2\/product_brand?post=24905"},{"taxonomy":"product_cat","embeddable":true,"href":"https:\/\/conexioneschile.cl\/index.php\/wp-json\/wp\/v2\/product_cat?post=24905"},{"taxonomy":"product_tag","embeddable":true,"href":"https:\/\/conexioneschile.cl\/index.php\/wp-json\/wp\/v2\/product_tag?post=24905"}],"curies":[{"name":"wp","href":"https:\/\/api.w.org\/{rel}","templated":true}]}}