{"id":24995,"date":"2025-08-30T16:29:46","date_gmt":"2025-08-30T19:29:46","guid":{"rendered":"https:\/\/conexioneschile.cl\/index.php\/product\/inyector-poe-24vdc-12w-gbit\/"},"modified":"2025-08-30T16:44:21","modified_gmt":"2025-08-30T19:44:21","slug":"inyector-poe-24vdc-12w-gbit","status":"publish","type":"product","link":"https:\/\/conexioneschile.cl\/index.php\/product\/inyector-poe-24vdc-12w-gbit\/","title":{"rendered":"Inyector PoE 24VDC 12W Gbit"},"content":{"rendered":"<p>El Inyector PoE 24VDC 12W Gbit (POE-24-12W-5P) de Ubiquiti, es una soluci\u00f3n eficiente para alimentar dispositivos PoE en redes de alta velocidad. Con una capacidad de hasta 12W y 24V, este dispositivo est\u00e1 dise\u00f1ado para ofrecer una corriente estable de 0.5A, siendo ideal para aplicaciones Gigabit. Adem\u00e1s, cuenta con protecci\u00f3n avanzada contra sobretensiones, descarga de sobretensi\u00f3n m\u00e1xima y picos de corriente, garantizando la seguridad de los equipos conectados. Su protecci\u00f3n ESD (descarga electrost\u00e1tica) minimiza el riesgo de fallas por da\u00f1os en el exterior, un factor cr\u00edtico en entornos exigentes. Este inyector PoE es compatible con cables de red como el C5, ofreciendo una opci\u00f3n de conexi\u00f3n s\u00f3lida para proyectos de red. Con caracter\u00edsticas de protecci\u00f3n de alta calidad y un rendimiento confiable, es la soluci\u00f3n ideal para mantener sus dispositivos PoE seguros y operativos.<\/p>\n","protected":false},"excerpt":{"rendered":"<p>El Inyector PoE 24VDC 12W Gbit (POE-24-12W-5P) de Ubiquiti, es una soluci\u00f3n eficiente para alimentar dispositivos PoE en redes de alta velocidad. Con una capacidad de hasta 12W y 24V,&#8230;<\/p>\n","protected":false},"featured_media":22484,"comment_status":"open","ping_status":"closed","template":"","meta":[],"product_brand":[164],"product_cat":[237],"product_tag":[],"class_list":{"0":"post-24995","1":"product","2":"type-product","3":"status-publish","4":"has-post-thumbnail","6":"product_brand-ubiquiti","7":"product_cat-accesorios-unifi","9":"first","10":"instock","11":"taxable","12":"shipping-taxable","13":"purchasable","14":"product-type-simple"},"yoast_head":"<!-- This site is optimized with the Yoast SEO plugin v26.6 - https:\/\/yoast.com\/wordpress\/plugins\/seo\/ -->\n<title>Inyector PoE 24VDC 12W Gbit - Conexiones Chile<\/title>\n<meta name=\"robots\" content=\"index, follow, max-snippet:-1, max-image-preview:large, max-video-preview:-1\" \/>\n<link rel=\"canonical\" href=\"https:\/\/conexioneschile.cl\/index.php\/product\/inyector-poe-24vdc-12w-gbit\/\" \/>\n<meta property=\"og:locale\" content=\"es_ES\" \/>\n<meta property=\"og:type\" content=\"article\" \/>\n<meta property=\"og:title\" content=\"Inyector PoE 24VDC 12W Gbit - Conexiones Chile\" \/>\n<meta property=\"og:description\" content=\"El Inyector PoE 24VDC 12W Gbit (POE-24-12W-5P) de Ubiquiti, es una soluci\u00f3n eficiente para alimentar dispositivos PoE en redes de alta velocidad. Con una capacidad de hasta 12W y 24V,...\" \/>\n<meta property=\"og:url\" content=\"https:\/\/conexioneschile.cl\/index.php\/product\/inyector-poe-24vdc-12w-gbit\/\" \/>\n<meta property=\"og:site_name\" content=\"Conexiones Chile\" \/>\n<meta property=\"article:modified_time\" content=\"2025-08-30T19:44:21+00:00\" \/>\n<meta property=\"og:image\" content=\"https:\/\/conexioneschile.cl\/wp-content\/uploads\/2025\/07\/Ubiquiti_POE-24-12W-5P-2.webp\" \/>\n\t<meta property=\"og:image:width\" content=\"500\" \/>\n\t<meta property=\"og:image:height\" content=\"500\" \/>\n\t<meta property=\"og:image:type\" content=\"image\/webp\" \/>\n<meta name=\"twitter:card\" content=\"summary_large_image\" \/>\n<meta name=\"twitter:label1\" content=\"Tiempo de lectura\" \/>\n\t<meta name=\"twitter:data1\" content=\"1 minuto\" \/>\n<script type=\"application\/ld+json\" class=\"yoast-schema-graph\">{\"@context\":\"https:\/\/schema.org\",\"@graph\":[{\"@type\":\"WebPage\",\"@id\":\"https:\/\/conexioneschile.cl\/index.php\/product\/inyector-poe-24vdc-12w-gbit\/\",\"url\":\"https:\/\/conexioneschile.cl\/index.php\/product\/inyector-poe-24vdc-12w-gbit\/\",\"name\":\"Inyector PoE 24VDC 12W Gbit - Conexiones Chile\",\"isPartOf\":{\"@id\":\"https:\/\/conexioneschile.cl\/#website\"},\"primaryImageOfPage\":{\"@id\":\"https:\/\/conexioneschile.cl\/index.php\/product\/inyector-poe-24vdc-12w-gbit\/#primaryimage\"},\"image\":{\"@id\":\"https:\/\/conexioneschile.cl\/index.php\/product\/inyector-poe-24vdc-12w-gbit\/#primaryimage\"},\"thumbnailUrl\":\"https:\/\/conexioneschile.cl\/wp-content\/uploads\/2025\/07\/Ubiquiti_POE-24-12W-5P-2.webp\",\"datePublished\":\"2025-08-30T19:29:46+00:00\",\"dateModified\":\"2025-08-30T19:44:21+00:00\",\"breadcrumb\":{\"@id\":\"https:\/\/conexioneschile.cl\/index.php\/product\/inyector-poe-24vdc-12w-gbit\/#breadcrumb\"},\"inLanguage\":\"es\",\"potentialAction\":[{\"@type\":\"ReadAction\",\"target\":[\"https:\/\/conexioneschile.cl\/index.php\/product\/inyector-poe-24vdc-12w-gbit\/\"]}]},{\"@type\":\"ImageObject\",\"inLanguage\":\"es\",\"@id\":\"https:\/\/conexioneschile.cl\/index.php\/product\/inyector-poe-24vdc-12w-gbit\/#primaryimage\",\"url\":\"https:\/\/conexioneschile.cl\/wp-content\/uploads\/2025\/07\/Ubiquiti_POE-24-12W-5P-2.webp\",\"contentUrl\":\"https:\/\/conexioneschile.cl\/wp-content\/uploads\/2025\/07\/Ubiquiti_POE-24-12W-5P-2.webp\",\"width\":500,\"height\":500},{\"@type\":\"BreadcrumbList\",\"@id\":\"https:\/\/conexioneschile.cl\/index.php\/product\/inyector-poe-24vdc-12w-gbit\/#breadcrumb\",\"itemListElement\":[{\"@type\":\"ListItem\",\"position\":1,\"name\":\"Portada\",\"item\":\"https:\/\/conexioneschile.cl\/\"},{\"@type\":\"ListItem\",\"position\":2,\"name\":\"Shop\",\"item\":\"https:\/\/conexioneschile.cl\/index.php\/shop\/\"},{\"@type\":\"ListItem\",\"position\":3,\"name\":\"Inyector PoE 24VDC 12W Gbit\"}]},{\"@type\":\"WebSite\",\"@id\":\"https:\/\/conexioneschile.cl\/#website\",\"url\":\"https:\/\/conexioneschile.cl\/\",\"name\":\"Conexiones Chile\",\"description\":\"\",\"publisher\":{\"@id\":\"https:\/\/conexioneschile.cl\/#organization\"},\"potentialAction\":[{\"@type\":\"SearchAction\",\"target\":{\"@type\":\"EntryPoint\",\"urlTemplate\":\"https:\/\/conexioneschile.cl\/?s={search_term_string}\"},\"query-input\":{\"@type\":\"PropertyValueSpecification\",\"valueRequired\":true,\"valueName\":\"search_term_string\"}}],\"inLanguage\":\"es\"},{\"@type\":\"Organization\",\"@id\":\"https:\/\/conexioneschile.cl\/#organization\",\"name\":\"Conexiones Chile\",\"url\":\"https:\/\/conexioneschile.cl\/\",\"logo\":{\"@type\":\"ImageObject\",\"inLanguage\":\"es\",\"@id\":\"https:\/\/conexioneschile.cl\/#\/schema\/logo\/image\/\",\"url\":\"https:\/\/conexioneschile.cl\/wp-content\/uploads\/2025\/09\/cropped-logo-coneexiones.png\",\"contentUrl\":\"https:\/\/conexioneschile.cl\/wp-content\/uploads\/2025\/09\/cropped-logo-coneexiones.png\",\"width\":412,\"height\":209,\"caption\":\"Conexiones Chile\"},\"image\":{\"@id\":\"https:\/\/conexioneschile.cl\/#\/schema\/logo\/image\/\"}}]}<\/script>\n<!-- \/ Yoast SEO plugin. -->","yoast_head_json":{"title":"Inyector PoE 24VDC 12W Gbit - Conexiones Chile","robots":{"index":"index","follow":"follow","max-snippet":"max-snippet:-1","max-image-preview":"max-image-preview:large","max-video-preview":"max-video-preview:-1"},"canonical":"https:\/\/conexioneschile.cl\/index.php\/product\/inyector-poe-24vdc-12w-gbit\/","og_locale":"es_ES","og_type":"article","og_title":"Inyector PoE 24VDC 12W Gbit - Conexiones Chile","og_description":"El Inyector PoE 24VDC 12W Gbit (POE-24-12W-5P) de Ubiquiti, es una soluci\u00f3n eficiente para alimentar dispositivos PoE en redes de alta velocidad. Con una capacidad de hasta 12W y 24V,...","og_url":"https:\/\/conexioneschile.cl\/index.php\/product\/inyector-poe-24vdc-12w-gbit\/","og_site_name":"Conexiones Chile","article_modified_time":"2025-08-30T19:44:21+00:00","og_image":[{"width":500,"height":500,"url":"https:\/\/conexioneschile.cl\/wp-content\/uploads\/2025\/07\/Ubiquiti_POE-24-12W-5P-2.webp","type":"image\/webp"}],"twitter_card":"summary_large_image","twitter_misc":{"Tiempo de lectura":"1 minuto"},"schema":{"@context":"https:\/\/schema.org","@graph":[{"@type":"WebPage","@id":"https:\/\/conexioneschile.cl\/index.php\/product\/inyector-poe-24vdc-12w-gbit\/","url":"https:\/\/conexioneschile.cl\/index.php\/product\/inyector-poe-24vdc-12w-gbit\/","name":"Inyector PoE 24VDC 12W Gbit - Conexiones Chile","isPartOf":{"@id":"https:\/\/conexioneschile.cl\/#website"},"primaryImageOfPage":{"@id":"https:\/\/conexioneschile.cl\/index.php\/product\/inyector-poe-24vdc-12w-gbit\/#primaryimage"},"image":{"@id":"https:\/\/conexioneschile.cl\/index.php\/product\/inyector-poe-24vdc-12w-gbit\/#primaryimage"},"thumbnailUrl":"https:\/\/conexioneschile.cl\/wp-content\/uploads\/2025\/07\/Ubiquiti_POE-24-12W-5P-2.webp","datePublished":"2025-08-30T19:29:46+00:00","dateModified":"2025-08-30T19:44:21+00:00","breadcrumb":{"@id":"https:\/\/conexioneschile.cl\/index.php\/product\/inyector-poe-24vdc-12w-gbit\/#breadcrumb"},"inLanguage":"es","potentialAction":[{"@type":"ReadAction","target":["https:\/\/conexioneschile.cl\/index.php\/product\/inyector-poe-24vdc-12w-gbit\/"]}]},{"@type":"ImageObject","inLanguage":"es","@id":"https:\/\/conexioneschile.cl\/index.php\/product\/inyector-poe-24vdc-12w-gbit\/#primaryimage","url":"https:\/\/conexioneschile.cl\/wp-content\/uploads\/2025\/07\/Ubiquiti_POE-24-12W-5P-2.webp","contentUrl":"https:\/\/conexioneschile.cl\/wp-content\/uploads\/2025\/07\/Ubiquiti_POE-24-12W-5P-2.webp","width":500,"height":500},{"@type":"BreadcrumbList","@id":"https:\/\/conexioneschile.cl\/index.php\/product\/inyector-poe-24vdc-12w-gbit\/#breadcrumb","itemListElement":[{"@type":"ListItem","position":1,"name":"Portada","item":"https:\/\/conexioneschile.cl\/"},{"@type":"ListItem","position":2,"name":"Shop","item":"https:\/\/conexioneschile.cl\/index.php\/shop\/"},{"@type":"ListItem","position":3,"name":"Inyector PoE 24VDC 12W Gbit"}]},{"@type":"WebSite","@id":"https:\/\/conexioneschile.cl\/#website","url":"https:\/\/conexioneschile.cl\/","name":"Conexiones Chile","description":"","publisher":{"@id":"https:\/\/conexioneschile.cl\/#organization"},"potentialAction":[{"@type":"SearchAction","target":{"@type":"EntryPoint","urlTemplate":"https:\/\/conexioneschile.cl\/?s={search_term_string}"},"query-input":{"@type":"PropertyValueSpecification","valueRequired":true,"valueName":"search_term_string"}}],"inLanguage":"es"},{"@type":"Organization","@id":"https:\/\/conexioneschile.cl\/#organization","name":"Conexiones Chile","url":"https:\/\/conexioneschile.cl\/","logo":{"@type":"ImageObject","inLanguage":"es","@id":"https:\/\/conexioneschile.cl\/#\/schema\/logo\/image\/","url":"https:\/\/conexioneschile.cl\/wp-content\/uploads\/2025\/09\/cropped-logo-coneexiones.png","contentUrl":"https:\/\/conexioneschile.cl\/wp-content\/uploads\/2025\/09\/cropped-logo-coneexiones.png","width":412,"height":209,"caption":"Conexiones Chile"},"image":{"@id":"https:\/\/conexioneschile.cl\/#\/schema\/logo\/image\/"}}]}},"_links":{"self":[{"href":"https:\/\/conexioneschile.cl\/index.php\/wp-json\/wp\/v2\/product\/24995","targetHints":{"allow":["GET"]}}],"collection":[{"href":"https:\/\/conexioneschile.cl\/index.php\/wp-json\/wp\/v2\/product"}],"about":[{"href":"https:\/\/conexioneschile.cl\/index.php\/wp-json\/wp\/v2\/types\/product"}],"replies":[{"embeddable":true,"href":"https:\/\/conexioneschile.cl\/index.php\/wp-json\/wp\/v2\/comments?post=24995"}],"wp:featuredmedia":[{"embeddable":true,"href":"https:\/\/conexioneschile.cl\/index.php\/wp-json\/wp\/v2\/media\/22484"}],"wp:attachment":[{"href":"https:\/\/conexioneschile.cl\/index.php\/wp-json\/wp\/v2\/media?parent=24995"}],"wp:term":[{"taxonomy":"product_brand","embeddable":true,"href":"https:\/\/conexioneschile.cl\/index.php\/wp-json\/wp\/v2\/product_brand?post=24995"},{"taxonomy":"product_cat","embeddable":true,"href":"https:\/\/conexioneschile.cl\/index.php\/wp-json\/wp\/v2\/product_cat?post=24995"},{"taxonomy":"product_tag","embeddable":true,"href":"https:\/\/conexioneschile.cl\/index.php\/wp-json\/wp\/v2\/product_tag?post=24995"}],"curies":[{"name":"wp","href":"https:\/\/api.w.org\/{rel}","templated":true}]}}