{"id":25156,"date":"2025-08-30T16:33:35","date_gmt":"2025-08-30T19:33:35","guid":{"rendered":"https:\/\/conexioneschile.cl\/index.php\/product\/telefono-de-escritorio-empresarial-sip-t58w\/"},"modified":"2025-08-30T16:44:27","modified_gmt":"2025-08-30T19:44:27","slug":"telefono-de-escritorio-empresarial-sip-t58w","status":"publish","type":"product","link":"https:\/\/conexioneschile.cl\/index.php\/product\/telefono-de-escritorio-empresarial-sip-t58w\/","title":{"rendered":"Tel\u00e9fono de Escritorio Empresarial SIP-T58W"},"content":{"rendered":"<p>El Yealink SIP-T58W Pro es un tel\u00e9fono empresarial inteligente f\u00e1cil de usar que proporciona una experiencia de audio y videollamadas HD enriquecida para profesionales de negocios. Este tel\u00e9fono empresarial inteligente permite una comunicaci\u00f3n visual que mejora la productividad con la facilidad de un tel\u00e9fono est\u00e1ndar. Pro significa que este tel\u00e9fono es compatible con el tel\u00e9fono Yealink Bluetooth BTH58, con el que los usuarios pueden moverse libremente cuando est\u00e1n en una llamada, no m\u00e1s llamadas perdidas cuando dejan su escritorio. Con un alcance de hasta 10 metros (30 pies), el auricular Bluetooth Yealink ofrece m\u00e1s flexibilidad de oficina para los usuarios. Basado en el sistema operativo Android 9.0, el SIP-T58W Pro adopta una nueva interfaz de usuario, que es m\u00e1s concisa y comercial, lo que mejora en gran medida la eficiencia del trabajo del usuario. Adem\u00e1s, el SIP-T58W Pro se integra con los sistemas de intercomunicaci\u00f3n de video IP de los principales proveedores del mercado, brindando una verdadera rentabilidad a los clientes.<\/p>\n","protected":false},"excerpt":{"rendered":"<p>El Yealink SIP-T58W Pro es un tel\u00e9fono empresarial inteligente f\u00e1cil de usar que proporciona una experiencia de audio y videollamadas HD enriquecida para profesionales de negocios. Este tel\u00e9fono empresarial inteligente&#8230;<\/p>\n","protected":false},"featured_media":25155,"comment_status":"open","ping_status":"closed","template":"","meta":[],"product_brand":[163],"product_cat":[266],"product_tag":[],"class_list":{"0":"post-25156","1":"product","2":"type-product","3":"status-publish","4":"has-post-thumbnail","6":"product_brand-yealink","7":"product_cat-telefonia","9":"first","10":"instock","11":"taxable","12":"shipping-taxable","13":"purchasable","14":"product-type-simple"},"yoast_head":"<!-- This site is optimized with the Yoast SEO plugin v26.6 - https:\/\/yoast.com\/wordpress\/plugins\/seo\/ -->\n<title>Tel\u00e9fono de Escritorio Empresarial SIP-T58W - Conexiones Chile<\/title>\n<meta name=\"robots\" content=\"index, follow, max-snippet:-1, max-image-preview:large, max-video-preview:-1\" \/>\n<link rel=\"canonical\" href=\"https:\/\/conexioneschile.cl\/index.php\/product\/telefono-de-escritorio-empresarial-sip-t58w\/\" \/>\n<meta property=\"og:locale\" content=\"es_ES\" \/>\n<meta property=\"og:type\" content=\"article\" \/>\n<meta property=\"og:title\" content=\"Tel\u00e9fono de Escritorio Empresarial SIP-T58W - Conexiones Chile\" \/>\n<meta property=\"og:description\" content=\"El Yealink SIP-T58W Pro es un tel\u00e9fono empresarial inteligente f\u00e1cil de usar que proporciona una experiencia de audio y videollamadas HD enriquecida para profesionales de negocios. Este tel\u00e9fono empresarial inteligente...\" \/>\n<meta property=\"og:url\" content=\"https:\/\/conexioneschile.cl\/index.php\/product\/telefono-de-escritorio-empresarial-sip-t58w\/\" \/>\n<meta property=\"og:site_name\" content=\"Conexiones Chile\" \/>\n<meta property=\"article:modified_time\" content=\"2025-08-30T19:44:27+00:00\" \/>\n<meta property=\"og:image\" content=\"https:\/\/conexioneschile.cl\/wp-content\/uploads\/2025\/08\/SIP-T58W-Pro-02.webp\" \/>\n\t<meta property=\"og:image:width\" content=\"600\" \/>\n\t<meta property=\"og:image:height\" content=\"600\" \/>\n\t<meta property=\"og:image:type\" content=\"image\/webp\" \/>\n<meta name=\"twitter:card\" content=\"summary_large_image\" \/>\n<meta name=\"twitter:label1\" content=\"Tiempo de lectura\" \/>\n\t<meta name=\"twitter:data1\" content=\"1 minuto\" \/>\n<script type=\"application\/ld+json\" class=\"yoast-schema-graph\">{\"@context\":\"https:\/\/schema.org\",\"@graph\":[{\"@type\":\"WebPage\",\"@id\":\"https:\/\/conexioneschile.cl\/index.php\/product\/telefono-de-escritorio-empresarial-sip-t58w\/\",\"url\":\"https:\/\/conexioneschile.cl\/index.php\/product\/telefono-de-escritorio-empresarial-sip-t58w\/\",\"name\":\"Tel\u00e9fono de Escritorio Empresarial SIP-T58W - Conexiones Chile\",\"isPartOf\":{\"@id\":\"https:\/\/conexioneschile.cl\/#website\"},\"primaryImageOfPage\":{\"@id\":\"https:\/\/conexioneschile.cl\/index.php\/product\/telefono-de-escritorio-empresarial-sip-t58w\/#primaryimage\"},\"image\":{\"@id\":\"https:\/\/conexioneschile.cl\/index.php\/product\/telefono-de-escritorio-empresarial-sip-t58w\/#primaryimage\"},\"thumbnailUrl\":\"https:\/\/conexioneschile.cl\/wp-content\/uploads\/2025\/08\/SIP-T58W-Pro-02.webp\",\"datePublished\":\"2025-08-30T19:33:35+00:00\",\"dateModified\":\"2025-08-30T19:44:27+00:00\",\"breadcrumb\":{\"@id\":\"https:\/\/conexioneschile.cl\/index.php\/product\/telefono-de-escritorio-empresarial-sip-t58w\/#breadcrumb\"},\"inLanguage\":\"es\",\"potentialAction\":[{\"@type\":\"ReadAction\",\"target\":[\"https:\/\/conexioneschile.cl\/index.php\/product\/telefono-de-escritorio-empresarial-sip-t58w\/\"]}]},{\"@type\":\"ImageObject\",\"inLanguage\":\"es\",\"@id\":\"https:\/\/conexioneschile.cl\/index.php\/product\/telefono-de-escritorio-empresarial-sip-t58w\/#primaryimage\",\"url\":\"https:\/\/conexioneschile.cl\/wp-content\/uploads\/2025\/08\/SIP-T58W-Pro-02.webp\",\"contentUrl\":\"https:\/\/conexioneschile.cl\/wp-content\/uploads\/2025\/08\/SIP-T58W-Pro-02.webp\",\"width\":600,\"height\":600},{\"@type\":\"BreadcrumbList\",\"@id\":\"https:\/\/conexioneschile.cl\/index.php\/product\/telefono-de-escritorio-empresarial-sip-t58w\/#breadcrumb\",\"itemListElement\":[{\"@type\":\"ListItem\",\"position\":1,\"name\":\"Portada\",\"item\":\"https:\/\/conexioneschile.cl\/\"},{\"@type\":\"ListItem\",\"position\":2,\"name\":\"Shop\",\"item\":\"https:\/\/conexioneschile.cl\/index.php\/shop\/\"},{\"@type\":\"ListItem\",\"position\":3,\"name\":\"Tel\u00e9fono de Escritorio Empresarial SIP-T58W\"}]},{\"@type\":\"WebSite\",\"@id\":\"https:\/\/conexioneschile.cl\/#website\",\"url\":\"https:\/\/conexioneschile.cl\/\",\"name\":\"Conexiones Chile\",\"description\":\"\",\"publisher\":{\"@id\":\"https:\/\/conexioneschile.cl\/#organization\"},\"potentialAction\":[{\"@type\":\"SearchAction\",\"target\":{\"@type\":\"EntryPoint\",\"urlTemplate\":\"https:\/\/conexioneschile.cl\/?s={search_term_string}\"},\"query-input\":{\"@type\":\"PropertyValueSpecification\",\"valueRequired\":true,\"valueName\":\"search_term_string\"}}],\"inLanguage\":\"es\"},{\"@type\":\"Organization\",\"@id\":\"https:\/\/conexioneschile.cl\/#organization\",\"name\":\"Conexiones Chile\",\"url\":\"https:\/\/conexioneschile.cl\/\",\"logo\":{\"@type\":\"ImageObject\",\"inLanguage\":\"es\",\"@id\":\"https:\/\/conexioneschile.cl\/#\/schema\/logo\/image\/\",\"url\":\"https:\/\/conexioneschile.cl\/wp-content\/uploads\/2025\/09\/cropped-logo-coneexiones.png\",\"contentUrl\":\"https:\/\/conexioneschile.cl\/wp-content\/uploads\/2025\/09\/cropped-logo-coneexiones.png\",\"width\":412,\"height\":209,\"caption\":\"Conexiones Chile\"},\"image\":{\"@id\":\"https:\/\/conexioneschile.cl\/#\/schema\/logo\/image\/\"}}]}<\/script>\n<!-- \/ Yoast SEO plugin. -->","yoast_head_json":{"title":"Tel\u00e9fono de Escritorio Empresarial SIP-T58W - Conexiones Chile","robots":{"index":"index","follow":"follow","max-snippet":"max-snippet:-1","max-image-preview":"max-image-preview:large","max-video-preview":"max-video-preview:-1"},"canonical":"https:\/\/conexioneschile.cl\/index.php\/product\/telefono-de-escritorio-empresarial-sip-t58w\/","og_locale":"es_ES","og_type":"article","og_title":"Tel\u00e9fono de Escritorio Empresarial SIP-T58W - Conexiones Chile","og_description":"El Yealink SIP-T58W Pro es un tel\u00e9fono empresarial inteligente f\u00e1cil de usar que proporciona una experiencia de audio y videollamadas HD enriquecida para profesionales de negocios. Este tel\u00e9fono empresarial inteligente...","og_url":"https:\/\/conexioneschile.cl\/index.php\/product\/telefono-de-escritorio-empresarial-sip-t58w\/","og_site_name":"Conexiones Chile","article_modified_time":"2025-08-30T19:44:27+00:00","og_image":[{"width":600,"height":600,"url":"https:\/\/conexioneschile.cl\/wp-content\/uploads\/2025\/08\/SIP-T58W-Pro-02.webp","type":"image\/webp"}],"twitter_card":"summary_large_image","twitter_misc":{"Tiempo de lectura":"1 minuto"},"schema":{"@context":"https:\/\/schema.org","@graph":[{"@type":"WebPage","@id":"https:\/\/conexioneschile.cl\/index.php\/product\/telefono-de-escritorio-empresarial-sip-t58w\/","url":"https:\/\/conexioneschile.cl\/index.php\/product\/telefono-de-escritorio-empresarial-sip-t58w\/","name":"Tel\u00e9fono de Escritorio Empresarial SIP-T58W - Conexiones Chile","isPartOf":{"@id":"https:\/\/conexioneschile.cl\/#website"},"primaryImageOfPage":{"@id":"https:\/\/conexioneschile.cl\/index.php\/product\/telefono-de-escritorio-empresarial-sip-t58w\/#primaryimage"},"image":{"@id":"https:\/\/conexioneschile.cl\/index.php\/product\/telefono-de-escritorio-empresarial-sip-t58w\/#primaryimage"},"thumbnailUrl":"https:\/\/conexioneschile.cl\/wp-content\/uploads\/2025\/08\/SIP-T58W-Pro-02.webp","datePublished":"2025-08-30T19:33:35+00:00","dateModified":"2025-08-30T19:44:27+00:00","breadcrumb":{"@id":"https:\/\/conexioneschile.cl\/index.php\/product\/telefono-de-escritorio-empresarial-sip-t58w\/#breadcrumb"},"inLanguage":"es","potentialAction":[{"@type":"ReadAction","target":["https:\/\/conexioneschile.cl\/index.php\/product\/telefono-de-escritorio-empresarial-sip-t58w\/"]}]},{"@type":"ImageObject","inLanguage":"es","@id":"https:\/\/conexioneschile.cl\/index.php\/product\/telefono-de-escritorio-empresarial-sip-t58w\/#primaryimage","url":"https:\/\/conexioneschile.cl\/wp-content\/uploads\/2025\/08\/SIP-T58W-Pro-02.webp","contentUrl":"https:\/\/conexioneschile.cl\/wp-content\/uploads\/2025\/08\/SIP-T58W-Pro-02.webp","width":600,"height":600},{"@type":"BreadcrumbList","@id":"https:\/\/conexioneschile.cl\/index.php\/product\/telefono-de-escritorio-empresarial-sip-t58w\/#breadcrumb","itemListElement":[{"@type":"ListItem","position":1,"name":"Portada","item":"https:\/\/conexioneschile.cl\/"},{"@type":"ListItem","position":2,"name":"Shop","item":"https:\/\/conexioneschile.cl\/index.php\/shop\/"},{"@type":"ListItem","position":3,"name":"Tel\u00e9fono de Escritorio Empresarial SIP-T58W"}]},{"@type":"WebSite","@id":"https:\/\/conexioneschile.cl\/#website","url":"https:\/\/conexioneschile.cl\/","name":"Conexiones Chile","description":"","publisher":{"@id":"https:\/\/conexioneschile.cl\/#organization"},"potentialAction":[{"@type":"SearchAction","target":{"@type":"EntryPoint","urlTemplate":"https:\/\/conexioneschile.cl\/?s={search_term_string}"},"query-input":{"@type":"PropertyValueSpecification","valueRequired":true,"valueName":"search_term_string"}}],"inLanguage":"es"},{"@type":"Organization","@id":"https:\/\/conexioneschile.cl\/#organization","name":"Conexiones Chile","url":"https:\/\/conexioneschile.cl\/","logo":{"@type":"ImageObject","inLanguage":"es","@id":"https:\/\/conexioneschile.cl\/#\/schema\/logo\/image\/","url":"https:\/\/conexioneschile.cl\/wp-content\/uploads\/2025\/09\/cropped-logo-coneexiones.png","contentUrl":"https:\/\/conexioneschile.cl\/wp-content\/uploads\/2025\/09\/cropped-logo-coneexiones.png","width":412,"height":209,"caption":"Conexiones Chile"},"image":{"@id":"https:\/\/conexioneschile.cl\/#\/schema\/logo\/image\/"}}]}},"_links":{"self":[{"href":"https:\/\/conexioneschile.cl\/index.php\/wp-json\/wp\/v2\/product\/25156","targetHints":{"allow":["GET"]}}],"collection":[{"href":"https:\/\/conexioneschile.cl\/index.php\/wp-json\/wp\/v2\/product"}],"about":[{"href":"https:\/\/conexioneschile.cl\/index.php\/wp-json\/wp\/v2\/types\/product"}],"replies":[{"embeddable":true,"href":"https:\/\/conexioneschile.cl\/index.php\/wp-json\/wp\/v2\/comments?post=25156"}],"wp:featuredmedia":[{"embeddable":true,"href":"https:\/\/conexioneschile.cl\/index.php\/wp-json\/wp\/v2\/media\/25155"}],"wp:attachment":[{"href":"https:\/\/conexioneschile.cl\/index.php\/wp-json\/wp\/v2\/media?parent=25156"}],"wp:term":[{"taxonomy":"product_brand","embeddable":true,"href":"https:\/\/conexioneschile.cl\/index.php\/wp-json\/wp\/v2\/product_brand?post=25156"},{"taxonomy":"product_cat","embeddable":true,"href":"https:\/\/conexioneschile.cl\/index.php\/wp-json\/wp\/v2\/product_cat?post=25156"},{"taxonomy":"product_tag","embeddable":true,"href":"https:\/\/conexioneschile.cl\/index.php\/wp-json\/wp\/v2\/product_tag?post=25156"}],"curies":[{"name":"wp","href":"https:\/\/api.w.org\/{rel}","templated":true}]}}