{"id":25216,"date":"2025-08-30T16:35:00","date_gmt":"2025-08-30T19:35:00","guid":{"rendered":"https:\/\/conexioneschile.cl\/index.php\/product\/long-range-ethernet-repeater\/"},"modified":"2025-08-30T16:44:30","modified_gmt":"2025-08-30T19:44:30","slug":"long-range-ethernet-repeater","status":"publish","type":"product","link":"https:\/\/conexioneschile.cl\/index.php\/product\/long-range-ethernet-repeater\/","title":{"rendered":"Long-Range Ethernet Repeater"},"content":{"rendered":"<p>Adaptador Ethernet Gigabit de largo alcance que recibe PoE\/PoE+ y ofrece salida de PoE passthrough. Este adaptador Ethernet Gigabit est\u00e1 dise\u00f1ado para extender las conexiones PoE hasta 1 km*, brindando una soluci\u00f3n eficaz para ampliar el alcance de la alimentaci\u00f3n y la conectividad en redes. Cuenta con un puerto GbE RJ45 para la entrada de PoE\/PoE+** y otro puerto GbE RJ45 para la salida de PoE passthrough, lo que permite alimentar dispositivos adicionales a lo largo de la cadena. Con protecci\u00f3n contra sobretensiones de 10kA o m\u00e1s, garantiza la seguridad y estabilidad de la red incluso en condiciones adversas. Este adaptador es capaz de funcionar de manera confiable en temperaturas extremas, desde -40 hasta 80\u00b0 C, lo que lo hace adecuado para una variedad de entornos. Es importante destacar que para extender la conexi\u00f3n PoE, se deben colocar repetidores en incrementos de 100 metros*. Adem\u00e1s, la alimentaci\u00f3n se realiza a trav\u00e9s de los pines 1, 2+; 3, 6-, lo cual puede no ser compatible con ciertos interruptores de terceros. Se recomienda utilizar un interruptor UniFi para alimentar el dispositivo y garantizar una compatibilidad \u00f3ptima. Este adaptador proporciona una soluci\u00f3n robusta y vers\u00e1til para extender las conexiones PoE en redes, ofreciendo potencia y conectividad fiables en distancias extendidas. *Los repetidores deben colocarse en incrementos de 100 metros. **Alimentado con pines 1, 2+; 3, 6-, lo cual puede no ser compatible con ciertos interruptores de terceros. Se recomienda utilizar un interruptor UniFi para alimentar el dispositivo.<\/p>\n","protected":false},"excerpt":{"rendered":"<p>Adaptador Ethernet Gigabit de largo alcance que recibe PoE\/PoE+ y ofrece salida de PoE passthrough. Este adaptador Ethernet Gigabit est\u00e1 dise\u00f1ado para extender las conexiones PoE hasta 1 km*, brindando&#8230;<\/p>\n","protected":false},"featured_media":23134,"comment_status":"open","ping_status":"closed","template":"","meta":[],"product_brand":[164],"product_cat":[264],"product_tag":[],"class_list":{"0":"post-25216","1":"product","2":"type-product","3":"status-publish","4":"has-post-thumbnail","6":"product_brand-ubiquiti","7":"product_cat-wifi","9":"first","10":"instock","11":"taxable","12":"shipping-taxable","13":"purchasable","14":"product-type-simple"},"yoast_head":"<!-- This site is optimized with the Yoast SEO plugin v26.6 - https:\/\/yoast.com\/wordpress\/plugins\/seo\/ -->\n<title>Long-Range Ethernet Repeater - Conexiones Chile<\/title>\n<meta name=\"robots\" content=\"index, follow, max-snippet:-1, max-image-preview:large, max-video-preview:-1\" \/>\n<link rel=\"canonical\" href=\"https:\/\/conexioneschile.cl\/index.php\/product\/long-range-ethernet-repeater\/\" \/>\n<meta property=\"og:locale\" content=\"es_ES\" \/>\n<meta property=\"og:type\" content=\"article\" \/>\n<meta property=\"og:title\" content=\"Long-Range Ethernet Repeater - Conexiones Chile\" \/>\n<meta property=\"og:description\" content=\"Adaptador Ethernet Gigabit de largo alcance que recibe PoE\/PoE+ y ofrece salida de PoE passthrough. Este adaptador Ethernet Gigabit est\u00e1 dise\u00f1ado para extender las conexiones PoE hasta 1 km*, brindando...\" \/>\n<meta property=\"og:url\" content=\"https:\/\/conexioneschile.cl\/index.php\/product\/long-range-ethernet-repeater\/\" \/>\n<meta property=\"og:site_name\" content=\"Conexiones Chile\" \/>\n<meta property=\"article:modified_time\" content=\"2025-08-30T19:44:30+00:00\" \/>\n<meta property=\"og:image\" content=\"https:\/\/conexioneschile.cl\/wp-content\/uploads\/2025\/07\/Long-Range-Ethernet-Repeater-1-1.webp\" \/>\n\t<meta property=\"og:image:width\" content=\"1080\" \/>\n\t<meta property=\"og:image:height\" content=\"1080\" \/>\n\t<meta property=\"og:image:type\" content=\"image\/webp\" \/>\n<meta name=\"twitter:card\" content=\"summary_large_image\" \/>\n<meta name=\"twitter:label1\" content=\"Tiempo de lectura\" \/>\n\t<meta name=\"twitter:data1\" content=\"1 minuto\" \/>\n<script type=\"application\/ld+json\" class=\"yoast-schema-graph\">{\"@context\":\"https:\/\/schema.org\",\"@graph\":[{\"@type\":\"WebPage\",\"@id\":\"https:\/\/conexioneschile.cl\/index.php\/product\/long-range-ethernet-repeater\/\",\"url\":\"https:\/\/conexioneschile.cl\/index.php\/product\/long-range-ethernet-repeater\/\",\"name\":\"Long-Range Ethernet Repeater - Conexiones Chile\",\"isPartOf\":{\"@id\":\"https:\/\/conexioneschile.cl\/#website\"},\"primaryImageOfPage\":{\"@id\":\"https:\/\/conexioneschile.cl\/index.php\/product\/long-range-ethernet-repeater\/#primaryimage\"},\"image\":{\"@id\":\"https:\/\/conexioneschile.cl\/index.php\/product\/long-range-ethernet-repeater\/#primaryimage\"},\"thumbnailUrl\":\"https:\/\/conexioneschile.cl\/wp-content\/uploads\/2025\/07\/Long-Range-Ethernet-Repeater-1-1.webp\",\"datePublished\":\"2025-08-30T19:35:00+00:00\",\"dateModified\":\"2025-08-30T19:44:30+00:00\",\"breadcrumb\":{\"@id\":\"https:\/\/conexioneschile.cl\/index.php\/product\/long-range-ethernet-repeater\/#breadcrumb\"},\"inLanguage\":\"es\",\"potentialAction\":[{\"@type\":\"ReadAction\",\"target\":[\"https:\/\/conexioneschile.cl\/index.php\/product\/long-range-ethernet-repeater\/\"]}]},{\"@type\":\"ImageObject\",\"inLanguage\":\"es\",\"@id\":\"https:\/\/conexioneschile.cl\/index.php\/product\/long-range-ethernet-repeater\/#primaryimage\",\"url\":\"https:\/\/conexioneschile.cl\/wp-content\/uploads\/2025\/07\/Long-Range-Ethernet-Repeater-1-1.webp\",\"contentUrl\":\"https:\/\/conexioneschile.cl\/wp-content\/uploads\/2025\/07\/Long-Range-Ethernet-Repeater-1-1.webp\",\"width\":1080,\"height\":1080},{\"@type\":\"BreadcrumbList\",\"@id\":\"https:\/\/conexioneschile.cl\/index.php\/product\/long-range-ethernet-repeater\/#breadcrumb\",\"itemListElement\":[{\"@type\":\"ListItem\",\"position\":1,\"name\":\"Portada\",\"item\":\"https:\/\/conexioneschile.cl\/\"},{\"@type\":\"ListItem\",\"position\":2,\"name\":\"Shop\",\"item\":\"https:\/\/conexioneschile.cl\/index.php\/shop\/\"},{\"@type\":\"ListItem\",\"position\":3,\"name\":\"Long-Range Ethernet Repeater\"}]},{\"@type\":\"WebSite\",\"@id\":\"https:\/\/conexioneschile.cl\/#website\",\"url\":\"https:\/\/conexioneschile.cl\/\",\"name\":\"Conexiones Chile\",\"description\":\"\",\"publisher\":{\"@id\":\"https:\/\/conexioneschile.cl\/#organization\"},\"potentialAction\":[{\"@type\":\"SearchAction\",\"target\":{\"@type\":\"EntryPoint\",\"urlTemplate\":\"https:\/\/conexioneschile.cl\/?s={search_term_string}\"},\"query-input\":{\"@type\":\"PropertyValueSpecification\",\"valueRequired\":true,\"valueName\":\"search_term_string\"}}],\"inLanguage\":\"es\"},{\"@type\":\"Organization\",\"@id\":\"https:\/\/conexioneschile.cl\/#organization\",\"name\":\"Conexiones Chile\",\"url\":\"https:\/\/conexioneschile.cl\/\",\"logo\":{\"@type\":\"ImageObject\",\"inLanguage\":\"es\",\"@id\":\"https:\/\/conexioneschile.cl\/#\/schema\/logo\/image\/\",\"url\":\"https:\/\/conexioneschile.cl\/wp-content\/uploads\/2025\/09\/cropped-logo-coneexiones.png\",\"contentUrl\":\"https:\/\/conexioneschile.cl\/wp-content\/uploads\/2025\/09\/cropped-logo-coneexiones.png\",\"width\":412,\"height\":209,\"caption\":\"Conexiones Chile\"},\"image\":{\"@id\":\"https:\/\/conexioneschile.cl\/#\/schema\/logo\/image\/\"}}]}<\/script>\n<!-- \/ Yoast SEO plugin. -->","yoast_head_json":{"title":"Long-Range Ethernet Repeater - Conexiones Chile","robots":{"index":"index","follow":"follow","max-snippet":"max-snippet:-1","max-image-preview":"max-image-preview:large","max-video-preview":"max-video-preview:-1"},"canonical":"https:\/\/conexioneschile.cl\/index.php\/product\/long-range-ethernet-repeater\/","og_locale":"es_ES","og_type":"article","og_title":"Long-Range Ethernet Repeater - Conexiones Chile","og_description":"Adaptador Ethernet Gigabit de largo alcance que recibe PoE\/PoE+ y ofrece salida de PoE passthrough. Este adaptador Ethernet Gigabit est\u00e1 dise\u00f1ado para extender las conexiones PoE hasta 1 km*, brindando...","og_url":"https:\/\/conexioneschile.cl\/index.php\/product\/long-range-ethernet-repeater\/","og_site_name":"Conexiones Chile","article_modified_time":"2025-08-30T19:44:30+00:00","og_image":[{"width":1080,"height":1080,"url":"https:\/\/conexioneschile.cl\/wp-content\/uploads\/2025\/07\/Long-Range-Ethernet-Repeater-1-1.webp","type":"image\/webp"}],"twitter_card":"summary_large_image","twitter_misc":{"Tiempo de lectura":"1 minuto"},"schema":{"@context":"https:\/\/schema.org","@graph":[{"@type":"WebPage","@id":"https:\/\/conexioneschile.cl\/index.php\/product\/long-range-ethernet-repeater\/","url":"https:\/\/conexioneschile.cl\/index.php\/product\/long-range-ethernet-repeater\/","name":"Long-Range Ethernet Repeater - Conexiones Chile","isPartOf":{"@id":"https:\/\/conexioneschile.cl\/#website"},"primaryImageOfPage":{"@id":"https:\/\/conexioneschile.cl\/index.php\/product\/long-range-ethernet-repeater\/#primaryimage"},"image":{"@id":"https:\/\/conexioneschile.cl\/index.php\/product\/long-range-ethernet-repeater\/#primaryimage"},"thumbnailUrl":"https:\/\/conexioneschile.cl\/wp-content\/uploads\/2025\/07\/Long-Range-Ethernet-Repeater-1-1.webp","datePublished":"2025-08-30T19:35:00+00:00","dateModified":"2025-08-30T19:44:30+00:00","breadcrumb":{"@id":"https:\/\/conexioneschile.cl\/index.php\/product\/long-range-ethernet-repeater\/#breadcrumb"},"inLanguage":"es","potentialAction":[{"@type":"ReadAction","target":["https:\/\/conexioneschile.cl\/index.php\/product\/long-range-ethernet-repeater\/"]}]},{"@type":"ImageObject","inLanguage":"es","@id":"https:\/\/conexioneschile.cl\/index.php\/product\/long-range-ethernet-repeater\/#primaryimage","url":"https:\/\/conexioneschile.cl\/wp-content\/uploads\/2025\/07\/Long-Range-Ethernet-Repeater-1-1.webp","contentUrl":"https:\/\/conexioneschile.cl\/wp-content\/uploads\/2025\/07\/Long-Range-Ethernet-Repeater-1-1.webp","width":1080,"height":1080},{"@type":"BreadcrumbList","@id":"https:\/\/conexioneschile.cl\/index.php\/product\/long-range-ethernet-repeater\/#breadcrumb","itemListElement":[{"@type":"ListItem","position":1,"name":"Portada","item":"https:\/\/conexioneschile.cl\/"},{"@type":"ListItem","position":2,"name":"Shop","item":"https:\/\/conexioneschile.cl\/index.php\/shop\/"},{"@type":"ListItem","position":3,"name":"Long-Range Ethernet Repeater"}]},{"@type":"WebSite","@id":"https:\/\/conexioneschile.cl\/#website","url":"https:\/\/conexioneschile.cl\/","name":"Conexiones Chile","description":"","publisher":{"@id":"https:\/\/conexioneschile.cl\/#organization"},"potentialAction":[{"@type":"SearchAction","target":{"@type":"EntryPoint","urlTemplate":"https:\/\/conexioneschile.cl\/?s={search_term_string}"},"query-input":{"@type":"PropertyValueSpecification","valueRequired":true,"valueName":"search_term_string"}}],"inLanguage":"es"},{"@type":"Organization","@id":"https:\/\/conexioneschile.cl\/#organization","name":"Conexiones Chile","url":"https:\/\/conexioneschile.cl\/","logo":{"@type":"ImageObject","inLanguage":"es","@id":"https:\/\/conexioneschile.cl\/#\/schema\/logo\/image\/","url":"https:\/\/conexioneschile.cl\/wp-content\/uploads\/2025\/09\/cropped-logo-coneexiones.png","contentUrl":"https:\/\/conexioneschile.cl\/wp-content\/uploads\/2025\/09\/cropped-logo-coneexiones.png","width":412,"height":209,"caption":"Conexiones Chile"},"image":{"@id":"https:\/\/conexioneschile.cl\/#\/schema\/logo\/image\/"}}]}},"_links":{"self":[{"href":"https:\/\/conexioneschile.cl\/index.php\/wp-json\/wp\/v2\/product\/25216","targetHints":{"allow":["GET"]}}],"collection":[{"href":"https:\/\/conexioneschile.cl\/index.php\/wp-json\/wp\/v2\/product"}],"about":[{"href":"https:\/\/conexioneschile.cl\/index.php\/wp-json\/wp\/v2\/types\/product"}],"replies":[{"embeddable":true,"href":"https:\/\/conexioneschile.cl\/index.php\/wp-json\/wp\/v2\/comments?post=25216"}],"wp:featuredmedia":[{"embeddable":true,"href":"https:\/\/conexioneschile.cl\/index.php\/wp-json\/wp\/v2\/media\/23134"}],"wp:attachment":[{"href":"https:\/\/conexioneschile.cl\/index.php\/wp-json\/wp\/v2\/media?parent=25216"}],"wp:term":[{"taxonomy":"product_brand","embeddable":true,"href":"https:\/\/conexioneschile.cl\/index.php\/wp-json\/wp\/v2\/product_brand?post=25216"},{"taxonomy":"product_cat","embeddable":true,"href":"https:\/\/conexioneschile.cl\/index.php\/wp-json\/wp\/v2\/product_cat?post=25216"},{"taxonomy":"product_tag","embeddable":true,"href":"https:\/\/conexioneschile.cl\/index.php\/wp-json\/wp\/v2\/product_tag?post=25216"}],"curies":[{"name":"wp","href":"https:\/\/api.w.org\/{rel}","templated":true}]}}