{"id":25325,"date":"2025-08-30T16:36:27","date_gmt":"2025-08-30T19:36:27","guid":{"rendered":"https:\/\/conexioneschile.cl\/index.php\/product\/unifi-lte-backup-internet-gateway\/"},"modified":"2025-08-30T16:44:42","modified_gmt":"2025-08-30T19:44:42","slug":"unifi-lte-backup-internet-gateway","status":"publish","type":"product","link":"https:\/\/conexioneschile.cl\/index.php\/product\/unifi-lte-backup-internet-gateway\/","title":{"rendered":"UniFi LTE Backup Internet Gateway"},"content":{"rendered":"<p>El UniFi LTE Backup Internet Gateway (U-LTE-PRO9 de Ubiquiti es una puerta de enlace de respaldo LTE dise\u00f1ada para proporcionar conectividad de respaldo a tu red UniFi. Con una tarjeta nano SIM extra\u00edble compatible con AT&#038;T*, este dispositivo garantiza una conexi\u00f3n de alta velocidad LTE (hasta 150 Mbps), asegurando que no haya interrupciones en el servicio en caso de fallos del proveedor de Internet. Cuenta con dos puertos GbE RJ45 con PoE+ para entrada y salida, lo que facilita su integraci\u00f3n en la red sin necesidad de cables adicionales. Adem\u00e1s, la antena interna LTE incluida asegura una se\u00f1al estable para una conectividad \u00f3ptima. Ubiquiti ofrece con este producto una soluci\u00f3n eficiente para evitar el tiempo de inactividad, permitiendo a las empresas mantener su red operativa en todo momento.<\/p>\n","protected":false},"excerpt":{"rendered":"<p>El UniFi LTE Backup Internet Gateway (U-LTE-PRO9 de Ubiquiti es una puerta de enlace de respaldo LTE dise\u00f1ada para proporcionar conectividad de respaldo a tu red UniFi. Con una tarjeta&#8230;<\/p>\n","protected":false},"featured_media":22663,"comment_status":"open","ping_status":"closed","template":"","meta":[],"product_brand":[164],"product_cat":[262],"product_tag":[],"class_list":{"0":"post-25325","1":"product","2":"type-product","3":"status-publish","4":"has-post-thumbnail","6":"product_brand-ubiquiti","7":"product_cat-accesorios-unifi-switch","9":"first","10":"instock","11":"taxable","12":"shipping-taxable","13":"purchasable","14":"product-type-simple"},"yoast_head":"<!-- This site is optimized with the Yoast SEO plugin v26.6 - https:\/\/yoast.com\/wordpress\/plugins\/seo\/ -->\n<title>UniFi LTE Backup Internet Gateway - Conexiones Chile<\/title>\n<meta name=\"robots\" content=\"index, follow, max-snippet:-1, max-image-preview:large, max-video-preview:-1\" \/>\n<link rel=\"canonical\" href=\"https:\/\/conexioneschile.cl\/index.php\/product\/unifi-lte-backup-internet-gateway\/\" \/>\n<meta property=\"og:locale\" content=\"es_ES\" \/>\n<meta property=\"og:type\" content=\"article\" \/>\n<meta property=\"og:title\" content=\"UniFi LTE Backup Internet Gateway - Conexiones Chile\" \/>\n<meta property=\"og:description\" content=\"El UniFi LTE Backup Internet Gateway (U-LTE-PRO9 de Ubiquiti es una puerta de enlace de respaldo LTE dise\u00f1ada para proporcionar conectividad de respaldo a tu red UniFi. Con una tarjeta...\" \/>\n<meta property=\"og:url\" content=\"https:\/\/conexioneschile.cl\/index.php\/product\/unifi-lte-backup-internet-gateway\/\" \/>\n<meta property=\"og:site_name\" content=\"Conexiones Chile\" \/>\n<meta property=\"article:modified_time\" content=\"2025-08-30T19:44:42+00:00\" \/>\n<meta property=\"og:image\" content=\"https:\/\/conexioneschile.cl\/wp-content\/uploads\/2025\/07\/ubiquiti-u-lte-pro-03.webp\" \/>\n\t<meta property=\"og:image:width\" content=\"600\" \/>\n\t<meta property=\"og:image:height\" content=\"600\" \/>\n\t<meta property=\"og:image:type\" content=\"image\/webp\" \/>\n<meta name=\"twitter:card\" content=\"summary_large_image\" \/>\n<meta name=\"twitter:label1\" content=\"Tiempo de lectura\" \/>\n\t<meta name=\"twitter:data1\" content=\"1 minuto\" \/>\n<script type=\"application\/ld+json\" class=\"yoast-schema-graph\">{\"@context\":\"https:\/\/schema.org\",\"@graph\":[{\"@type\":\"WebPage\",\"@id\":\"https:\/\/conexioneschile.cl\/index.php\/product\/unifi-lte-backup-internet-gateway\/\",\"url\":\"https:\/\/conexioneschile.cl\/index.php\/product\/unifi-lte-backup-internet-gateway\/\",\"name\":\"UniFi LTE Backup Internet Gateway - Conexiones Chile\",\"isPartOf\":{\"@id\":\"https:\/\/conexioneschile.cl\/#website\"},\"primaryImageOfPage\":{\"@id\":\"https:\/\/conexioneschile.cl\/index.php\/product\/unifi-lte-backup-internet-gateway\/#primaryimage\"},\"image\":{\"@id\":\"https:\/\/conexioneschile.cl\/index.php\/product\/unifi-lte-backup-internet-gateway\/#primaryimage\"},\"thumbnailUrl\":\"https:\/\/conexioneschile.cl\/wp-content\/uploads\/2025\/07\/ubiquiti-u-lte-pro-03.webp\",\"datePublished\":\"2025-08-30T19:36:27+00:00\",\"dateModified\":\"2025-08-30T19:44:42+00:00\",\"breadcrumb\":{\"@id\":\"https:\/\/conexioneschile.cl\/index.php\/product\/unifi-lte-backup-internet-gateway\/#breadcrumb\"},\"inLanguage\":\"es\",\"potentialAction\":[{\"@type\":\"ReadAction\",\"target\":[\"https:\/\/conexioneschile.cl\/index.php\/product\/unifi-lte-backup-internet-gateway\/\"]}]},{\"@type\":\"ImageObject\",\"inLanguage\":\"es\",\"@id\":\"https:\/\/conexioneschile.cl\/index.php\/product\/unifi-lte-backup-internet-gateway\/#primaryimage\",\"url\":\"https:\/\/conexioneschile.cl\/wp-content\/uploads\/2025\/07\/ubiquiti-u-lte-pro-03.webp\",\"contentUrl\":\"https:\/\/conexioneschile.cl\/wp-content\/uploads\/2025\/07\/ubiquiti-u-lte-pro-03.webp\",\"width\":600,\"height\":600},{\"@type\":\"BreadcrumbList\",\"@id\":\"https:\/\/conexioneschile.cl\/index.php\/product\/unifi-lte-backup-internet-gateway\/#breadcrumb\",\"itemListElement\":[{\"@type\":\"ListItem\",\"position\":1,\"name\":\"Portada\",\"item\":\"https:\/\/conexioneschile.cl\/\"},{\"@type\":\"ListItem\",\"position\":2,\"name\":\"Shop\",\"item\":\"https:\/\/conexioneschile.cl\/index.php\/shop\/\"},{\"@type\":\"ListItem\",\"position\":3,\"name\":\"UniFi LTE Backup Internet Gateway\"}]},{\"@type\":\"WebSite\",\"@id\":\"https:\/\/conexioneschile.cl\/#website\",\"url\":\"https:\/\/conexioneschile.cl\/\",\"name\":\"Conexiones Chile\",\"description\":\"\",\"publisher\":{\"@id\":\"https:\/\/conexioneschile.cl\/#organization\"},\"potentialAction\":[{\"@type\":\"SearchAction\",\"target\":{\"@type\":\"EntryPoint\",\"urlTemplate\":\"https:\/\/conexioneschile.cl\/?s={search_term_string}\"},\"query-input\":{\"@type\":\"PropertyValueSpecification\",\"valueRequired\":true,\"valueName\":\"search_term_string\"}}],\"inLanguage\":\"es\"},{\"@type\":\"Organization\",\"@id\":\"https:\/\/conexioneschile.cl\/#organization\",\"name\":\"Conexiones Chile\",\"url\":\"https:\/\/conexioneschile.cl\/\",\"logo\":{\"@type\":\"ImageObject\",\"inLanguage\":\"es\",\"@id\":\"https:\/\/conexioneschile.cl\/#\/schema\/logo\/image\/\",\"url\":\"https:\/\/conexioneschile.cl\/wp-content\/uploads\/2025\/09\/cropped-logo-coneexiones.png\",\"contentUrl\":\"https:\/\/conexioneschile.cl\/wp-content\/uploads\/2025\/09\/cropped-logo-coneexiones.png\",\"width\":412,\"height\":209,\"caption\":\"Conexiones Chile\"},\"image\":{\"@id\":\"https:\/\/conexioneschile.cl\/#\/schema\/logo\/image\/\"}}]}<\/script>\n<!-- \/ Yoast SEO plugin. -->","yoast_head_json":{"title":"UniFi LTE Backup Internet Gateway - Conexiones Chile","robots":{"index":"index","follow":"follow","max-snippet":"max-snippet:-1","max-image-preview":"max-image-preview:large","max-video-preview":"max-video-preview:-1"},"canonical":"https:\/\/conexioneschile.cl\/index.php\/product\/unifi-lte-backup-internet-gateway\/","og_locale":"es_ES","og_type":"article","og_title":"UniFi LTE Backup Internet Gateway - Conexiones Chile","og_description":"El UniFi LTE Backup Internet Gateway (U-LTE-PRO9 de Ubiquiti es una puerta de enlace de respaldo LTE dise\u00f1ada para proporcionar conectividad de respaldo a tu red UniFi. Con una tarjeta...","og_url":"https:\/\/conexioneschile.cl\/index.php\/product\/unifi-lte-backup-internet-gateway\/","og_site_name":"Conexiones Chile","article_modified_time":"2025-08-30T19:44:42+00:00","og_image":[{"width":600,"height":600,"url":"https:\/\/conexioneschile.cl\/wp-content\/uploads\/2025\/07\/ubiquiti-u-lte-pro-03.webp","type":"image\/webp"}],"twitter_card":"summary_large_image","twitter_misc":{"Tiempo de lectura":"1 minuto"},"schema":{"@context":"https:\/\/schema.org","@graph":[{"@type":"WebPage","@id":"https:\/\/conexioneschile.cl\/index.php\/product\/unifi-lte-backup-internet-gateway\/","url":"https:\/\/conexioneschile.cl\/index.php\/product\/unifi-lte-backup-internet-gateway\/","name":"UniFi LTE Backup Internet Gateway - Conexiones Chile","isPartOf":{"@id":"https:\/\/conexioneschile.cl\/#website"},"primaryImageOfPage":{"@id":"https:\/\/conexioneschile.cl\/index.php\/product\/unifi-lte-backup-internet-gateway\/#primaryimage"},"image":{"@id":"https:\/\/conexioneschile.cl\/index.php\/product\/unifi-lte-backup-internet-gateway\/#primaryimage"},"thumbnailUrl":"https:\/\/conexioneschile.cl\/wp-content\/uploads\/2025\/07\/ubiquiti-u-lte-pro-03.webp","datePublished":"2025-08-30T19:36:27+00:00","dateModified":"2025-08-30T19:44:42+00:00","breadcrumb":{"@id":"https:\/\/conexioneschile.cl\/index.php\/product\/unifi-lte-backup-internet-gateway\/#breadcrumb"},"inLanguage":"es","potentialAction":[{"@type":"ReadAction","target":["https:\/\/conexioneschile.cl\/index.php\/product\/unifi-lte-backup-internet-gateway\/"]}]},{"@type":"ImageObject","inLanguage":"es","@id":"https:\/\/conexioneschile.cl\/index.php\/product\/unifi-lte-backup-internet-gateway\/#primaryimage","url":"https:\/\/conexioneschile.cl\/wp-content\/uploads\/2025\/07\/ubiquiti-u-lte-pro-03.webp","contentUrl":"https:\/\/conexioneschile.cl\/wp-content\/uploads\/2025\/07\/ubiquiti-u-lte-pro-03.webp","width":600,"height":600},{"@type":"BreadcrumbList","@id":"https:\/\/conexioneschile.cl\/index.php\/product\/unifi-lte-backup-internet-gateway\/#breadcrumb","itemListElement":[{"@type":"ListItem","position":1,"name":"Portada","item":"https:\/\/conexioneschile.cl\/"},{"@type":"ListItem","position":2,"name":"Shop","item":"https:\/\/conexioneschile.cl\/index.php\/shop\/"},{"@type":"ListItem","position":3,"name":"UniFi LTE Backup Internet Gateway"}]},{"@type":"WebSite","@id":"https:\/\/conexioneschile.cl\/#website","url":"https:\/\/conexioneschile.cl\/","name":"Conexiones Chile","description":"","publisher":{"@id":"https:\/\/conexioneschile.cl\/#organization"},"potentialAction":[{"@type":"SearchAction","target":{"@type":"EntryPoint","urlTemplate":"https:\/\/conexioneschile.cl\/?s={search_term_string}"},"query-input":{"@type":"PropertyValueSpecification","valueRequired":true,"valueName":"search_term_string"}}],"inLanguage":"es"},{"@type":"Organization","@id":"https:\/\/conexioneschile.cl\/#organization","name":"Conexiones Chile","url":"https:\/\/conexioneschile.cl\/","logo":{"@type":"ImageObject","inLanguage":"es","@id":"https:\/\/conexioneschile.cl\/#\/schema\/logo\/image\/","url":"https:\/\/conexioneschile.cl\/wp-content\/uploads\/2025\/09\/cropped-logo-coneexiones.png","contentUrl":"https:\/\/conexioneschile.cl\/wp-content\/uploads\/2025\/09\/cropped-logo-coneexiones.png","width":412,"height":209,"caption":"Conexiones Chile"},"image":{"@id":"https:\/\/conexioneschile.cl\/#\/schema\/logo\/image\/"}}]}},"_links":{"self":[{"href":"https:\/\/conexioneschile.cl\/index.php\/wp-json\/wp\/v2\/product\/25325","targetHints":{"allow":["GET"]}}],"collection":[{"href":"https:\/\/conexioneschile.cl\/index.php\/wp-json\/wp\/v2\/product"}],"about":[{"href":"https:\/\/conexioneschile.cl\/index.php\/wp-json\/wp\/v2\/types\/product"}],"replies":[{"embeddable":true,"href":"https:\/\/conexioneschile.cl\/index.php\/wp-json\/wp\/v2\/comments?post=25325"}],"wp:featuredmedia":[{"embeddable":true,"href":"https:\/\/conexioneschile.cl\/index.php\/wp-json\/wp\/v2\/media\/22663"}],"wp:attachment":[{"href":"https:\/\/conexioneschile.cl\/index.php\/wp-json\/wp\/v2\/media?parent=25325"}],"wp:term":[{"taxonomy":"product_brand","embeddable":true,"href":"https:\/\/conexioneschile.cl\/index.php\/wp-json\/wp\/v2\/product_brand?post=25325"},{"taxonomy":"product_cat","embeddable":true,"href":"https:\/\/conexioneschile.cl\/index.php\/wp-json\/wp\/v2\/product_cat?post=25325"},{"taxonomy":"product_tag","embeddable":true,"href":"https:\/\/conexioneschile.cl\/index.php\/wp-json\/wp\/v2\/product_tag?post=25325"}],"curies":[{"name":"wp","href":"https:\/\/api.w.org\/{rel}","templated":true}]}}