{"id":25385,"date":"2025-08-30T16:37:10","date_gmt":"2025-08-30T19:37:10","guid":{"rendered":"https:\/\/conexioneschile.cl\/index.php\/product\/enterprisexg-24\/"},"modified":"2025-08-30T16:44:50","modified_gmt":"2025-08-30T19:44:50","slug":"enterprisexg-24","status":"publish","type":"product","link":"https:\/\/conexioneschile.cl\/index.php\/product\/enterprisexg-24\/","title":{"rendered":"EnterpriseXG 24"},"content":{"rendered":"<p>El Ubiquiti UniFi EnterpriseXG 24 (USW-EnterpriseXG-24), es un switch de alto rendimiento dise\u00f1ado para redes empresariales que demandan velocidad y estabilidad. Equipado con 24 puertos de 10G y 2 puertos SFP28 de 25G, proporciona transferencia de datos ultrarr\u00e1pida y conexiones flexibles para entornos cr\u00edticos. Su integraci\u00f3n con UniFi v6.1.67 permite gesti\u00f3n avanzada y centralizada, optimizando el control y la eficiencia de la red. Adem\u00e1s, es compatible con la fuente de alimentaci\u00f3n redundante USP-RPS, asegurando funcionamiento ininterrumpido ante fallos el\u00e9ctricos. Con una capacidad de conmutaci\u00f3n de 580 Gbps y protecci\u00f3n contra descargas electrost\u00e1ticas (ESD), este switch es la opci\u00f3n ideal para infraestructuras empresariales de alto nivel que requieren disponibilidad continua y m\u00e1xima confiabilidad.<\/p>\n","protected":false},"excerpt":{"rendered":"<p>El Ubiquiti UniFi EnterpriseXG 24 (USW-EnterpriseXG-24), es un switch de alto rendimiento dise\u00f1ado para redes empresariales que demandan velocidad y estabilidad. Equipado con 24 puertos de 10G y 2 puertos&#8230;<\/p>\n","protected":false},"featured_media":23428,"comment_status":"open","ping_status":"closed","template":"","meta":[],"product_brand":[164],"product_cat":[263],"product_tag":[],"class_list":{"0":"post-25385","1":"product","2":"type-product","3":"status-publish","4":"has-post-thumbnail","6":"product_brand-ubiquiti","7":"product_cat-switch-switch","9":"first","10":"instock","11":"taxable","12":"shipping-taxable","13":"purchasable","14":"product-type-simple"},"yoast_head":"<!-- This site is optimized with the Yoast SEO plugin v26.6 - https:\/\/yoast.com\/wordpress\/plugins\/seo\/ -->\n<title>EnterpriseXG 24 - Conexiones Chile<\/title>\n<meta name=\"robots\" content=\"index, follow, max-snippet:-1, max-image-preview:large, max-video-preview:-1\" \/>\n<link rel=\"canonical\" href=\"https:\/\/conexioneschile.cl\/index.php\/product\/enterprisexg-24\/\" \/>\n<meta property=\"og:locale\" content=\"es_ES\" \/>\n<meta property=\"og:type\" content=\"article\" \/>\n<meta property=\"og:title\" content=\"EnterpriseXG 24 - Conexiones Chile\" \/>\n<meta property=\"og:description\" content=\"El Ubiquiti UniFi EnterpriseXG 24 (USW-EnterpriseXG-24), es un switch de alto rendimiento dise\u00f1ado para redes empresariales que demandan velocidad y estabilidad. Equipado con 24 puertos de 10G y 2 puertos...\" \/>\n<meta property=\"og:url\" content=\"https:\/\/conexioneschile.cl\/index.php\/product\/enterprisexg-24\/\" \/>\n<meta property=\"og:site_name\" content=\"Conexiones Chile\" \/>\n<meta property=\"article:modified_time\" content=\"2025-08-30T19:44:50+00:00\" \/>\n<meta property=\"og:image\" content=\"https:\/\/conexioneschile.cl\/wp-content\/uploads\/2025\/07\/EnterpriseXG-24-1-1.webp\" \/>\n\t<meta property=\"og:image:width\" content=\"1080\" \/>\n\t<meta property=\"og:image:height\" content=\"1080\" \/>\n\t<meta property=\"og:image:type\" content=\"image\/webp\" \/>\n<meta name=\"twitter:card\" content=\"summary_large_image\" \/>\n<meta name=\"twitter:label1\" content=\"Tiempo de lectura\" \/>\n\t<meta name=\"twitter:data1\" content=\"1 minuto\" \/>\n<script type=\"application\/ld+json\" class=\"yoast-schema-graph\">{\"@context\":\"https:\/\/schema.org\",\"@graph\":[{\"@type\":\"WebPage\",\"@id\":\"https:\/\/conexioneschile.cl\/index.php\/product\/enterprisexg-24\/\",\"url\":\"https:\/\/conexioneschile.cl\/index.php\/product\/enterprisexg-24\/\",\"name\":\"EnterpriseXG 24 - Conexiones Chile\",\"isPartOf\":{\"@id\":\"https:\/\/conexioneschile.cl\/#website\"},\"primaryImageOfPage\":{\"@id\":\"https:\/\/conexioneschile.cl\/index.php\/product\/enterprisexg-24\/#primaryimage\"},\"image\":{\"@id\":\"https:\/\/conexioneschile.cl\/index.php\/product\/enterprisexg-24\/#primaryimage\"},\"thumbnailUrl\":\"https:\/\/conexioneschile.cl\/wp-content\/uploads\/2025\/07\/EnterpriseXG-24-1-1.webp\",\"datePublished\":\"2025-08-30T19:37:10+00:00\",\"dateModified\":\"2025-08-30T19:44:50+00:00\",\"breadcrumb\":{\"@id\":\"https:\/\/conexioneschile.cl\/index.php\/product\/enterprisexg-24\/#breadcrumb\"},\"inLanguage\":\"es\",\"potentialAction\":[{\"@type\":\"ReadAction\",\"target\":[\"https:\/\/conexioneschile.cl\/index.php\/product\/enterprisexg-24\/\"]}]},{\"@type\":\"ImageObject\",\"inLanguage\":\"es\",\"@id\":\"https:\/\/conexioneschile.cl\/index.php\/product\/enterprisexg-24\/#primaryimage\",\"url\":\"https:\/\/conexioneschile.cl\/wp-content\/uploads\/2025\/07\/EnterpriseXG-24-1-1.webp\",\"contentUrl\":\"https:\/\/conexioneschile.cl\/wp-content\/uploads\/2025\/07\/EnterpriseXG-24-1-1.webp\",\"width\":1080,\"height\":1080},{\"@type\":\"BreadcrumbList\",\"@id\":\"https:\/\/conexioneschile.cl\/index.php\/product\/enterprisexg-24\/#breadcrumb\",\"itemListElement\":[{\"@type\":\"ListItem\",\"position\":1,\"name\":\"Portada\",\"item\":\"https:\/\/conexioneschile.cl\/\"},{\"@type\":\"ListItem\",\"position\":2,\"name\":\"Shop\",\"item\":\"https:\/\/conexioneschile.cl\/index.php\/shop\/\"},{\"@type\":\"ListItem\",\"position\":3,\"name\":\"EnterpriseXG 24\"}]},{\"@type\":\"WebSite\",\"@id\":\"https:\/\/conexioneschile.cl\/#website\",\"url\":\"https:\/\/conexioneschile.cl\/\",\"name\":\"Conexiones Chile\",\"description\":\"\",\"publisher\":{\"@id\":\"https:\/\/conexioneschile.cl\/#organization\"},\"potentialAction\":[{\"@type\":\"SearchAction\",\"target\":{\"@type\":\"EntryPoint\",\"urlTemplate\":\"https:\/\/conexioneschile.cl\/?s={search_term_string}\"},\"query-input\":{\"@type\":\"PropertyValueSpecification\",\"valueRequired\":true,\"valueName\":\"search_term_string\"}}],\"inLanguage\":\"es\"},{\"@type\":\"Organization\",\"@id\":\"https:\/\/conexioneschile.cl\/#organization\",\"name\":\"Conexiones Chile\",\"url\":\"https:\/\/conexioneschile.cl\/\",\"logo\":{\"@type\":\"ImageObject\",\"inLanguage\":\"es\",\"@id\":\"https:\/\/conexioneschile.cl\/#\/schema\/logo\/image\/\",\"url\":\"https:\/\/conexioneschile.cl\/wp-content\/uploads\/2025\/09\/cropped-logo-coneexiones.png\",\"contentUrl\":\"https:\/\/conexioneschile.cl\/wp-content\/uploads\/2025\/09\/cropped-logo-coneexiones.png\",\"width\":412,\"height\":209,\"caption\":\"Conexiones Chile\"},\"image\":{\"@id\":\"https:\/\/conexioneschile.cl\/#\/schema\/logo\/image\/\"}}]}<\/script>\n<!-- \/ Yoast SEO plugin. -->","yoast_head_json":{"title":"EnterpriseXG 24 - Conexiones Chile","robots":{"index":"index","follow":"follow","max-snippet":"max-snippet:-1","max-image-preview":"max-image-preview:large","max-video-preview":"max-video-preview:-1"},"canonical":"https:\/\/conexioneschile.cl\/index.php\/product\/enterprisexg-24\/","og_locale":"es_ES","og_type":"article","og_title":"EnterpriseXG 24 - Conexiones Chile","og_description":"El Ubiquiti UniFi EnterpriseXG 24 (USW-EnterpriseXG-24), es un switch de alto rendimiento dise\u00f1ado para redes empresariales que demandan velocidad y estabilidad. Equipado con 24 puertos de 10G y 2 puertos...","og_url":"https:\/\/conexioneschile.cl\/index.php\/product\/enterprisexg-24\/","og_site_name":"Conexiones Chile","article_modified_time":"2025-08-30T19:44:50+00:00","og_image":[{"width":1080,"height":1080,"url":"https:\/\/conexioneschile.cl\/wp-content\/uploads\/2025\/07\/EnterpriseXG-24-1-1.webp","type":"image\/webp"}],"twitter_card":"summary_large_image","twitter_misc":{"Tiempo de lectura":"1 minuto"},"schema":{"@context":"https:\/\/schema.org","@graph":[{"@type":"WebPage","@id":"https:\/\/conexioneschile.cl\/index.php\/product\/enterprisexg-24\/","url":"https:\/\/conexioneschile.cl\/index.php\/product\/enterprisexg-24\/","name":"EnterpriseXG 24 - Conexiones Chile","isPartOf":{"@id":"https:\/\/conexioneschile.cl\/#website"},"primaryImageOfPage":{"@id":"https:\/\/conexioneschile.cl\/index.php\/product\/enterprisexg-24\/#primaryimage"},"image":{"@id":"https:\/\/conexioneschile.cl\/index.php\/product\/enterprisexg-24\/#primaryimage"},"thumbnailUrl":"https:\/\/conexioneschile.cl\/wp-content\/uploads\/2025\/07\/EnterpriseXG-24-1-1.webp","datePublished":"2025-08-30T19:37:10+00:00","dateModified":"2025-08-30T19:44:50+00:00","breadcrumb":{"@id":"https:\/\/conexioneschile.cl\/index.php\/product\/enterprisexg-24\/#breadcrumb"},"inLanguage":"es","potentialAction":[{"@type":"ReadAction","target":["https:\/\/conexioneschile.cl\/index.php\/product\/enterprisexg-24\/"]}]},{"@type":"ImageObject","inLanguage":"es","@id":"https:\/\/conexioneschile.cl\/index.php\/product\/enterprisexg-24\/#primaryimage","url":"https:\/\/conexioneschile.cl\/wp-content\/uploads\/2025\/07\/EnterpriseXG-24-1-1.webp","contentUrl":"https:\/\/conexioneschile.cl\/wp-content\/uploads\/2025\/07\/EnterpriseXG-24-1-1.webp","width":1080,"height":1080},{"@type":"BreadcrumbList","@id":"https:\/\/conexioneschile.cl\/index.php\/product\/enterprisexg-24\/#breadcrumb","itemListElement":[{"@type":"ListItem","position":1,"name":"Portada","item":"https:\/\/conexioneschile.cl\/"},{"@type":"ListItem","position":2,"name":"Shop","item":"https:\/\/conexioneschile.cl\/index.php\/shop\/"},{"@type":"ListItem","position":3,"name":"EnterpriseXG 24"}]},{"@type":"WebSite","@id":"https:\/\/conexioneschile.cl\/#website","url":"https:\/\/conexioneschile.cl\/","name":"Conexiones Chile","description":"","publisher":{"@id":"https:\/\/conexioneschile.cl\/#organization"},"potentialAction":[{"@type":"SearchAction","target":{"@type":"EntryPoint","urlTemplate":"https:\/\/conexioneschile.cl\/?s={search_term_string}"},"query-input":{"@type":"PropertyValueSpecification","valueRequired":true,"valueName":"search_term_string"}}],"inLanguage":"es"},{"@type":"Organization","@id":"https:\/\/conexioneschile.cl\/#organization","name":"Conexiones Chile","url":"https:\/\/conexioneschile.cl\/","logo":{"@type":"ImageObject","inLanguage":"es","@id":"https:\/\/conexioneschile.cl\/#\/schema\/logo\/image\/","url":"https:\/\/conexioneschile.cl\/wp-content\/uploads\/2025\/09\/cropped-logo-coneexiones.png","contentUrl":"https:\/\/conexioneschile.cl\/wp-content\/uploads\/2025\/09\/cropped-logo-coneexiones.png","width":412,"height":209,"caption":"Conexiones Chile"},"image":{"@id":"https:\/\/conexioneschile.cl\/#\/schema\/logo\/image\/"}}]}},"_links":{"self":[{"href":"https:\/\/conexioneschile.cl\/index.php\/wp-json\/wp\/v2\/product\/25385","targetHints":{"allow":["GET"]}}],"collection":[{"href":"https:\/\/conexioneschile.cl\/index.php\/wp-json\/wp\/v2\/product"}],"about":[{"href":"https:\/\/conexioneschile.cl\/index.php\/wp-json\/wp\/v2\/types\/product"}],"replies":[{"embeddable":true,"href":"https:\/\/conexioneschile.cl\/index.php\/wp-json\/wp\/v2\/comments?post=25385"}],"wp:featuredmedia":[{"embeddable":true,"href":"https:\/\/conexioneschile.cl\/index.php\/wp-json\/wp\/v2\/media\/23428"}],"wp:attachment":[{"href":"https:\/\/conexioneschile.cl\/index.php\/wp-json\/wp\/v2\/media?parent=25385"}],"wp:term":[{"taxonomy":"product_brand","embeddable":true,"href":"https:\/\/conexioneschile.cl\/index.php\/wp-json\/wp\/v2\/product_brand?post=25385"},{"taxonomy":"product_cat","embeddable":true,"href":"https:\/\/conexioneschile.cl\/index.php\/wp-json\/wp\/v2\/product_cat?post=25385"},{"taxonomy":"product_tag","embeddable":true,"href":"https:\/\/conexioneschile.cl\/index.php\/wp-json\/wp\/v2\/product_tag?post=25385"}],"curies":[{"name":"wp","href":"https:\/\/api.w.org\/{rel}","templated":true}]}}