{"id":25451,"date":"2025-08-30T16:37:47","date_gmt":"2025-08-30T19:37:47","guid":{"rendered":"https:\/\/conexioneschile.cl\/index.php\/product\/yealink-vc120-12x-codec\/"},"modified":"2025-08-30T16:45:16","modified_gmt":"2025-08-30T19:45:16","slug":"yealink-vc120-12x-codec","status":"publish","type":"product","link":"https:\/\/conexioneschile.cl\/index.php\/product\/yealink-vc120-12x-codec\/","title":{"rendered":"YEALINK VC120-12X-CODEC"},"content":{"rendered":"<p>El VC120 es el terminal de videoconferencia Full HD 1080P innovador de Yealink para salas de reuniones peque\u00f1as y medianas. Est\u00e1 dise\u00f1ado para proporcionar facilidad de uso, alta calidad y rentabilidad. Para hacer la vida a\u00fan m\u00e1s f\u00e1cil, el VC120 es compatible con un Firewall Traversal inteligente que permite a los usuarios conectar y usar sin m\u00e1s configuraci\u00f3n de firewall desde la caja al trabajo en solo cinco minutos. Adem\u00e1s, VC120 tambi\u00e9n es compatible con el ajuste adaptativo din\u00e1mico del ancho de banda y una p\u00e9rdida de paquetes de resistencia del 8 %. En la \u00faltima versi\u00f3n, los usuarios pueden disfrutar de llamadas 720P de 8 partes (asim\u00e9tricas) con licencia multipunto, adem\u00e1s de enlaces a tel\u00e9fonos m\u00f3viles o PC para una experiencia de llamada de conferencia m\u00e1s conveniente. Definitivamente es la mejor opci\u00f3n para videoconferencias de negocios.<\/p>\n","protected":false},"excerpt":{"rendered":"<p>El VC120 es el terminal de videoconferencia Full HD 1080P innovador de Yealink para salas de reuniones peque\u00f1as y medianas. Est\u00e1 dise\u00f1ado para proporcionar facilidad de uso, alta calidad y&#8230;<\/p>\n","protected":false},"featured_media":24563,"comment_status":"open","ping_status":"closed","template":"","meta":[],"product_brand":[163],"product_cat":[280],"product_tag":[],"class_list":{"0":"post-25451","1":"product","2":"type-product","3":"status-publish","4":"has-post-thumbnail","6":"product_brand-yealink","7":"product_cat-pantallas-interactivas-accesorios","9":"first","10":"instock","11":"taxable","12":"shipping-taxable","13":"purchasable","14":"product-type-simple"},"yoast_head":"<!-- This site is optimized with the Yoast SEO plugin v26.6 - https:\/\/yoast.com\/wordpress\/plugins\/seo\/ -->\n<title>YEALINK VC120-12X-CODEC - Conexiones Chile<\/title>\n<meta name=\"robots\" content=\"index, follow, max-snippet:-1, max-image-preview:large, max-video-preview:-1\" \/>\n<link rel=\"canonical\" href=\"https:\/\/conexioneschile.cl\/index.php\/product\/yealink-vc120-12x-codec\/\" \/>\n<meta property=\"og:locale\" content=\"es_ES\" \/>\n<meta property=\"og:type\" content=\"article\" \/>\n<meta property=\"og:title\" content=\"YEALINK VC120-12X-CODEC - Conexiones Chile\" \/>\n<meta property=\"og:description\" content=\"El VC120 es el terminal de videoconferencia Full HD 1080P innovador de Yealink para salas de reuniones peque\u00f1as y medianas. Est\u00e1 dise\u00f1ado para proporcionar facilidad de uso, alta calidad y...\" \/>\n<meta property=\"og:url\" content=\"https:\/\/conexioneschile.cl\/index.php\/product\/yealink-vc120-12x-codec\/\" \/>\n<meta property=\"og:site_name\" content=\"Conexiones Chile\" \/>\n<meta property=\"article:modified_time\" content=\"2025-08-30T19:45:16+00:00\" \/>\n<meta property=\"og:image\" content=\"https:\/\/conexioneschile.cl\/wp-content\/uploads\/2025\/08\/VC120-12X-CODEC-01.webp\" \/>\n\t<meta property=\"og:image:width\" content=\"600\" \/>\n\t<meta property=\"og:image:height\" content=\"600\" \/>\n\t<meta property=\"og:image:type\" content=\"image\/webp\" \/>\n<meta name=\"twitter:card\" content=\"summary_large_image\" \/>\n<meta name=\"twitter:label1\" content=\"Tiempo de lectura\" \/>\n\t<meta name=\"twitter:data1\" content=\"1 minuto\" \/>\n<script type=\"application\/ld+json\" class=\"yoast-schema-graph\">{\"@context\":\"https:\/\/schema.org\",\"@graph\":[{\"@type\":\"WebPage\",\"@id\":\"https:\/\/conexioneschile.cl\/index.php\/product\/yealink-vc120-12x-codec\/\",\"url\":\"https:\/\/conexioneschile.cl\/index.php\/product\/yealink-vc120-12x-codec\/\",\"name\":\"YEALINK VC120-12X-CODEC - Conexiones Chile\",\"isPartOf\":{\"@id\":\"https:\/\/conexioneschile.cl\/#website\"},\"primaryImageOfPage\":{\"@id\":\"https:\/\/conexioneschile.cl\/index.php\/product\/yealink-vc120-12x-codec\/#primaryimage\"},\"image\":{\"@id\":\"https:\/\/conexioneschile.cl\/index.php\/product\/yealink-vc120-12x-codec\/#primaryimage\"},\"thumbnailUrl\":\"https:\/\/conexioneschile.cl\/wp-content\/uploads\/2025\/08\/VC120-12X-CODEC-01.webp\",\"datePublished\":\"2025-08-30T19:37:47+00:00\",\"dateModified\":\"2025-08-30T19:45:16+00:00\",\"breadcrumb\":{\"@id\":\"https:\/\/conexioneschile.cl\/index.php\/product\/yealink-vc120-12x-codec\/#breadcrumb\"},\"inLanguage\":\"es\",\"potentialAction\":[{\"@type\":\"ReadAction\",\"target\":[\"https:\/\/conexioneschile.cl\/index.php\/product\/yealink-vc120-12x-codec\/\"]}]},{\"@type\":\"ImageObject\",\"inLanguage\":\"es\",\"@id\":\"https:\/\/conexioneschile.cl\/index.php\/product\/yealink-vc120-12x-codec\/#primaryimage\",\"url\":\"https:\/\/conexioneschile.cl\/wp-content\/uploads\/2025\/08\/VC120-12X-CODEC-01.webp\",\"contentUrl\":\"https:\/\/conexioneschile.cl\/wp-content\/uploads\/2025\/08\/VC120-12X-CODEC-01.webp\",\"width\":600,\"height\":600},{\"@type\":\"BreadcrumbList\",\"@id\":\"https:\/\/conexioneschile.cl\/index.php\/product\/yealink-vc120-12x-codec\/#breadcrumb\",\"itemListElement\":[{\"@type\":\"ListItem\",\"position\":1,\"name\":\"Portada\",\"item\":\"https:\/\/conexioneschile.cl\/\"},{\"@type\":\"ListItem\",\"position\":2,\"name\":\"Shop\",\"item\":\"https:\/\/conexioneschile.cl\/index.php\/shop\/\"},{\"@type\":\"ListItem\",\"position\":3,\"name\":\"YEALINK VC120-12X-CODEC\"}]},{\"@type\":\"WebSite\",\"@id\":\"https:\/\/conexioneschile.cl\/#website\",\"url\":\"https:\/\/conexioneschile.cl\/\",\"name\":\"Conexiones Chile\",\"description\":\"\",\"publisher\":{\"@id\":\"https:\/\/conexioneschile.cl\/#organization\"},\"potentialAction\":[{\"@type\":\"SearchAction\",\"target\":{\"@type\":\"EntryPoint\",\"urlTemplate\":\"https:\/\/conexioneschile.cl\/?s={search_term_string}\"},\"query-input\":{\"@type\":\"PropertyValueSpecification\",\"valueRequired\":true,\"valueName\":\"search_term_string\"}}],\"inLanguage\":\"es\"},{\"@type\":\"Organization\",\"@id\":\"https:\/\/conexioneschile.cl\/#organization\",\"name\":\"Conexiones Chile\",\"url\":\"https:\/\/conexioneschile.cl\/\",\"logo\":{\"@type\":\"ImageObject\",\"inLanguage\":\"es\",\"@id\":\"https:\/\/conexioneschile.cl\/#\/schema\/logo\/image\/\",\"url\":\"https:\/\/conexioneschile.cl\/wp-content\/uploads\/2025\/09\/cropped-logo-coneexiones.png\",\"contentUrl\":\"https:\/\/conexioneschile.cl\/wp-content\/uploads\/2025\/09\/cropped-logo-coneexiones.png\",\"width\":412,\"height\":209,\"caption\":\"Conexiones Chile\"},\"image\":{\"@id\":\"https:\/\/conexioneschile.cl\/#\/schema\/logo\/image\/\"}}]}<\/script>\n<!-- \/ Yoast SEO plugin. -->","yoast_head_json":{"title":"YEALINK VC120-12X-CODEC - Conexiones Chile","robots":{"index":"index","follow":"follow","max-snippet":"max-snippet:-1","max-image-preview":"max-image-preview:large","max-video-preview":"max-video-preview:-1"},"canonical":"https:\/\/conexioneschile.cl\/index.php\/product\/yealink-vc120-12x-codec\/","og_locale":"es_ES","og_type":"article","og_title":"YEALINK VC120-12X-CODEC - Conexiones Chile","og_description":"El VC120 es el terminal de videoconferencia Full HD 1080P innovador de Yealink para salas de reuniones peque\u00f1as y medianas. Est\u00e1 dise\u00f1ado para proporcionar facilidad de uso, alta calidad y...","og_url":"https:\/\/conexioneschile.cl\/index.php\/product\/yealink-vc120-12x-codec\/","og_site_name":"Conexiones Chile","article_modified_time":"2025-08-30T19:45:16+00:00","og_image":[{"width":600,"height":600,"url":"https:\/\/conexioneschile.cl\/wp-content\/uploads\/2025\/08\/VC120-12X-CODEC-01.webp","type":"image\/webp"}],"twitter_card":"summary_large_image","twitter_misc":{"Tiempo de lectura":"1 minuto"},"schema":{"@context":"https:\/\/schema.org","@graph":[{"@type":"WebPage","@id":"https:\/\/conexioneschile.cl\/index.php\/product\/yealink-vc120-12x-codec\/","url":"https:\/\/conexioneschile.cl\/index.php\/product\/yealink-vc120-12x-codec\/","name":"YEALINK VC120-12X-CODEC - Conexiones Chile","isPartOf":{"@id":"https:\/\/conexioneschile.cl\/#website"},"primaryImageOfPage":{"@id":"https:\/\/conexioneschile.cl\/index.php\/product\/yealink-vc120-12x-codec\/#primaryimage"},"image":{"@id":"https:\/\/conexioneschile.cl\/index.php\/product\/yealink-vc120-12x-codec\/#primaryimage"},"thumbnailUrl":"https:\/\/conexioneschile.cl\/wp-content\/uploads\/2025\/08\/VC120-12X-CODEC-01.webp","datePublished":"2025-08-30T19:37:47+00:00","dateModified":"2025-08-30T19:45:16+00:00","breadcrumb":{"@id":"https:\/\/conexioneschile.cl\/index.php\/product\/yealink-vc120-12x-codec\/#breadcrumb"},"inLanguage":"es","potentialAction":[{"@type":"ReadAction","target":["https:\/\/conexioneschile.cl\/index.php\/product\/yealink-vc120-12x-codec\/"]}]},{"@type":"ImageObject","inLanguage":"es","@id":"https:\/\/conexioneschile.cl\/index.php\/product\/yealink-vc120-12x-codec\/#primaryimage","url":"https:\/\/conexioneschile.cl\/wp-content\/uploads\/2025\/08\/VC120-12X-CODEC-01.webp","contentUrl":"https:\/\/conexioneschile.cl\/wp-content\/uploads\/2025\/08\/VC120-12X-CODEC-01.webp","width":600,"height":600},{"@type":"BreadcrumbList","@id":"https:\/\/conexioneschile.cl\/index.php\/product\/yealink-vc120-12x-codec\/#breadcrumb","itemListElement":[{"@type":"ListItem","position":1,"name":"Portada","item":"https:\/\/conexioneschile.cl\/"},{"@type":"ListItem","position":2,"name":"Shop","item":"https:\/\/conexioneschile.cl\/index.php\/shop\/"},{"@type":"ListItem","position":3,"name":"YEALINK VC120-12X-CODEC"}]},{"@type":"WebSite","@id":"https:\/\/conexioneschile.cl\/#website","url":"https:\/\/conexioneschile.cl\/","name":"Conexiones Chile","description":"","publisher":{"@id":"https:\/\/conexioneschile.cl\/#organization"},"potentialAction":[{"@type":"SearchAction","target":{"@type":"EntryPoint","urlTemplate":"https:\/\/conexioneschile.cl\/?s={search_term_string}"},"query-input":{"@type":"PropertyValueSpecification","valueRequired":true,"valueName":"search_term_string"}}],"inLanguage":"es"},{"@type":"Organization","@id":"https:\/\/conexioneschile.cl\/#organization","name":"Conexiones Chile","url":"https:\/\/conexioneschile.cl\/","logo":{"@type":"ImageObject","inLanguage":"es","@id":"https:\/\/conexioneschile.cl\/#\/schema\/logo\/image\/","url":"https:\/\/conexioneschile.cl\/wp-content\/uploads\/2025\/09\/cropped-logo-coneexiones.png","contentUrl":"https:\/\/conexioneschile.cl\/wp-content\/uploads\/2025\/09\/cropped-logo-coneexiones.png","width":412,"height":209,"caption":"Conexiones Chile"},"image":{"@id":"https:\/\/conexioneschile.cl\/#\/schema\/logo\/image\/"}}]}},"_links":{"self":[{"href":"https:\/\/conexioneschile.cl\/index.php\/wp-json\/wp\/v2\/product\/25451","targetHints":{"allow":["GET"]}}],"collection":[{"href":"https:\/\/conexioneschile.cl\/index.php\/wp-json\/wp\/v2\/product"}],"about":[{"href":"https:\/\/conexioneschile.cl\/index.php\/wp-json\/wp\/v2\/types\/product"}],"replies":[{"embeddable":true,"href":"https:\/\/conexioneschile.cl\/index.php\/wp-json\/wp\/v2\/comments?post=25451"}],"wp:featuredmedia":[{"embeddable":true,"href":"https:\/\/conexioneschile.cl\/index.php\/wp-json\/wp\/v2\/media\/24563"}],"wp:attachment":[{"href":"https:\/\/conexioneschile.cl\/index.php\/wp-json\/wp\/v2\/media?parent=25451"}],"wp:term":[{"taxonomy":"product_brand","embeddable":true,"href":"https:\/\/conexioneschile.cl\/index.php\/wp-json\/wp\/v2\/product_brand?post=25451"},{"taxonomy":"product_cat","embeddable":true,"href":"https:\/\/conexioneschile.cl\/index.php\/wp-json\/wp\/v2\/product_cat?post=25451"},{"taxonomy":"product_tag","embeddable":true,"href":"https:\/\/conexioneschile.cl\/index.php\/wp-json\/wp\/v2\/product_tag?post=25451"}],"curies":[{"name":"wp","href":"https:\/\/api.w.org\/{rel}","templated":true}]}}