{"id":25459,"date":"2025-08-30T16:37:51","date_gmt":"2025-08-30T19:37:51","guid":{"rendered":"https:\/\/conexioneschile.cl\/index.php\/product\/sistema-de-videoconferencia-mvc840\/"},"modified":"2025-08-30T16:45:17","modified_gmt":"2025-08-30T19:45:17","slug":"sistema-de-videoconferencia-mvc840","status":"publish","type":"product","link":"https:\/\/conexioneschile.cl\/index.php\/product\/sistema-de-videoconferencia-mvc840\/","title":{"rendered":"Sistema de Videoconferencia MVC840"},"content":{"rendered":"<p>VCM34 es un conjunto de micr\u00f3fonos para videoconferencia que puede funcionar como dispositivo de entrada de audio para el sistema de videoconferencia Yealink o la c\u00e1mara PTZ UVC de Yealink. VCM34 combina el hardware y el software, incluida la tecnolog\u00eda Yealink Noise Proof, para mejorar por completo su calidad de audio. Gracias a su matriz de 3 micr\u00f3fonos integrados y su tecnolog\u00eda de audio superior, VCM34 posee un rango de captaci\u00f3n de voz de 20 pies (6 m) y 360\u00b0, lo que la considera una soluci\u00f3n ideal para cualquier sala de conferencias que necesite la mejor experiencia de audio. Adem\u00e1s, se pueden conectar en cascada hasta 4 unidades VCM34 en un sistema, por lo que el VCM34 puede proporcionar una larga distancia de captura de audio como si todos los participantes estuvieran sentados frente a frente en una mesa.<\/p>\n","protected":false},"excerpt":{"rendered":"<p>VCM34 es un conjunto de micr\u00f3fonos para videoconferencia que puede funcionar como dispositivo de entrada de audio para el sistema de videoconferencia Yealink o la c\u00e1mara PTZ UVC de Yealink&#8230;.<\/p>\n","protected":false},"featured_media":25458,"comment_status":"open","ping_status":"closed","template":"","meta":[],"product_brand":[163],"product_cat":[279],"product_tag":[],"class_list":{"0":"post-25459","1":"product","2":"type-product","3":"status-publish","4":"has-post-thumbnail","6":"product_brand-yealink","7":"product_cat-video","9":"first","10":"instock","11":"taxable","12":"shipping-taxable","13":"purchasable","14":"product-type-simple"},"yoast_head":"<!-- This site is optimized with the Yoast SEO plugin v26.6 - https:\/\/yoast.com\/wordpress\/plugins\/seo\/ -->\n<title>Sistema de Videoconferencia MVC840 - Conexiones Chile<\/title>\n<meta name=\"robots\" content=\"index, follow, max-snippet:-1, max-image-preview:large, max-video-preview:-1\" \/>\n<link rel=\"canonical\" href=\"https:\/\/conexioneschile.cl\/index.php\/product\/sistema-de-videoconferencia-mvc840\/\" \/>\n<meta property=\"og:locale\" content=\"es_ES\" \/>\n<meta property=\"og:type\" content=\"article\" \/>\n<meta property=\"og:title\" content=\"Sistema de Videoconferencia MVC840 - Conexiones Chile\" \/>\n<meta property=\"og:description\" content=\"VCM34 es un conjunto de micr\u00f3fonos para videoconferencia que puede funcionar como dispositivo de entrada de audio para el sistema de videoconferencia Yealink o la c\u00e1mara PTZ UVC de Yealink....\" \/>\n<meta property=\"og:url\" content=\"https:\/\/conexioneschile.cl\/index.php\/product\/sistema-de-videoconferencia-mvc840\/\" \/>\n<meta property=\"og:site_name\" content=\"Conexiones Chile\" \/>\n<meta property=\"article:modified_time\" content=\"2025-08-30T19:45:17+00:00\" \/>\n<meta property=\"og:image\" content=\"https:\/\/conexioneschile.cl\/wp-content\/uploads\/2025\/08\/VCM34-02.webp\" \/>\n\t<meta property=\"og:image:width\" content=\"457\" \/>\n\t<meta property=\"og:image:height\" content=\"457\" \/>\n\t<meta property=\"og:image:type\" content=\"image\/webp\" \/>\n<meta name=\"twitter:card\" content=\"summary_large_image\" \/>\n<meta name=\"twitter:label1\" content=\"Tiempo de lectura\" \/>\n\t<meta name=\"twitter:data1\" content=\"1 minuto\" \/>\n<script type=\"application\/ld+json\" class=\"yoast-schema-graph\">{\"@context\":\"https:\/\/schema.org\",\"@graph\":[{\"@type\":\"WebPage\",\"@id\":\"https:\/\/conexioneschile.cl\/index.php\/product\/sistema-de-videoconferencia-mvc840\/\",\"url\":\"https:\/\/conexioneschile.cl\/index.php\/product\/sistema-de-videoconferencia-mvc840\/\",\"name\":\"Sistema de Videoconferencia MVC840 - Conexiones Chile\",\"isPartOf\":{\"@id\":\"https:\/\/conexioneschile.cl\/#website\"},\"primaryImageOfPage\":{\"@id\":\"https:\/\/conexioneschile.cl\/index.php\/product\/sistema-de-videoconferencia-mvc840\/#primaryimage\"},\"image\":{\"@id\":\"https:\/\/conexioneschile.cl\/index.php\/product\/sistema-de-videoconferencia-mvc840\/#primaryimage\"},\"thumbnailUrl\":\"https:\/\/conexioneschile.cl\/wp-content\/uploads\/2025\/08\/VCM34-02.webp\",\"datePublished\":\"2025-08-30T19:37:51+00:00\",\"dateModified\":\"2025-08-30T19:45:17+00:00\",\"breadcrumb\":{\"@id\":\"https:\/\/conexioneschile.cl\/index.php\/product\/sistema-de-videoconferencia-mvc840\/#breadcrumb\"},\"inLanguage\":\"es\",\"potentialAction\":[{\"@type\":\"ReadAction\",\"target\":[\"https:\/\/conexioneschile.cl\/index.php\/product\/sistema-de-videoconferencia-mvc840\/\"]}]},{\"@type\":\"ImageObject\",\"inLanguage\":\"es\",\"@id\":\"https:\/\/conexioneschile.cl\/index.php\/product\/sistema-de-videoconferencia-mvc840\/#primaryimage\",\"url\":\"https:\/\/conexioneschile.cl\/wp-content\/uploads\/2025\/08\/VCM34-02.webp\",\"contentUrl\":\"https:\/\/conexioneschile.cl\/wp-content\/uploads\/2025\/08\/VCM34-02.webp\",\"width\":457,\"height\":457},{\"@type\":\"BreadcrumbList\",\"@id\":\"https:\/\/conexioneschile.cl\/index.php\/product\/sistema-de-videoconferencia-mvc840\/#breadcrumb\",\"itemListElement\":[{\"@type\":\"ListItem\",\"position\":1,\"name\":\"Portada\",\"item\":\"https:\/\/conexioneschile.cl\/\"},{\"@type\":\"ListItem\",\"position\":2,\"name\":\"Shop\",\"item\":\"https:\/\/conexioneschile.cl\/index.php\/shop\/\"},{\"@type\":\"ListItem\",\"position\":3,\"name\":\"Sistema de Videoconferencia MVC840\"}]},{\"@type\":\"WebSite\",\"@id\":\"https:\/\/conexioneschile.cl\/#website\",\"url\":\"https:\/\/conexioneschile.cl\/\",\"name\":\"Conexiones Chile\",\"description\":\"\",\"publisher\":{\"@id\":\"https:\/\/conexioneschile.cl\/#organization\"},\"potentialAction\":[{\"@type\":\"SearchAction\",\"target\":{\"@type\":\"EntryPoint\",\"urlTemplate\":\"https:\/\/conexioneschile.cl\/?s={search_term_string}\"},\"query-input\":{\"@type\":\"PropertyValueSpecification\",\"valueRequired\":true,\"valueName\":\"search_term_string\"}}],\"inLanguage\":\"es\"},{\"@type\":\"Organization\",\"@id\":\"https:\/\/conexioneschile.cl\/#organization\",\"name\":\"Conexiones Chile\",\"url\":\"https:\/\/conexioneschile.cl\/\",\"logo\":{\"@type\":\"ImageObject\",\"inLanguage\":\"es\",\"@id\":\"https:\/\/conexioneschile.cl\/#\/schema\/logo\/image\/\",\"url\":\"https:\/\/conexioneschile.cl\/wp-content\/uploads\/2025\/09\/cropped-logo-coneexiones.png\",\"contentUrl\":\"https:\/\/conexioneschile.cl\/wp-content\/uploads\/2025\/09\/cropped-logo-coneexiones.png\",\"width\":412,\"height\":209,\"caption\":\"Conexiones Chile\"},\"image\":{\"@id\":\"https:\/\/conexioneschile.cl\/#\/schema\/logo\/image\/\"}}]}<\/script>\n<!-- \/ Yoast SEO plugin. -->","yoast_head_json":{"title":"Sistema de Videoconferencia MVC840 - Conexiones Chile","robots":{"index":"index","follow":"follow","max-snippet":"max-snippet:-1","max-image-preview":"max-image-preview:large","max-video-preview":"max-video-preview:-1"},"canonical":"https:\/\/conexioneschile.cl\/index.php\/product\/sistema-de-videoconferencia-mvc840\/","og_locale":"es_ES","og_type":"article","og_title":"Sistema de Videoconferencia MVC840 - Conexiones Chile","og_description":"VCM34 es un conjunto de micr\u00f3fonos para videoconferencia que puede funcionar como dispositivo de entrada de audio para el sistema de videoconferencia Yealink o la c\u00e1mara PTZ UVC de Yealink....","og_url":"https:\/\/conexioneschile.cl\/index.php\/product\/sistema-de-videoconferencia-mvc840\/","og_site_name":"Conexiones Chile","article_modified_time":"2025-08-30T19:45:17+00:00","og_image":[{"width":457,"height":457,"url":"https:\/\/conexioneschile.cl\/wp-content\/uploads\/2025\/08\/VCM34-02.webp","type":"image\/webp"}],"twitter_card":"summary_large_image","twitter_misc":{"Tiempo de lectura":"1 minuto"},"schema":{"@context":"https:\/\/schema.org","@graph":[{"@type":"WebPage","@id":"https:\/\/conexioneschile.cl\/index.php\/product\/sistema-de-videoconferencia-mvc840\/","url":"https:\/\/conexioneschile.cl\/index.php\/product\/sistema-de-videoconferencia-mvc840\/","name":"Sistema de Videoconferencia MVC840 - Conexiones Chile","isPartOf":{"@id":"https:\/\/conexioneschile.cl\/#website"},"primaryImageOfPage":{"@id":"https:\/\/conexioneschile.cl\/index.php\/product\/sistema-de-videoconferencia-mvc840\/#primaryimage"},"image":{"@id":"https:\/\/conexioneschile.cl\/index.php\/product\/sistema-de-videoconferencia-mvc840\/#primaryimage"},"thumbnailUrl":"https:\/\/conexioneschile.cl\/wp-content\/uploads\/2025\/08\/VCM34-02.webp","datePublished":"2025-08-30T19:37:51+00:00","dateModified":"2025-08-30T19:45:17+00:00","breadcrumb":{"@id":"https:\/\/conexioneschile.cl\/index.php\/product\/sistema-de-videoconferencia-mvc840\/#breadcrumb"},"inLanguage":"es","potentialAction":[{"@type":"ReadAction","target":["https:\/\/conexioneschile.cl\/index.php\/product\/sistema-de-videoconferencia-mvc840\/"]}]},{"@type":"ImageObject","inLanguage":"es","@id":"https:\/\/conexioneschile.cl\/index.php\/product\/sistema-de-videoconferencia-mvc840\/#primaryimage","url":"https:\/\/conexioneschile.cl\/wp-content\/uploads\/2025\/08\/VCM34-02.webp","contentUrl":"https:\/\/conexioneschile.cl\/wp-content\/uploads\/2025\/08\/VCM34-02.webp","width":457,"height":457},{"@type":"BreadcrumbList","@id":"https:\/\/conexioneschile.cl\/index.php\/product\/sistema-de-videoconferencia-mvc840\/#breadcrumb","itemListElement":[{"@type":"ListItem","position":1,"name":"Portada","item":"https:\/\/conexioneschile.cl\/"},{"@type":"ListItem","position":2,"name":"Shop","item":"https:\/\/conexioneschile.cl\/index.php\/shop\/"},{"@type":"ListItem","position":3,"name":"Sistema de Videoconferencia MVC840"}]},{"@type":"WebSite","@id":"https:\/\/conexioneschile.cl\/#website","url":"https:\/\/conexioneschile.cl\/","name":"Conexiones Chile","description":"","publisher":{"@id":"https:\/\/conexioneschile.cl\/#organization"},"potentialAction":[{"@type":"SearchAction","target":{"@type":"EntryPoint","urlTemplate":"https:\/\/conexioneschile.cl\/?s={search_term_string}"},"query-input":{"@type":"PropertyValueSpecification","valueRequired":true,"valueName":"search_term_string"}}],"inLanguage":"es"},{"@type":"Organization","@id":"https:\/\/conexioneschile.cl\/#organization","name":"Conexiones Chile","url":"https:\/\/conexioneschile.cl\/","logo":{"@type":"ImageObject","inLanguage":"es","@id":"https:\/\/conexioneschile.cl\/#\/schema\/logo\/image\/","url":"https:\/\/conexioneschile.cl\/wp-content\/uploads\/2025\/09\/cropped-logo-coneexiones.png","contentUrl":"https:\/\/conexioneschile.cl\/wp-content\/uploads\/2025\/09\/cropped-logo-coneexiones.png","width":412,"height":209,"caption":"Conexiones Chile"},"image":{"@id":"https:\/\/conexioneschile.cl\/#\/schema\/logo\/image\/"}}]}},"_links":{"self":[{"href":"https:\/\/conexioneschile.cl\/index.php\/wp-json\/wp\/v2\/product\/25459","targetHints":{"allow":["GET"]}}],"collection":[{"href":"https:\/\/conexioneschile.cl\/index.php\/wp-json\/wp\/v2\/product"}],"about":[{"href":"https:\/\/conexioneschile.cl\/index.php\/wp-json\/wp\/v2\/types\/product"}],"replies":[{"embeddable":true,"href":"https:\/\/conexioneschile.cl\/index.php\/wp-json\/wp\/v2\/comments?post=25459"}],"wp:featuredmedia":[{"embeddable":true,"href":"https:\/\/conexioneschile.cl\/index.php\/wp-json\/wp\/v2\/media\/25458"}],"wp:attachment":[{"href":"https:\/\/conexioneschile.cl\/index.php\/wp-json\/wp\/v2\/media?parent=25459"}],"wp:term":[{"taxonomy":"product_brand","embeddable":true,"href":"https:\/\/conexioneschile.cl\/index.php\/wp-json\/wp\/v2\/product_brand?post=25459"},{"taxonomy":"product_cat","embeddable":true,"href":"https:\/\/conexioneschile.cl\/index.php\/wp-json\/wp\/v2\/product_cat?post=25459"},{"taxonomy":"product_tag","embeddable":true,"href":"https:\/\/conexioneschile.cl\/index.php\/wp-json\/wp\/v2\/product_tag?post=25459"}],"curies":[{"name":"wp","href":"https:\/\/api.w.org\/{rel}","templated":true}]}}