{"id":25474,"date":"2025-08-30T16:38:23","date_gmt":"2025-08-30T19:38:23","guid":{"rendered":"https:\/\/conexioneschile.cl\/index.php\/product\/sistema-de-videoconferencia-full-hd-vdk800\/"},"modified":"2025-08-30T16:45:17","modified_gmt":"2025-08-30T19:45:17","slug":"sistema-de-videoconferencia-full-hd-vdk800","status":"publish","type":"product","link":"https:\/\/conexioneschile.cl\/index.php\/product\/sistema-de-videoconferencia-full-hd-vdk800\/","title":{"rendered":"Sistema de Videoconferencia full HD VDK800"},"content":{"rendered":"<p>VC800 es el sistema de videoconferencia Full HD de segunda generaci\u00f3n lanzado por Yealink. Equipado con el MCU integrado m\u00e1s s\u00f3lido de la industria, el VC800 puede admitir videoconferencias HD en 24 sitios m\u00e1s dos salas de reuniones virtuales. Tiene un dise\u00f1o todo en uno y tecnolog\u00eda de video y audio de primera clase que crea una experiencia de colaboraci\u00f3n m\u00e1s f\u00e1cil y efectiva. Como la \u00faltima generaci\u00f3n de sistemas de videoconferencia de la serie VC de Yealink, el VC800 adopta una interfaz de usuario intuitiva que simplifica el control de las reuniones. Con H.265\/HEVC, Opus y voz HD respaldada por un altavoz superior, el Yealink VC800 facilita una colaboraci\u00f3n audiovisual m\u00e1s inmersiva. VC800 admite hasta 8 c\u00e1maras VCC22 como soluci\u00f3n multic\u00e1mara &#8216;1+8&#8217;. Al aprovechar Yealink Meeting Server (YMS), el VC800 admite sin problemas la programaci\u00f3n de reuniones y el acceso a reuniones con un solo toque. Todos se combinan para hacer del VC800 una de las soluciones perfectas para las salas de reuniones medianas y grandes.<\/p>\n","protected":false},"excerpt":{"rendered":"<p>VC800 es el sistema de videoconferencia Full HD de segunda generaci\u00f3n lanzado por Yealink. Equipado con el MCU integrado m\u00e1s s\u00f3lido de la industria, el VC800 puede admitir videoconferencias HD&#8230;<\/p>\n","protected":false},"featured_media":24565,"comment_status":"open","ping_status":"closed","template":"","meta":[],"product_brand":[163],"product_cat":[280],"product_tag":[],"class_list":{"0":"post-25474","1":"product","2":"type-product","3":"status-publish","4":"has-post-thumbnail","6":"product_brand-yealink","7":"product_cat-pantallas-interactivas-accesorios","9":"first","10":"instock","11":"taxable","12":"shipping-taxable","13":"purchasable","14":"product-type-simple"},"yoast_head":"<!-- This site is optimized with the Yoast SEO plugin v26.6 - https:\/\/yoast.com\/wordpress\/plugins\/seo\/ -->\n<title>Sistema de Videoconferencia full HD VDK800 - Conexiones Chile<\/title>\n<meta name=\"robots\" content=\"index, follow, max-snippet:-1, max-image-preview:large, max-video-preview:-1\" \/>\n<link rel=\"canonical\" href=\"https:\/\/conexioneschile.cl\/index.php\/product\/sistema-de-videoconferencia-full-hd-vdk800\/\" \/>\n<meta property=\"og:locale\" content=\"es_ES\" \/>\n<meta property=\"og:type\" content=\"article\" \/>\n<meta property=\"og:title\" content=\"Sistema de Videoconferencia full HD VDK800 - Conexiones Chile\" \/>\n<meta property=\"og:description\" content=\"VC800 es el sistema de videoconferencia Full HD de segunda generaci\u00f3n lanzado por Yealink. Equipado con el MCU integrado m\u00e1s s\u00f3lido de la industria, el VC800 puede admitir videoconferencias HD...\" \/>\n<meta property=\"og:url\" content=\"https:\/\/conexioneschile.cl\/index.php\/product\/sistema-de-videoconferencia-full-hd-vdk800\/\" \/>\n<meta property=\"og:site_name\" content=\"Conexiones Chile\" \/>\n<meta property=\"article:modified_time\" content=\"2025-08-30T19:45:17+00:00\" \/>\n<meta property=\"og:image\" content=\"https:\/\/conexioneschile.cl\/wp-content\/uploads\/2025\/08\/VDK800-VCM-CTP-WP-.webp\" \/>\n\t<meta property=\"og:image:width\" content=\"1080\" \/>\n\t<meta property=\"og:image:height\" content=\"1080\" \/>\n\t<meta property=\"og:image:type\" content=\"image\/webp\" \/>\n<meta name=\"twitter:card\" content=\"summary_large_image\" \/>\n<meta name=\"twitter:label1\" content=\"Tiempo de lectura\" \/>\n\t<meta name=\"twitter:data1\" content=\"1 minuto\" \/>\n<script type=\"application\/ld+json\" class=\"yoast-schema-graph\">{\"@context\":\"https:\/\/schema.org\",\"@graph\":[{\"@type\":\"WebPage\",\"@id\":\"https:\/\/conexioneschile.cl\/index.php\/product\/sistema-de-videoconferencia-full-hd-vdk800\/\",\"url\":\"https:\/\/conexioneschile.cl\/index.php\/product\/sistema-de-videoconferencia-full-hd-vdk800\/\",\"name\":\"Sistema de Videoconferencia full HD VDK800 - Conexiones Chile\",\"isPartOf\":{\"@id\":\"https:\/\/conexioneschile.cl\/#website\"},\"primaryImageOfPage\":{\"@id\":\"https:\/\/conexioneschile.cl\/index.php\/product\/sistema-de-videoconferencia-full-hd-vdk800\/#primaryimage\"},\"image\":{\"@id\":\"https:\/\/conexioneschile.cl\/index.php\/product\/sistema-de-videoconferencia-full-hd-vdk800\/#primaryimage\"},\"thumbnailUrl\":\"https:\/\/conexioneschile.cl\/wp-content\/uploads\/2025\/08\/VDK800-VCM-CTP-WP-.webp\",\"datePublished\":\"2025-08-30T19:38:23+00:00\",\"dateModified\":\"2025-08-30T19:45:17+00:00\",\"breadcrumb\":{\"@id\":\"https:\/\/conexioneschile.cl\/index.php\/product\/sistema-de-videoconferencia-full-hd-vdk800\/#breadcrumb\"},\"inLanguage\":\"es\",\"potentialAction\":[{\"@type\":\"ReadAction\",\"target\":[\"https:\/\/conexioneschile.cl\/index.php\/product\/sistema-de-videoconferencia-full-hd-vdk800\/\"]}]},{\"@type\":\"ImageObject\",\"inLanguage\":\"es\",\"@id\":\"https:\/\/conexioneschile.cl\/index.php\/product\/sistema-de-videoconferencia-full-hd-vdk800\/#primaryimage\",\"url\":\"https:\/\/conexioneschile.cl\/wp-content\/uploads\/2025\/08\/VDK800-VCM-CTP-WP-.webp\",\"contentUrl\":\"https:\/\/conexioneschile.cl\/wp-content\/uploads\/2025\/08\/VDK800-VCM-CTP-WP-.webp\",\"width\":1080,\"height\":1080},{\"@type\":\"BreadcrumbList\",\"@id\":\"https:\/\/conexioneschile.cl\/index.php\/product\/sistema-de-videoconferencia-full-hd-vdk800\/#breadcrumb\",\"itemListElement\":[{\"@type\":\"ListItem\",\"position\":1,\"name\":\"Portada\",\"item\":\"https:\/\/conexioneschile.cl\/\"},{\"@type\":\"ListItem\",\"position\":2,\"name\":\"Shop\",\"item\":\"https:\/\/conexioneschile.cl\/index.php\/shop\/\"},{\"@type\":\"ListItem\",\"position\":3,\"name\":\"Sistema de Videoconferencia full HD VDK800\"}]},{\"@type\":\"WebSite\",\"@id\":\"https:\/\/conexioneschile.cl\/#website\",\"url\":\"https:\/\/conexioneschile.cl\/\",\"name\":\"Conexiones Chile\",\"description\":\"\",\"publisher\":{\"@id\":\"https:\/\/conexioneschile.cl\/#organization\"},\"potentialAction\":[{\"@type\":\"SearchAction\",\"target\":{\"@type\":\"EntryPoint\",\"urlTemplate\":\"https:\/\/conexioneschile.cl\/?s={search_term_string}\"},\"query-input\":{\"@type\":\"PropertyValueSpecification\",\"valueRequired\":true,\"valueName\":\"search_term_string\"}}],\"inLanguage\":\"es\"},{\"@type\":\"Organization\",\"@id\":\"https:\/\/conexioneschile.cl\/#organization\",\"name\":\"Conexiones Chile\",\"url\":\"https:\/\/conexioneschile.cl\/\",\"logo\":{\"@type\":\"ImageObject\",\"inLanguage\":\"es\",\"@id\":\"https:\/\/conexioneschile.cl\/#\/schema\/logo\/image\/\",\"url\":\"https:\/\/conexioneschile.cl\/wp-content\/uploads\/2025\/09\/cropped-logo-coneexiones.png\",\"contentUrl\":\"https:\/\/conexioneschile.cl\/wp-content\/uploads\/2025\/09\/cropped-logo-coneexiones.png\",\"width\":412,\"height\":209,\"caption\":\"Conexiones Chile\"},\"image\":{\"@id\":\"https:\/\/conexioneschile.cl\/#\/schema\/logo\/image\/\"}}]}<\/script>\n<!-- \/ Yoast SEO plugin. -->","yoast_head_json":{"title":"Sistema de Videoconferencia full HD VDK800 - Conexiones Chile","robots":{"index":"index","follow":"follow","max-snippet":"max-snippet:-1","max-image-preview":"max-image-preview:large","max-video-preview":"max-video-preview:-1"},"canonical":"https:\/\/conexioneschile.cl\/index.php\/product\/sistema-de-videoconferencia-full-hd-vdk800\/","og_locale":"es_ES","og_type":"article","og_title":"Sistema de Videoconferencia full HD VDK800 - Conexiones Chile","og_description":"VC800 es el sistema de videoconferencia Full HD de segunda generaci\u00f3n lanzado por Yealink. Equipado con el MCU integrado m\u00e1s s\u00f3lido de la industria, el VC800 puede admitir videoconferencias HD...","og_url":"https:\/\/conexioneschile.cl\/index.php\/product\/sistema-de-videoconferencia-full-hd-vdk800\/","og_site_name":"Conexiones Chile","article_modified_time":"2025-08-30T19:45:17+00:00","og_image":[{"width":1080,"height":1080,"url":"https:\/\/conexioneschile.cl\/wp-content\/uploads\/2025\/08\/VDK800-VCM-CTP-WP-.webp","type":"image\/webp"}],"twitter_card":"summary_large_image","twitter_misc":{"Tiempo de lectura":"1 minuto"},"schema":{"@context":"https:\/\/schema.org","@graph":[{"@type":"WebPage","@id":"https:\/\/conexioneschile.cl\/index.php\/product\/sistema-de-videoconferencia-full-hd-vdk800\/","url":"https:\/\/conexioneschile.cl\/index.php\/product\/sistema-de-videoconferencia-full-hd-vdk800\/","name":"Sistema de Videoconferencia full HD VDK800 - Conexiones Chile","isPartOf":{"@id":"https:\/\/conexioneschile.cl\/#website"},"primaryImageOfPage":{"@id":"https:\/\/conexioneschile.cl\/index.php\/product\/sistema-de-videoconferencia-full-hd-vdk800\/#primaryimage"},"image":{"@id":"https:\/\/conexioneschile.cl\/index.php\/product\/sistema-de-videoconferencia-full-hd-vdk800\/#primaryimage"},"thumbnailUrl":"https:\/\/conexioneschile.cl\/wp-content\/uploads\/2025\/08\/VDK800-VCM-CTP-WP-.webp","datePublished":"2025-08-30T19:38:23+00:00","dateModified":"2025-08-30T19:45:17+00:00","breadcrumb":{"@id":"https:\/\/conexioneschile.cl\/index.php\/product\/sistema-de-videoconferencia-full-hd-vdk800\/#breadcrumb"},"inLanguage":"es","potentialAction":[{"@type":"ReadAction","target":["https:\/\/conexioneschile.cl\/index.php\/product\/sistema-de-videoconferencia-full-hd-vdk800\/"]}]},{"@type":"ImageObject","inLanguage":"es","@id":"https:\/\/conexioneschile.cl\/index.php\/product\/sistema-de-videoconferencia-full-hd-vdk800\/#primaryimage","url":"https:\/\/conexioneschile.cl\/wp-content\/uploads\/2025\/08\/VDK800-VCM-CTP-WP-.webp","contentUrl":"https:\/\/conexioneschile.cl\/wp-content\/uploads\/2025\/08\/VDK800-VCM-CTP-WP-.webp","width":1080,"height":1080},{"@type":"BreadcrumbList","@id":"https:\/\/conexioneschile.cl\/index.php\/product\/sistema-de-videoconferencia-full-hd-vdk800\/#breadcrumb","itemListElement":[{"@type":"ListItem","position":1,"name":"Portada","item":"https:\/\/conexioneschile.cl\/"},{"@type":"ListItem","position":2,"name":"Shop","item":"https:\/\/conexioneschile.cl\/index.php\/shop\/"},{"@type":"ListItem","position":3,"name":"Sistema de Videoconferencia full HD VDK800"}]},{"@type":"WebSite","@id":"https:\/\/conexioneschile.cl\/#website","url":"https:\/\/conexioneschile.cl\/","name":"Conexiones Chile","description":"","publisher":{"@id":"https:\/\/conexioneschile.cl\/#organization"},"potentialAction":[{"@type":"SearchAction","target":{"@type":"EntryPoint","urlTemplate":"https:\/\/conexioneschile.cl\/?s={search_term_string}"},"query-input":{"@type":"PropertyValueSpecification","valueRequired":true,"valueName":"search_term_string"}}],"inLanguage":"es"},{"@type":"Organization","@id":"https:\/\/conexioneschile.cl\/#organization","name":"Conexiones Chile","url":"https:\/\/conexioneschile.cl\/","logo":{"@type":"ImageObject","inLanguage":"es","@id":"https:\/\/conexioneschile.cl\/#\/schema\/logo\/image\/","url":"https:\/\/conexioneschile.cl\/wp-content\/uploads\/2025\/09\/cropped-logo-coneexiones.png","contentUrl":"https:\/\/conexioneschile.cl\/wp-content\/uploads\/2025\/09\/cropped-logo-coneexiones.png","width":412,"height":209,"caption":"Conexiones Chile"},"image":{"@id":"https:\/\/conexioneschile.cl\/#\/schema\/logo\/image\/"}}]}},"_links":{"self":[{"href":"https:\/\/conexioneschile.cl\/index.php\/wp-json\/wp\/v2\/product\/25474","targetHints":{"allow":["GET"]}}],"collection":[{"href":"https:\/\/conexioneschile.cl\/index.php\/wp-json\/wp\/v2\/product"}],"about":[{"href":"https:\/\/conexioneschile.cl\/index.php\/wp-json\/wp\/v2\/types\/product"}],"replies":[{"embeddable":true,"href":"https:\/\/conexioneschile.cl\/index.php\/wp-json\/wp\/v2\/comments?post=25474"}],"wp:featuredmedia":[{"embeddable":true,"href":"https:\/\/conexioneschile.cl\/index.php\/wp-json\/wp\/v2\/media\/24565"}],"wp:attachment":[{"href":"https:\/\/conexioneschile.cl\/index.php\/wp-json\/wp\/v2\/media?parent=25474"}],"wp:term":[{"taxonomy":"product_brand","embeddable":true,"href":"https:\/\/conexioneschile.cl\/index.php\/wp-json\/wp\/v2\/product_brand?post=25474"},{"taxonomy":"product_cat","embeddable":true,"href":"https:\/\/conexioneschile.cl\/index.php\/wp-json\/wp\/v2\/product_cat?post=25474"},{"taxonomy":"product_tag","embeddable":true,"href":"https:\/\/conexioneschile.cl\/index.php\/wp-json\/wp\/v2\/product_tag?post=25474"}],"curies":[{"name":"wp","href":"https:\/\/api.w.org\/{rel}","templated":true}]}}