{"id":25482,"date":"2025-08-30T16:38:37","date_gmt":"2025-08-30T19:38:37","guid":{"rendered":"https:\/\/conexioneschile.cl\/index.php\/product\/telefono-ip-dect-inalambrico-w59r\/"},"modified":"2025-08-30T16:45:18","modified_gmt":"2025-08-30T19:45:18","slug":"telefono-ip-dect-inalambrico-w59r","status":"publish","type":"product","link":"https:\/\/conexioneschile.cl\/index.php\/product\/telefono-ip-dect-inalambrico-w59r\/","title":{"rendered":"Tel\u00e9fono IP DECT Inal\u00e1mbrico W59R"},"content":{"rendered":"<p>Yealink W59R, certificado seg\u00fan el riguroso est\u00e1ndar IP67, es un tel\u00e9fono DECT profesional reforzado con Bluetooth y vibraci\u00f3n integrado alarma que es bastante elegible para el ambiente donde puede haber polvo, humedad y dureza. No solo combina las ventajas de la comunicaci\u00f3n inal\u00e1mbrica y las numerosas funciones del tel\u00e9fono de voz sobre IP, pero tambi\u00e9n totalmente compatible con el sistema multicelda Yealink W80 para un roaming y transferencia de llamadas sin problemas, este tel\u00e9fono brinda a los usuarios la conveniencia y la buena experiencia de los dispositivos m\u00f3viles.<\/p>\n<p>La comunicaci\u00f3n en y entre cada zona y se mantiene estable en los lugares complicados y dif\u00edciles. Como un tel\u00e9fono resistente y duradero, W59R tambi\u00e9n se ha desarrollado con la calidad de audio HD \u00f3ptima de Yealink que combina m\u00faltiples tecnolog\u00edas l\u00edderes juntas, incluyendo FNR (reducci\u00f3n de ruido flexible), full d\u00faplex y Opus. Esto significa que los usuarios pueden obtener una experiencia de audio estable y de alta calidad incluso si la ubicaci\u00f3n est\u00e1 llena de ruido o interferencias inal\u00e1mbricas. Adem\u00e1s, las funciones completas de alarma y el G-Sensor integrado aumentan la seguridad para la persona que trabaja en lugares peligrosos.<\/p>\n","protected":false},"excerpt":{"rendered":"<p>Yealink W59R, certificado seg\u00fan el riguroso est\u00e1ndar IP67, es un tel\u00e9fono DECT profesional reforzado con Bluetooth y vibraci\u00f3n integrado alarma que es bastante elegible para el ambiente donde puede haber&#8230;<\/p>\n","protected":false},"featured_media":25481,"comment_status":"open","ping_status":"closed","template":"","meta":[],"product_brand":[163],"product_cat":[266],"product_tag":[],"class_list":{"0":"post-25482","1":"product","2":"type-product","3":"status-publish","4":"has-post-thumbnail","6":"product_brand-yealink","7":"product_cat-telefonia","9":"first","10":"instock","11":"taxable","12":"shipping-taxable","13":"purchasable","14":"product-type-simple"},"yoast_head":"<!-- This site is optimized with the Yoast SEO plugin v26.6 - https:\/\/yoast.com\/wordpress\/plugins\/seo\/ -->\n<title>Tel\u00e9fono IP DECT Inal\u00e1mbrico W59R - Conexiones Chile<\/title>\n<meta name=\"robots\" content=\"index, follow, max-snippet:-1, max-image-preview:large, max-video-preview:-1\" \/>\n<link rel=\"canonical\" href=\"https:\/\/conexioneschile.cl\/index.php\/product\/telefono-ip-dect-inalambrico-w59r\/\" \/>\n<meta property=\"og:locale\" content=\"es_ES\" \/>\n<meta property=\"og:type\" content=\"article\" \/>\n<meta property=\"og:title\" content=\"Tel\u00e9fono IP DECT Inal\u00e1mbrico W59R - Conexiones Chile\" \/>\n<meta property=\"og:description\" content=\"Yealink W59R, certificado seg\u00fan el riguroso est\u00e1ndar IP67, es un tel\u00e9fono DECT profesional reforzado con Bluetooth y vibraci\u00f3n integrado alarma que es bastante elegible para el ambiente donde puede haber...\" \/>\n<meta property=\"og:url\" content=\"https:\/\/conexioneschile.cl\/index.php\/product\/telefono-ip-dect-inalambrico-w59r\/\" \/>\n<meta property=\"og:site_name\" content=\"Conexiones Chile\" \/>\n<meta property=\"article:modified_time\" content=\"2025-08-30T19:45:18+00:00\" \/>\n<meta property=\"og:image\" content=\"https:\/\/conexioneschile.cl\/wp-content\/uploads\/2025\/08\/Yealink_W59R-1.webp\" \/>\n\t<meta property=\"og:image:width\" content=\"500\" \/>\n\t<meta property=\"og:image:height\" content=\"500\" \/>\n\t<meta property=\"og:image:type\" content=\"image\/webp\" \/>\n<meta name=\"twitter:card\" content=\"summary_large_image\" \/>\n<meta name=\"twitter:label1\" content=\"Tiempo de lectura\" \/>\n\t<meta name=\"twitter:data1\" content=\"1 minuto\" \/>\n<script type=\"application\/ld+json\" class=\"yoast-schema-graph\">{\"@context\":\"https:\/\/schema.org\",\"@graph\":[{\"@type\":\"WebPage\",\"@id\":\"https:\/\/conexioneschile.cl\/index.php\/product\/telefono-ip-dect-inalambrico-w59r\/\",\"url\":\"https:\/\/conexioneschile.cl\/index.php\/product\/telefono-ip-dect-inalambrico-w59r\/\",\"name\":\"Tel\u00e9fono IP DECT Inal\u00e1mbrico W59R - Conexiones Chile\",\"isPartOf\":{\"@id\":\"https:\/\/conexioneschile.cl\/#website\"},\"primaryImageOfPage\":{\"@id\":\"https:\/\/conexioneschile.cl\/index.php\/product\/telefono-ip-dect-inalambrico-w59r\/#primaryimage\"},\"image\":{\"@id\":\"https:\/\/conexioneschile.cl\/index.php\/product\/telefono-ip-dect-inalambrico-w59r\/#primaryimage\"},\"thumbnailUrl\":\"https:\/\/conexioneschile.cl\/wp-content\/uploads\/2025\/08\/Yealink_W59R-1.webp\",\"datePublished\":\"2025-08-30T19:38:37+00:00\",\"dateModified\":\"2025-08-30T19:45:18+00:00\",\"breadcrumb\":{\"@id\":\"https:\/\/conexioneschile.cl\/index.php\/product\/telefono-ip-dect-inalambrico-w59r\/#breadcrumb\"},\"inLanguage\":\"es\",\"potentialAction\":[{\"@type\":\"ReadAction\",\"target\":[\"https:\/\/conexioneschile.cl\/index.php\/product\/telefono-ip-dect-inalambrico-w59r\/\"]}]},{\"@type\":\"ImageObject\",\"inLanguage\":\"es\",\"@id\":\"https:\/\/conexioneschile.cl\/index.php\/product\/telefono-ip-dect-inalambrico-w59r\/#primaryimage\",\"url\":\"https:\/\/conexioneschile.cl\/wp-content\/uploads\/2025\/08\/Yealink_W59R-1.webp\",\"contentUrl\":\"https:\/\/conexioneschile.cl\/wp-content\/uploads\/2025\/08\/Yealink_W59R-1.webp\",\"width\":500,\"height\":500},{\"@type\":\"BreadcrumbList\",\"@id\":\"https:\/\/conexioneschile.cl\/index.php\/product\/telefono-ip-dect-inalambrico-w59r\/#breadcrumb\",\"itemListElement\":[{\"@type\":\"ListItem\",\"position\":1,\"name\":\"Portada\",\"item\":\"https:\/\/conexioneschile.cl\/\"},{\"@type\":\"ListItem\",\"position\":2,\"name\":\"Shop\",\"item\":\"https:\/\/conexioneschile.cl\/index.php\/shop\/\"},{\"@type\":\"ListItem\",\"position\":3,\"name\":\"Tel\u00e9fono IP DECT Inal\u00e1mbrico W59R\"}]},{\"@type\":\"WebSite\",\"@id\":\"https:\/\/conexioneschile.cl\/#website\",\"url\":\"https:\/\/conexioneschile.cl\/\",\"name\":\"Conexiones Chile\",\"description\":\"\",\"publisher\":{\"@id\":\"https:\/\/conexioneschile.cl\/#organization\"},\"potentialAction\":[{\"@type\":\"SearchAction\",\"target\":{\"@type\":\"EntryPoint\",\"urlTemplate\":\"https:\/\/conexioneschile.cl\/?s={search_term_string}\"},\"query-input\":{\"@type\":\"PropertyValueSpecification\",\"valueRequired\":true,\"valueName\":\"search_term_string\"}}],\"inLanguage\":\"es\"},{\"@type\":\"Organization\",\"@id\":\"https:\/\/conexioneschile.cl\/#organization\",\"name\":\"Conexiones Chile\",\"url\":\"https:\/\/conexioneschile.cl\/\",\"logo\":{\"@type\":\"ImageObject\",\"inLanguage\":\"es\",\"@id\":\"https:\/\/conexioneschile.cl\/#\/schema\/logo\/image\/\",\"url\":\"https:\/\/conexioneschile.cl\/wp-content\/uploads\/2025\/09\/cropped-logo-coneexiones.png\",\"contentUrl\":\"https:\/\/conexioneschile.cl\/wp-content\/uploads\/2025\/09\/cropped-logo-coneexiones.png\",\"width\":412,\"height\":209,\"caption\":\"Conexiones Chile\"},\"image\":{\"@id\":\"https:\/\/conexioneschile.cl\/#\/schema\/logo\/image\/\"}}]}<\/script>\n<!-- \/ Yoast SEO plugin. -->","yoast_head_json":{"title":"Tel\u00e9fono IP DECT Inal\u00e1mbrico W59R - Conexiones Chile","robots":{"index":"index","follow":"follow","max-snippet":"max-snippet:-1","max-image-preview":"max-image-preview:large","max-video-preview":"max-video-preview:-1"},"canonical":"https:\/\/conexioneschile.cl\/index.php\/product\/telefono-ip-dect-inalambrico-w59r\/","og_locale":"es_ES","og_type":"article","og_title":"Tel\u00e9fono IP DECT Inal\u00e1mbrico W59R - Conexiones Chile","og_description":"Yealink W59R, certificado seg\u00fan el riguroso est\u00e1ndar IP67, es un tel\u00e9fono DECT profesional reforzado con Bluetooth y vibraci\u00f3n integrado alarma que es bastante elegible para el ambiente donde puede haber...","og_url":"https:\/\/conexioneschile.cl\/index.php\/product\/telefono-ip-dect-inalambrico-w59r\/","og_site_name":"Conexiones Chile","article_modified_time":"2025-08-30T19:45:18+00:00","og_image":[{"width":500,"height":500,"url":"https:\/\/conexioneschile.cl\/wp-content\/uploads\/2025\/08\/Yealink_W59R-1.webp","type":"image\/webp"}],"twitter_card":"summary_large_image","twitter_misc":{"Tiempo de lectura":"1 minuto"},"schema":{"@context":"https:\/\/schema.org","@graph":[{"@type":"WebPage","@id":"https:\/\/conexioneschile.cl\/index.php\/product\/telefono-ip-dect-inalambrico-w59r\/","url":"https:\/\/conexioneschile.cl\/index.php\/product\/telefono-ip-dect-inalambrico-w59r\/","name":"Tel\u00e9fono IP DECT Inal\u00e1mbrico W59R - Conexiones Chile","isPartOf":{"@id":"https:\/\/conexioneschile.cl\/#website"},"primaryImageOfPage":{"@id":"https:\/\/conexioneschile.cl\/index.php\/product\/telefono-ip-dect-inalambrico-w59r\/#primaryimage"},"image":{"@id":"https:\/\/conexioneschile.cl\/index.php\/product\/telefono-ip-dect-inalambrico-w59r\/#primaryimage"},"thumbnailUrl":"https:\/\/conexioneschile.cl\/wp-content\/uploads\/2025\/08\/Yealink_W59R-1.webp","datePublished":"2025-08-30T19:38:37+00:00","dateModified":"2025-08-30T19:45:18+00:00","breadcrumb":{"@id":"https:\/\/conexioneschile.cl\/index.php\/product\/telefono-ip-dect-inalambrico-w59r\/#breadcrumb"},"inLanguage":"es","potentialAction":[{"@type":"ReadAction","target":["https:\/\/conexioneschile.cl\/index.php\/product\/telefono-ip-dect-inalambrico-w59r\/"]}]},{"@type":"ImageObject","inLanguage":"es","@id":"https:\/\/conexioneschile.cl\/index.php\/product\/telefono-ip-dect-inalambrico-w59r\/#primaryimage","url":"https:\/\/conexioneschile.cl\/wp-content\/uploads\/2025\/08\/Yealink_W59R-1.webp","contentUrl":"https:\/\/conexioneschile.cl\/wp-content\/uploads\/2025\/08\/Yealink_W59R-1.webp","width":500,"height":500},{"@type":"BreadcrumbList","@id":"https:\/\/conexioneschile.cl\/index.php\/product\/telefono-ip-dect-inalambrico-w59r\/#breadcrumb","itemListElement":[{"@type":"ListItem","position":1,"name":"Portada","item":"https:\/\/conexioneschile.cl\/"},{"@type":"ListItem","position":2,"name":"Shop","item":"https:\/\/conexioneschile.cl\/index.php\/shop\/"},{"@type":"ListItem","position":3,"name":"Tel\u00e9fono IP DECT Inal\u00e1mbrico W59R"}]},{"@type":"WebSite","@id":"https:\/\/conexioneschile.cl\/#website","url":"https:\/\/conexioneschile.cl\/","name":"Conexiones Chile","description":"","publisher":{"@id":"https:\/\/conexioneschile.cl\/#organization"},"potentialAction":[{"@type":"SearchAction","target":{"@type":"EntryPoint","urlTemplate":"https:\/\/conexioneschile.cl\/?s={search_term_string}"},"query-input":{"@type":"PropertyValueSpecification","valueRequired":true,"valueName":"search_term_string"}}],"inLanguage":"es"},{"@type":"Organization","@id":"https:\/\/conexioneschile.cl\/#organization","name":"Conexiones Chile","url":"https:\/\/conexioneschile.cl\/","logo":{"@type":"ImageObject","inLanguage":"es","@id":"https:\/\/conexioneschile.cl\/#\/schema\/logo\/image\/","url":"https:\/\/conexioneschile.cl\/wp-content\/uploads\/2025\/09\/cropped-logo-coneexiones.png","contentUrl":"https:\/\/conexioneschile.cl\/wp-content\/uploads\/2025\/09\/cropped-logo-coneexiones.png","width":412,"height":209,"caption":"Conexiones Chile"},"image":{"@id":"https:\/\/conexioneschile.cl\/#\/schema\/logo\/image\/"}}]}},"_links":{"self":[{"href":"https:\/\/conexioneschile.cl\/index.php\/wp-json\/wp\/v2\/product\/25482","targetHints":{"allow":["GET"]}}],"collection":[{"href":"https:\/\/conexioneschile.cl\/index.php\/wp-json\/wp\/v2\/product"}],"about":[{"href":"https:\/\/conexioneschile.cl\/index.php\/wp-json\/wp\/v2\/types\/product"}],"replies":[{"embeddable":true,"href":"https:\/\/conexioneschile.cl\/index.php\/wp-json\/wp\/v2\/comments?post=25482"}],"wp:featuredmedia":[{"embeddable":true,"href":"https:\/\/conexioneschile.cl\/index.php\/wp-json\/wp\/v2\/media\/25481"}],"wp:attachment":[{"href":"https:\/\/conexioneschile.cl\/index.php\/wp-json\/wp\/v2\/media?parent=25482"}],"wp:term":[{"taxonomy":"product_brand","embeddable":true,"href":"https:\/\/conexioneschile.cl\/index.php\/wp-json\/wp\/v2\/product_brand?post=25482"},{"taxonomy":"product_cat","embeddable":true,"href":"https:\/\/conexioneschile.cl\/index.php\/wp-json\/wp\/v2\/product_cat?post=25482"},{"taxonomy":"product_tag","embeddable":true,"href":"https:\/\/conexioneschile.cl\/index.php\/wp-json\/wp\/v2\/product_tag?post=25482"}],"curies":[{"name":"wp","href":"https:\/\/api.w.org\/{rel}","templated":true}]}}