{"id":25492,"date":"2025-08-30T16:38:42","date_gmt":"2025-08-30T19:38:42","guid":{"rendered":"https:\/\/conexioneschile.cl\/index.php\/product\/base-dect-sistema-multicelda-w80b\/"},"modified":"2025-08-30T16:45:19","modified_gmt":"2025-08-30T19:45:19","slug":"base-dect-sistema-multicelda-w80b","status":"publish","type":"product","link":"https:\/\/conexioneschile.cl\/index.php\/product\/base-dect-sistema-multicelda-w80b\/","title":{"rendered":"Base DECT Sistema Multicelda W80B"},"content":{"rendered":"<p>La estaci\u00f3n base multicelda W80B est\u00e1 dise\u00f1ada para proporcionar a las organizaciones que requieren cobertura inal\u00e1mbrica facilidad de despliegue. En combinaci\u00f3n con la estaci\u00f3n base DECT y el administrador DECT, este sistema multicelular DECT de Yealink crea una soluci\u00f3n escalable y confiable para las organizaciones de cualquier tama\u00f1o y forma.<\/p>\n<p>El sistema admite hasta 100 tel\u00e9fonos y 100 llamadas simult\u00e1neas, esta soluci\u00f3n no solo garantiza una llamada en cada handset, sino que tambi\u00e9n le permite deshacerse de la conexi\u00f3n inal\u00e1mbrica de cobertura limitada de solo una estaci\u00f3n base. Mientras tanto el sistema funciona con tel\u00e9fonos Yealink W53H y W56H con roaming continuo y traspaso de las llamadas, haciendo posible la comunicaci\u00f3n m\u00f3vil libremente dentro y entre cada zona.<\/p>\n","protected":false},"excerpt":{"rendered":"<p>La estaci\u00f3n base multicelda W80B est\u00e1 dise\u00f1ada para proporcionar a las organizaciones que requieren cobertura inal\u00e1mbrica facilidad de despliegue. En combinaci\u00f3n con la estaci\u00f3n base DECT y el administrador DECT,&#8230;<\/p>\n","protected":false},"featured_media":25491,"comment_status":"open","ping_status":"closed","template":"","meta":[],"product_brand":[163],"product_cat":[266],"product_tag":[],"class_list":{"0":"post-25492","1":"product","2":"type-product","3":"status-publish","4":"has-post-thumbnail","6":"product_brand-yealink","7":"product_cat-telefonia","9":"first","10":"instock","11":"taxable","12":"shipping-taxable","13":"purchasable","14":"product-type-simple"},"yoast_head":"<!-- This site is optimized with the Yoast SEO plugin v26.6 - https:\/\/yoast.com\/wordpress\/plugins\/seo\/ -->\n<title>Base DECT Sistema Multicelda W80B - Conexiones Chile<\/title>\n<meta name=\"robots\" content=\"index, follow, max-snippet:-1, max-image-preview:large, max-video-preview:-1\" \/>\n<link rel=\"canonical\" href=\"https:\/\/conexioneschile.cl\/index.php\/product\/base-dect-sistema-multicelda-w80b\/\" \/>\n<meta property=\"og:locale\" content=\"es_ES\" \/>\n<meta property=\"og:type\" content=\"article\" \/>\n<meta property=\"og:title\" content=\"Base DECT Sistema Multicelda W80B - Conexiones Chile\" \/>\n<meta property=\"og:description\" content=\"La estaci\u00f3n base multicelda W80B est\u00e1 dise\u00f1ada para proporcionar a las organizaciones que requieren cobertura inal\u00e1mbrica facilidad de despliegue. En combinaci\u00f3n con la estaci\u00f3n base DECT y el administrador DECT,...\" \/>\n<meta property=\"og:url\" content=\"https:\/\/conexioneschile.cl\/index.php\/product\/base-dect-sistema-multicelda-w80b\/\" \/>\n<meta property=\"og:site_name\" content=\"Conexiones Chile\" \/>\n<meta property=\"article:modified_time\" content=\"2025-08-30T19:45:19+00:00\" \/>\n<meta property=\"og:image\" content=\"https:\/\/conexioneschile.cl\/wp-content\/uploads\/2025\/08\/Yealink_W80B-1.webp\" \/>\n\t<meta property=\"og:image:width\" content=\"500\" \/>\n\t<meta property=\"og:image:height\" content=\"500\" \/>\n\t<meta property=\"og:image:type\" content=\"image\/webp\" \/>\n<meta name=\"twitter:card\" content=\"summary_large_image\" \/>\n<meta name=\"twitter:label1\" content=\"Tiempo de lectura\" \/>\n\t<meta name=\"twitter:data1\" content=\"1 minuto\" \/>\n<script type=\"application\/ld+json\" class=\"yoast-schema-graph\">{\"@context\":\"https:\/\/schema.org\",\"@graph\":[{\"@type\":\"WebPage\",\"@id\":\"https:\/\/conexioneschile.cl\/index.php\/product\/base-dect-sistema-multicelda-w80b\/\",\"url\":\"https:\/\/conexioneschile.cl\/index.php\/product\/base-dect-sistema-multicelda-w80b\/\",\"name\":\"Base DECT Sistema Multicelda W80B - Conexiones Chile\",\"isPartOf\":{\"@id\":\"https:\/\/conexioneschile.cl\/#website\"},\"primaryImageOfPage\":{\"@id\":\"https:\/\/conexioneschile.cl\/index.php\/product\/base-dect-sistema-multicelda-w80b\/#primaryimage\"},\"image\":{\"@id\":\"https:\/\/conexioneschile.cl\/index.php\/product\/base-dect-sistema-multicelda-w80b\/#primaryimage\"},\"thumbnailUrl\":\"https:\/\/conexioneschile.cl\/wp-content\/uploads\/2025\/08\/Yealink_W80B-1.webp\",\"datePublished\":\"2025-08-30T19:38:42+00:00\",\"dateModified\":\"2025-08-30T19:45:19+00:00\",\"breadcrumb\":{\"@id\":\"https:\/\/conexioneschile.cl\/index.php\/product\/base-dect-sistema-multicelda-w80b\/#breadcrumb\"},\"inLanguage\":\"es\",\"potentialAction\":[{\"@type\":\"ReadAction\",\"target\":[\"https:\/\/conexioneschile.cl\/index.php\/product\/base-dect-sistema-multicelda-w80b\/\"]}]},{\"@type\":\"ImageObject\",\"inLanguage\":\"es\",\"@id\":\"https:\/\/conexioneschile.cl\/index.php\/product\/base-dect-sistema-multicelda-w80b\/#primaryimage\",\"url\":\"https:\/\/conexioneschile.cl\/wp-content\/uploads\/2025\/08\/Yealink_W80B-1.webp\",\"contentUrl\":\"https:\/\/conexioneschile.cl\/wp-content\/uploads\/2025\/08\/Yealink_W80B-1.webp\",\"width\":500,\"height\":500},{\"@type\":\"BreadcrumbList\",\"@id\":\"https:\/\/conexioneschile.cl\/index.php\/product\/base-dect-sistema-multicelda-w80b\/#breadcrumb\",\"itemListElement\":[{\"@type\":\"ListItem\",\"position\":1,\"name\":\"Portada\",\"item\":\"https:\/\/conexioneschile.cl\/\"},{\"@type\":\"ListItem\",\"position\":2,\"name\":\"Shop\",\"item\":\"https:\/\/conexioneschile.cl\/index.php\/shop\/\"},{\"@type\":\"ListItem\",\"position\":3,\"name\":\"Base DECT Sistema Multicelda W80B\"}]},{\"@type\":\"WebSite\",\"@id\":\"https:\/\/conexioneschile.cl\/#website\",\"url\":\"https:\/\/conexioneschile.cl\/\",\"name\":\"Conexiones Chile\",\"description\":\"\",\"publisher\":{\"@id\":\"https:\/\/conexioneschile.cl\/#organization\"},\"potentialAction\":[{\"@type\":\"SearchAction\",\"target\":{\"@type\":\"EntryPoint\",\"urlTemplate\":\"https:\/\/conexioneschile.cl\/?s={search_term_string}\"},\"query-input\":{\"@type\":\"PropertyValueSpecification\",\"valueRequired\":true,\"valueName\":\"search_term_string\"}}],\"inLanguage\":\"es\"},{\"@type\":\"Organization\",\"@id\":\"https:\/\/conexioneschile.cl\/#organization\",\"name\":\"Conexiones Chile\",\"url\":\"https:\/\/conexioneschile.cl\/\",\"logo\":{\"@type\":\"ImageObject\",\"inLanguage\":\"es\",\"@id\":\"https:\/\/conexioneschile.cl\/#\/schema\/logo\/image\/\",\"url\":\"https:\/\/conexioneschile.cl\/wp-content\/uploads\/2025\/09\/cropped-logo-coneexiones.png\",\"contentUrl\":\"https:\/\/conexioneschile.cl\/wp-content\/uploads\/2025\/09\/cropped-logo-coneexiones.png\",\"width\":412,\"height\":209,\"caption\":\"Conexiones Chile\"},\"image\":{\"@id\":\"https:\/\/conexioneschile.cl\/#\/schema\/logo\/image\/\"}}]}<\/script>\n<!-- \/ Yoast SEO plugin. -->","yoast_head_json":{"title":"Base DECT Sistema Multicelda W80B - Conexiones Chile","robots":{"index":"index","follow":"follow","max-snippet":"max-snippet:-1","max-image-preview":"max-image-preview:large","max-video-preview":"max-video-preview:-1"},"canonical":"https:\/\/conexioneschile.cl\/index.php\/product\/base-dect-sistema-multicelda-w80b\/","og_locale":"es_ES","og_type":"article","og_title":"Base DECT Sistema Multicelda W80B - Conexiones Chile","og_description":"La estaci\u00f3n base multicelda W80B est\u00e1 dise\u00f1ada para proporcionar a las organizaciones que requieren cobertura inal\u00e1mbrica facilidad de despliegue. En combinaci\u00f3n con la estaci\u00f3n base DECT y el administrador DECT,...","og_url":"https:\/\/conexioneschile.cl\/index.php\/product\/base-dect-sistema-multicelda-w80b\/","og_site_name":"Conexiones Chile","article_modified_time":"2025-08-30T19:45:19+00:00","og_image":[{"width":500,"height":500,"url":"https:\/\/conexioneschile.cl\/wp-content\/uploads\/2025\/08\/Yealink_W80B-1.webp","type":"image\/webp"}],"twitter_card":"summary_large_image","twitter_misc":{"Tiempo de lectura":"1 minuto"},"schema":{"@context":"https:\/\/schema.org","@graph":[{"@type":"WebPage","@id":"https:\/\/conexioneschile.cl\/index.php\/product\/base-dect-sistema-multicelda-w80b\/","url":"https:\/\/conexioneschile.cl\/index.php\/product\/base-dect-sistema-multicelda-w80b\/","name":"Base DECT Sistema Multicelda W80B - Conexiones Chile","isPartOf":{"@id":"https:\/\/conexioneschile.cl\/#website"},"primaryImageOfPage":{"@id":"https:\/\/conexioneschile.cl\/index.php\/product\/base-dect-sistema-multicelda-w80b\/#primaryimage"},"image":{"@id":"https:\/\/conexioneschile.cl\/index.php\/product\/base-dect-sistema-multicelda-w80b\/#primaryimage"},"thumbnailUrl":"https:\/\/conexioneschile.cl\/wp-content\/uploads\/2025\/08\/Yealink_W80B-1.webp","datePublished":"2025-08-30T19:38:42+00:00","dateModified":"2025-08-30T19:45:19+00:00","breadcrumb":{"@id":"https:\/\/conexioneschile.cl\/index.php\/product\/base-dect-sistema-multicelda-w80b\/#breadcrumb"},"inLanguage":"es","potentialAction":[{"@type":"ReadAction","target":["https:\/\/conexioneschile.cl\/index.php\/product\/base-dect-sistema-multicelda-w80b\/"]}]},{"@type":"ImageObject","inLanguage":"es","@id":"https:\/\/conexioneschile.cl\/index.php\/product\/base-dect-sistema-multicelda-w80b\/#primaryimage","url":"https:\/\/conexioneschile.cl\/wp-content\/uploads\/2025\/08\/Yealink_W80B-1.webp","contentUrl":"https:\/\/conexioneschile.cl\/wp-content\/uploads\/2025\/08\/Yealink_W80B-1.webp","width":500,"height":500},{"@type":"BreadcrumbList","@id":"https:\/\/conexioneschile.cl\/index.php\/product\/base-dect-sistema-multicelda-w80b\/#breadcrumb","itemListElement":[{"@type":"ListItem","position":1,"name":"Portada","item":"https:\/\/conexioneschile.cl\/"},{"@type":"ListItem","position":2,"name":"Shop","item":"https:\/\/conexioneschile.cl\/index.php\/shop\/"},{"@type":"ListItem","position":3,"name":"Base DECT Sistema Multicelda W80B"}]},{"@type":"WebSite","@id":"https:\/\/conexioneschile.cl\/#website","url":"https:\/\/conexioneschile.cl\/","name":"Conexiones Chile","description":"","publisher":{"@id":"https:\/\/conexioneschile.cl\/#organization"},"potentialAction":[{"@type":"SearchAction","target":{"@type":"EntryPoint","urlTemplate":"https:\/\/conexioneschile.cl\/?s={search_term_string}"},"query-input":{"@type":"PropertyValueSpecification","valueRequired":true,"valueName":"search_term_string"}}],"inLanguage":"es"},{"@type":"Organization","@id":"https:\/\/conexioneschile.cl\/#organization","name":"Conexiones Chile","url":"https:\/\/conexioneschile.cl\/","logo":{"@type":"ImageObject","inLanguage":"es","@id":"https:\/\/conexioneschile.cl\/#\/schema\/logo\/image\/","url":"https:\/\/conexioneschile.cl\/wp-content\/uploads\/2025\/09\/cropped-logo-coneexiones.png","contentUrl":"https:\/\/conexioneschile.cl\/wp-content\/uploads\/2025\/09\/cropped-logo-coneexiones.png","width":412,"height":209,"caption":"Conexiones Chile"},"image":{"@id":"https:\/\/conexioneschile.cl\/#\/schema\/logo\/image\/"}}]}},"_links":{"self":[{"href":"https:\/\/conexioneschile.cl\/index.php\/wp-json\/wp\/v2\/product\/25492","targetHints":{"allow":["GET"]}}],"collection":[{"href":"https:\/\/conexioneschile.cl\/index.php\/wp-json\/wp\/v2\/product"}],"about":[{"href":"https:\/\/conexioneschile.cl\/index.php\/wp-json\/wp\/v2\/types\/product"}],"replies":[{"embeddable":true,"href":"https:\/\/conexioneschile.cl\/index.php\/wp-json\/wp\/v2\/comments?post=25492"}],"wp:featuredmedia":[{"embeddable":true,"href":"https:\/\/conexioneschile.cl\/index.php\/wp-json\/wp\/v2\/media\/25491"}],"wp:attachment":[{"href":"https:\/\/conexioneschile.cl\/index.php\/wp-json\/wp\/v2\/media?parent=25492"}],"wp:term":[{"taxonomy":"product_brand","embeddable":true,"href":"https:\/\/conexioneschile.cl\/index.php\/wp-json\/wp\/v2\/product_brand?post=25492"},{"taxonomy":"product_cat","embeddable":true,"href":"https:\/\/conexioneschile.cl\/index.php\/wp-json\/wp\/v2\/product_cat?post=25492"},{"taxonomy":"product_tag","embeddable":true,"href":"https:\/\/conexioneschile.cl\/index.php\/wp-json\/wp\/v2\/product_tag?post=25492"}],"curies":[{"name":"wp","href":"https:\/\/api.w.org\/{rel}","templated":true}]}}