{"id":25494,"date":"2025-08-30T16:38:43","date_gmt":"2025-08-30T19:38:43","guid":{"rendered":"https:\/\/conexioneschile.cl\/index.php\/product\/base-dect-sistema-multicelda-w80b-2\/"},"modified":"2025-08-30T16:45:19","modified_gmt":"2025-08-30T19:45:19","slug":"base-dect-sistema-multicelda-w80b-2","status":"publish","type":"product","link":"https:\/\/conexioneschile.cl\/index.php\/product\/base-dect-sistema-multicelda-w80b-2\/","title":{"rendered":"Base DECT Sistema Multicelda W80B"},"content":{"rendered":"<p>El sistema de m\u00faltiples celdas IP DECT W80 de Yealink, que consta de dos elementos: una estaci\u00f3n base W80B y un administrador DECT W80DM, est\u00e1 dise\u00f1ado para proporcionar a las organizaciones que requieren cobertura inal\u00e1mbrica la m\u00e1xima facilidad de implementaci\u00f3n. Este sistema DECT de m\u00faltiples celdas pretende crear una soluci\u00f3n extremadamente escalable y confiable para organizaciones de cualquier tama\u00f1o y forma. El sistema admite hasta 100 tel\u00e9fonos y 100 llamadas simult\u00e1neas, lo que no solo garantiza una llamada en cada tel\u00e9fono, sino que tambi\u00e9n le permite deshacerse de la cobertura inal\u00e1mbrica limitada de una sola estaci\u00f3n base. Mientras tanto, el sistema puede funcionar con Yealink W53H, W56H, CP930W y DD Phone con roaming y traspaso de llamadas sin problemas, lo que hace posible la comunicaci\u00f3n m\u00f3vil libre en y entre cada zona. Tanto W80B como W80DM se unen al dise\u00f1o moderno y compacto con calidad de voz Yealink HD, que est\u00e1 envuelto con la tecnolog\u00eda full-duplex y Opus, que libera sus o\u00eddos y le brinda una experiencia de audio elaborada.<\/p>\n","protected":false},"excerpt":{"rendered":"<p>El sistema de m\u00faltiples celdas IP DECT W80 de Yealink, que consta de dos elementos: una estaci\u00f3n base W80B y un administrador DECT W80DM, est\u00e1 dise\u00f1ado para proporcionar a las&#8230;<\/p>\n","protected":false},"featured_media":25493,"comment_status":"open","ping_status":"closed","template":"","meta":[],"product_brand":[163],"product_cat":[266],"product_tag":[],"class_list":{"0":"post-25494","1":"product","2":"type-product","3":"status-publish","4":"has-post-thumbnail","6":"product_brand-yealink","7":"product_cat-telefonia","9":"first","10":"instock","11":"taxable","12":"shipping-taxable","13":"purchasable","14":"product-type-simple"},"yoast_head":"<!-- This site is optimized with the Yoast SEO plugin v26.6 - https:\/\/yoast.com\/wordpress\/plugins\/seo\/ -->\n<title>Base DECT Sistema Multicelda W80B - Conexiones Chile<\/title>\n<meta name=\"robots\" content=\"index, follow, max-snippet:-1, max-image-preview:large, max-video-preview:-1\" \/>\n<link rel=\"canonical\" href=\"https:\/\/conexioneschile.cl\/index.php\/product\/base-dect-sistema-multicelda-w80b-2\/\" \/>\n<meta property=\"og:locale\" content=\"es_ES\" \/>\n<meta property=\"og:type\" content=\"article\" \/>\n<meta property=\"og:title\" content=\"Base DECT Sistema Multicelda W80B - Conexiones Chile\" \/>\n<meta property=\"og:description\" content=\"El sistema de m\u00faltiples celdas IP DECT W80 de Yealink, que consta de dos elementos: una estaci\u00f3n base W80B y un administrador DECT W80DM, est\u00e1 dise\u00f1ado para proporcionar a las...\" \/>\n<meta property=\"og:url\" content=\"https:\/\/conexioneschile.cl\/index.php\/product\/base-dect-sistema-multicelda-w80b-2\/\" \/>\n<meta property=\"og:site_name\" content=\"Conexiones Chile\" \/>\n<meta property=\"article:modified_time\" content=\"2025-08-30T19:45:19+00:00\" \/>\n<meta property=\"og:image\" content=\"https:\/\/conexioneschile.cl\/wp-content\/uploads\/2025\/08\/W80DM-01.webp\" \/>\n\t<meta property=\"og:image:width\" content=\"600\" \/>\n\t<meta property=\"og:image:height\" content=\"600\" \/>\n\t<meta property=\"og:image:type\" content=\"image\/webp\" \/>\n<meta name=\"twitter:card\" content=\"summary_large_image\" \/>\n<meta name=\"twitter:label1\" content=\"Tiempo de lectura\" \/>\n\t<meta name=\"twitter:data1\" content=\"1 minuto\" \/>\n<script type=\"application\/ld+json\" class=\"yoast-schema-graph\">{\"@context\":\"https:\/\/schema.org\",\"@graph\":[{\"@type\":\"WebPage\",\"@id\":\"https:\/\/conexioneschile.cl\/index.php\/product\/base-dect-sistema-multicelda-w80b-2\/\",\"url\":\"https:\/\/conexioneschile.cl\/index.php\/product\/base-dect-sistema-multicelda-w80b-2\/\",\"name\":\"Base DECT Sistema Multicelda W80B - Conexiones Chile\",\"isPartOf\":{\"@id\":\"https:\/\/conexioneschile.cl\/#website\"},\"primaryImageOfPage\":{\"@id\":\"https:\/\/conexioneschile.cl\/index.php\/product\/base-dect-sistema-multicelda-w80b-2\/#primaryimage\"},\"image\":{\"@id\":\"https:\/\/conexioneschile.cl\/index.php\/product\/base-dect-sistema-multicelda-w80b-2\/#primaryimage\"},\"thumbnailUrl\":\"https:\/\/conexioneschile.cl\/wp-content\/uploads\/2025\/08\/W80DM-01.webp\",\"datePublished\":\"2025-08-30T19:38:43+00:00\",\"dateModified\":\"2025-08-30T19:45:19+00:00\",\"breadcrumb\":{\"@id\":\"https:\/\/conexioneschile.cl\/index.php\/product\/base-dect-sistema-multicelda-w80b-2\/#breadcrumb\"},\"inLanguage\":\"es\",\"potentialAction\":[{\"@type\":\"ReadAction\",\"target\":[\"https:\/\/conexioneschile.cl\/index.php\/product\/base-dect-sistema-multicelda-w80b-2\/\"]}]},{\"@type\":\"ImageObject\",\"inLanguage\":\"es\",\"@id\":\"https:\/\/conexioneschile.cl\/index.php\/product\/base-dect-sistema-multicelda-w80b-2\/#primaryimage\",\"url\":\"https:\/\/conexioneschile.cl\/wp-content\/uploads\/2025\/08\/W80DM-01.webp\",\"contentUrl\":\"https:\/\/conexioneschile.cl\/wp-content\/uploads\/2025\/08\/W80DM-01.webp\",\"width\":600,\"height\":600},{\"@type\":\"BreadcrumbList\",\"@id\":\"https:\/\/conexioneschile.cl\/index.php\/product\/base-dect-sistema-multicelda-w80b-2\/#breadcrumb\",\"itemListElement\":[{\"@type\":\"ListItem\",\"position\":1,\"name\":\"Portada\",\"item\":\"https:\/\/conexioneschile.cl\/\"},{\"@type\":\"ListItem\",\"position\":2,\"name\":\"Shop\",\"item\":\"https:\/\/conexioneschile.cl\/index.php\/shop\/\"},{\"@type\":\"ListItem\",\"position\":3,\"name\":\"Base DECT Sistema Multicelda W80B\"}]},{\"@type\":\"WebSite\",\"@id\":\"https:\/\/conexioneschile.cl\/#website\",\"url\":\"https:\/\/conexioneschile.cl\/\",\"name\":\"Conexiones Chile\",\"description\":\"\",\"publisher\":{\"@id\":\"https:\/\/conexioneschile.cl\/#organization\"},\"potentialAction\":[{\"@type\":\"SearchAction\",\"target\":{\"@type\":\"EntryPoint\",\"urlTemplate\":\"https:\/\/conexioneschile.cl\/?s={search_term_string}\"},\"query-input\":{\"@type\":\"PropertyValueSpecification\",\"valueRequired\":true,\"valueName\":\"search_term_string\"}}],\"inLanguage\":\"es\"},{\"@type\":\"Organization\",\"@id\":\"https:\/\/conexioneschile.cl\/#organization\",\"name\":\"Conexiones Chile\",\"url\":\"https:\/\/conexioneschile.cl\/\",\"logo\":{\"@type\":\"ImageObject\",\"inLanguage\":\"es\",\"@id\":\"https:\/\/conexioneschile.cl\/#\/schema\/logo\/image\/\",\"url\":\"https:\/\/conexioneschile.cl\/wp-content\/uploads\/2025\/09\/cropped-logo-coneexiones.png\",\"contentUrl\":\"https:\/\/conexioneschile.cl\/wp-content\/uploads\/2025\/09\/cropped-logo-coneexiones.png\",\"width\":412,\"height\":209,\"caption\":\"Conexiones Chile\"},\"image\":{\"@id\":\"https:\/\/conexioneschile.cl\/#\/schema\/logo\/image\/\"}}]}<\/script>\n<!-- \/ Yoast SEO plugin. -->","yoast_head_json":{"title":"Base DECT Sistema Multicelda W80B - Conexiones Chile","robots":{"index":"index","follow":"follow","max-snippet":"max-snippet:-1","max-image-preview":"max-image-preview:large","max-video-preview":"max-video-preview:-1"},"canonical":"https:\/\/conexioneschile.cl\/index.php\/product\/base-dect-sistema-multicelda-w80b-2\/","og_locale":"es_ES","og_type":"article","og_title":"Base DECT Sistema Multicelda W80B - Conexiones Chile","og_description":"El sistema de m\u00faltiples celdas IP DECT W80 de Yealink, que consta de dos elementos: una estaci\u00f3n base W80B y un administrador DECT W80DM, est\u00e1 dise\u00f1ado para proporcionar a las...","og_url":"https:\/\/conexioneschile.cl\/index.php\/product\/base-dect-sistema-multicelda-w80b-2\/","og_site_name":"Conexiones Chile","article_modified_time":"2025-08-30T19:45:19+00:00","og_image":[{"width":600,"height":600,"url":"https:\/\/conexioneschile.cl\/wp-content\/uploads\/2025\/08\/W80DM-01.webp","type":"image\/webp"}],"twitter_card":"summary_large_image","twitter_misc":{"Tiempo de lectura":"1 minuto"},"schema":{"@context":"https:\/\/schema.org","@graph":[{"@type":"WebPage","@id":"https:\/\/conexioneschile.cl\/index.php\/product\/base-dect-sistema-multicelda-w80b-2\/","url":"https:\/\/conexioneschile.cl\/index.php\/product\/base-dect-sistema-multicelda-w80b-2\/","name":"Base DECT Sistema Multicelda W80B - Conexiones Chile","isPartOf":{"@id":"https:\/\/conexioneschile.cl\/#website"},"primaryImageOfPage":{"@id":"https:\/\/conexioneschile.cl\/index.php\/product\/base-dect-sistema-multicelda-w80b-2\/#primaryimage"},"image":{"@id":"https:\/\/conexioneschile.cl\/index.php\/product\/base-dect-sistema-multicelda-w80b-2\/#primaryimage"},"thumbnailUrl":"https:\/\/conexioneschile.cl\/wp-content\/uploads\/2025\/08\/W80DM-01.webp","datePublished":"2025-08-30T19:38:43+00:00","dateModified":"2025-08-30T19:45:19+00:00","breadcrumb":{"@id":"https:\/\/conexioneschile.cl\/index.php\/product\/base-dect-sistema-multicelda-w80b-2\/#breadcrumb"},"inLanguage":"es","potentialAction":[{"@type":"ReadAction","target":["https:\/\/conexioneschile.cl\/index.php\/product\/base-dect-sistema-multicelda-w80b-2\/"]}]},{"@type":"ImageObject","inLanguage":"es","@id":"https:\/\/conexioneschile.cl\/index.php\/product\/base-dect-sistema-multicelda-w80b-2\/#primaryimage","url":"https:\/\/conexioneschile.cl\/wp-content\/uploads\/2025\/08\/W80DM-01.webp","contentUrl":"https:\/\/conexioneschile.cl\/wp-content\/uploads\/2025\/08\/W80DM-01.webp","width":600,"height":600},{"@type":"BreadcrumbList","@id":"https:\/\/conexioneschile.cl\/index.php\/product\/base-dect-sistema-multicelda-w80b-2\/#breadcrumb","itemListElement":[{"@type":"ListItem","position":1,"name":"Portada","item":"https:\/\/conexioneschile.cl\/"},{"@type":"ListItem","position":2,"name":"Shop","item":"https:\/\/conexioneschile.cl\/index.php\/shop\/"},{"@type":"ListItem","position":3,"name":"Base DECT Sistema Multicelda W80B"}]},{"@type":"WebSite","@id":"https:\/\/conexioneschile.cl\/#website","url":"https:\/\/conexioneschile.cl\/","name":"Conexiones Chile","description":"","publisher":{"@id":"https:\/\/conexioneschile.cl\/#organization"},"potentialAction":[{"@type":"SearchAction","target":{"@type":"EntryPoint","urlTemplate":"https:\/\/conexioneschile.cl\/?s={search_term_string}"},"query-input":{"@type":"PropertyValueSpecification","valueRequired":true,"valueName":"search_term_string"}}],"inLanguage":"es"},{"@type":"Organization","@id":"https:\/\/conexioneschile.cl\/#organization","name":"Conexiones Chile","url":"https:\/\/conexioneschile.cl\/","logo":{"@type":"ImageObject","inLanguage":"es","@id":"https:\/\/conexioneschile.cl\/#\/schema\/logo\/image\/","url":"https:\/\/conexioneschile.cl\/wp-content\/uploads\/2025\/09\/cropped-logo-coneexiones.png","contentUrl":"https:\/\/conexioneschile.cl\/wp-content\/uploads\/2025\/09\/cropped-logo-coneexiones.png","width":412,"height":209,"caption":"Conexiones Chile"},"image":{"@id":"https:\/\/conexioneschile.cl\/#\/schema\/logo\/image\/"}}]}},"_links":{"self":[{"href":"https:\/\/conexioneschile.cl\/index.php\/wp-json\/wp\/v2\/product\/25494","targetHints":{"allow":["GET"]}}],"collection":[{"href":"https:\/\/conexioneschile.cl\/index.php\/wp-json\/wp\/v2\/product"}],"about":[{"href":"https:\/\/conexioneschile.cl\/index.php\/wp-json\/wp\/v2\/types\/product"}],"replies":[{"embeddable":true,"href":"https:\/\/conexioneschile.cl\/index.php\/wp-json\/wp\/v2\/comments?post=25494"}],"wp:featuredmedia":[{"embeddable":true,"href":"https:\/\/conexioneschile.cl\/index.php\/wp-json\/wp\/v2\/media\/25493"}],"wp:attachment":[{"href":"https:\/\/conexioneschile.cl\/index.php\/wp-json\/wp\/v2\/media?parent=25494"}],"wp:term":[{"taxonomy":"product_brand","embeddable":true,"href":"https:\/\/conexioneschile.cl\/index.php\/wp-json\/wp\/v2\/product_brand?post=25494"},{"taxonomy":"product_cat","embeddable":true,"href":"https:\/\/conexioneschile.cl\/index.php\/wp-json\/wp\/v2\/product_cat?post=25494"},{"taxonomy":"product_tag","embeddable":true,"href":"https:\/\/conexioneschile.cl\/index.php\/wp-json\/wp\/v2\/product_tag?post=25494"}],"curies":[{"name":"wp","href":"https:\/\/api.w.org\/{rel}","templated":true}]}}