{"id":25506,"date":"2025-08-30T16:38:51","date_gmt":"2025-08-30T19:38:51","guid":{"rendered":"https:\/\/conexioneschile.cl\/index.php\/product\/cintillo-uc-auriculares-inalambricos-dect-wh63\/"},"modified":"2025-08-30T16:45:20","modified_gmt":"2025-08-30T19:45:20","slug":"cintillo-uc-auriculares-inalambricos-dect-wh63","status":"publish","type":"product","link":"https:\/\/conexioneschile.cl\/index.php\/product\/cintillo-uc-auriculares-inalambricos-dect-wh63\/","title":{"rendered":"Cintillo UC Auriculares Inal\u00e1mbricos DECT WH63"},"content":{"rendered":"<p>l Yealink WH63 es el auricular ideal para quienes necesitan un dispositivo c\u00f3modo, vers\u00e1til y eficiente. Con un dise\u00f1o ligero de tan solo 19 gramos y 4 estilos de uso, estos auriculares inal\u00e1mbricos DECT ofrecen comodidad durante todo el d\u00eda, permitiendo trabajar sin interrupciones. Su innovadora tecnolog\u00eda Acoustic Shield, con dos micr\u00f3fonos integrados, elimina el ruido de fondo para proporcionar una experiencia de audio HD en cada llamada, haciendo de las videoconferencias y llamadas una experiencia m\u00e1s productiva y clara. Adem\u00e1s, su compatibilidad nativa con tel\u00e9fonos IP Yealink y otras plataformas UC permite conexiones fluidas y sin complicaciones.<\/p>\n<p>Adem\u00e1s de ser convertibles y f\u00e1ciles de usar, los Yealink WH63 permiten la conexi\u00f3n simult\u00e1nea de dos dispositivos, ideal para profesionales que usan PC y tel\u00e9fonos de escritorio. Tambi\u00e9n ofrece una luz de ocupado opcional, ayudando a reducir distracciones y garantizar un ambiente de trabajo eficiente. Su alcance inal\u00e1mbrico de hasta 120 metros y sus 8 horas de autonom\u00eda en conversaci\u00f3n lo hacen perfecto para largas jornadas laborales. Con Yealink USB Connect, el WH63 se convierte en un dispositivo de gesti\u00f3n integrado, haciendo que su configuraci\u00f3n y uso diario sean r\u00e1pidos y eficaces.<\/p>\n","protected":false},"excerpt":{"rendered":"<p>l Yealink WH63 es el auricular ideal para quienes necesitan un dispositivo c\u00f3modo, vers\u00e1til y eficiente. Con un dise\u00f1o ligero de tan solo 19 gramos y 4 estilos de uso,&#8230;<\/p>\n","protected":false},"featured_media":25505,"comment_status":"open","ping_status":"closed","template":"","meta":[],"product_brand":[163],"product_cat":[268],"product_tag":[],"class_list":{"0":"post-25506","1":"product","2":"type-product","3":"status-publish","4":"has-post-thumbnail","6":"product_brand-yealink","7":"product_cat-accesorios-telefonia","9":"first","10":"instock","11":"taxable","12":"shipping-taxable","13":"purchasable","14":"product-type-simple"},"yoast_head":"<!-- This site is optimized with the Yoast SEO plugin v26.6 - https:\/\/yoast.com\/wordpress\/plugins\/seo\/ -->\n<title>Cintillo UC Auriculares Inal\u00e1mbricos DECT WH63 - Conexiones Chile<\/title>\n<meta name=\"robots\" content=\"index, follow, max-snippet:-1, max-image-preview:large, max-video-preview:-1\" \/>\n<link rel=\"canonical\" href=\"https:\/\/conexioneschile.cl\/index.php\/product\/cintillo-uc-auriculares-inalambricos-dect-wh63\/\" \/>\n<meta property=\"og:locale\" content=\"es_ES\" \/>\n<meta property=\"og:type\" content=\"article\" \/>\n<meta property=\"og:title\" content=\"Cintillo UC Auriculares Inal\u00e1mbricos DECT WH63 - Conexiones Chile\" \/>\n<meta property=\"og:description\" content=\"l Yealink WH63 es el auricular ideal para quienes necesitan un dispositivo c\u00f3modo, vers\u00e1til y eficiente. Con un dise\u00f1o ligero de tan solo 19 gramos y 4 estilos de uso,...\" \/>\n<meta property=\"og:url\" content=\"https:\/\/conexioneschile.cl\/index.php\/product\/cintillo-uc-auriculares-inalambricos-dect-wh63\/\" \/>\n<meta property=\"og:site_name\" content=\"Conexiones Chile\" \/>\n<meta property=\"article:modified_time\" content=\"2025-08-30T19:45:20+00:00\" \/>\n<meta property=\"og:image\" content=\"https:\/\/conexioneschile.cl\/wp-content\/uploads\/2025\/08\/Yealink_WH63-1.webp\" \/>\n\t<meta property=\"og:image:width\" content=\"500\" \/>\n\t<meta property=\"og:image:height\" content=\"500\" \/>\n\t<meta property=\"og:image:type\" content=\"image\/webp\" \/>\n<meta name=\"twitter:card\" content=\"summary_large_image\" \/>\n<meta name=\"twitter:label1\" content=\"Tiempo de lectura\" \/>\n\t<meta name=\"twitter:data1\" content=\"1 minuto\" \/>\n<script type=\"application\/ld+json\" class=\"yoast-schema-graph\">{\"@context\":\"https:\/\/schema.org\",\"@graph\":[{\"@type\":\"WebPage\",\"@id\":\"https:\/\/conexioneschile.cl\/index.php\/product\/cintillo-uc-auriculares-inalambricos-dect-wh63\/\",\"url\":\"https:\/\/conexioneschile.cl\/index.php\/product\/cintillo-uc-auriculares-inalambricos-dect-wh63\/\",\"name\":\"Cintillo UC Auriculares Inal\u00e1mbricos DECT WH63 - Conexiones Chile\",\"isPartOf\":{\"@id\":\"https:\/\/conexioneschile.cl\/#website\"},\"primaryImageOfPage\":{\"@id\":\"https:\/\/conexioneschile.cl\/index.php\/product\/cintillo-uc-auriculares-inalambricos-dect-wh63\/#primaryimage\"},\"image\":{\"@id\":\"https:\/\/conexioneschile.cl\/index.php\/product\/cintillo-uc-auriculares-inalambricos-dect-wh63\/#primaryimage\"},\"thumbnailUrl\":\"https:\/\/conexioneschile.cl\/wp-content\/uploads\/2025\/08\/Yealink_WH63-1.webp\",\"datePublished\":\"2025-08-30T19:38:51+00:00\",\"dateModified\":\"2025-08-30T19:45:20+00:00\",\"breadcrumb\":{\"@id\":\"https:\/\/conexioneschile.cl\/index.php\/product\/cintillo-uc-auriculares-inalambricos-dect-wh63\/#breadcrumb\"},\"inLanguage\":\"es\",\"potentialAction\":[{\"@type\":\"ReadAction\",\"target\":[\"https:\/\/conexioneschile.cl\/index.php\/product\/cintillo-uc-auriculares-inalambricos-dect-wh63\/\"]}]},{\"@type\":\"ImageObject\",\"inLanguage\":\"es\",\"@id\":\"https:\/\/conexioneschile.cl\/index.php\/product\/cintillo-uc-auriculares-inalambricos-dect-wh63\/#primaryimage\",\"url\":\"https:\/\/conexioneschile.cl\/wp-content\/uploads\/2025\/08\/Yealink_WH63-1.webp\",\"contentUrl\":\"https:\/\/conexioneschile.cl\/wp-content\/uploads\/2025\/08\/Yealink_WH63-1.webp\",\"width\":500,\"height\":500},{\"@type\":\"BreadcrumbList\",\"@id\":\"https:\/\/conexioneschile.cl\/index.php\/product\/cintillo-uc-auriculares-inalambricos-dect-wh63\/#breadcrumb\",\"itemListElement\":[{\"@type\":\"ListItem\",\"position\":1,\"name\":\"Portada\",\"item\":\"https:\/\/conexioneschile.cl\/\"},{\"@type\":\"ListItem\",\"position\":2,\"name\":\"Shop\",\"item\":\"https:\/\/conexioneschile.cl\/index.php\/shop\/\"},{\"@type\":\"ListItem\",\"position\":3,\"name\":\"Cintillo UC Auriculares Inal\u00e1mbricos DECT WH63\"}]},{\"@type\":\"WebSite\",\"@id\":\"https:\/\/conexioneschile.cl\/#website\",\"url\":\"https:\/\/conexioneschile.cl\/\",\"name\":\"Conexiones Chile\",\"description\":\"\",\"publisher\":{\"@id\":\"https:\/\/conexioneschile.cl\/#organization\"},\"potentialAction\":[{\"@type\":\"SearchAction\",\"target\":{\"@type\":\"EntryPoint\",\"urlTemplate\":\"https:\/\/conexioneschile.cl\/?s={search_term_string}\"},\"query-input\":{\"@type\":\"PropertyValueSpecification\",\"valueRequired\":true,\"valueName\":\"search_term_string\"}}],\"inLanguage\":\"es\"},{\"@type\":\"Organization\",\"@id\":\"https:\/\/conexioneschile.cl\/#organization\",\"name\":\"Conexiones Chile\",\"url\":\"https:\/\/conexioneschile.cl\/\",\"logo\":{\"@type\":\"ImageObject\",\"inLanguage\":\"es\",\"@id\":\"https:\/\/conexioneschile.cl\/#\/schema\/logo\/image\/\",\"url\":\"https:\/\/conexioneschile.cl\/wp-content\/uploads\/2025\/09\/cropped-logo-coneexiones.png\",\"contentUrl\":\"https:\/\/conexioneschile.cl\/wp-content\/uploads\/2025\/09\/cropped-logo-coneexiones.png\",\"width\":412,\"height\":209,\"caption\":\"Conexiones Chile\"},\"image\":{\"@id\":\"https:\/\/conexioneschile.cl\/#\/schema\/logo\/image\/\"}}]}<\/script>\n<!-- \/ Yoast SEO plugin. -->","yoast_head_json":{"title":"Cintillo UC Auriculares Inal\u00e1mbricos DECT WH63 - Conexiones Chile","robots":{"index":"index","follow":"follow","max-snippet":"max-snippet:-1","max-image-preview":"max-image-preview:large","max-video-preview":"max-video-preview:-1"},"canonical":"https:\/\/conexioneschile.cl\/index.php\/product\/cintillo-uc-auriculares-inalambricos-dect-wh63\/","og_locale":"es_ES","og_type":"article","og_title":"Cintillo UC Auriculares Inal\u00e1mbricos DECT WH63 - Conexiones Chile","og_description":"l Yealink WH63 es el auricular ideal para quienes necesitan un dispositivo c\u00f3modo, vers\u00e1til y eficiente. Con un dise\u00f1o ligero de tan solo 19 gramos y 4 estilos de uso,...","og_url":"https:\/\/conexioneschile.cl\/index.php\/product\/cintillo-uc-auriculares-inalambricos-dect-wh63\/","og_site_name":"Conexiones Chile","article_modified_time":"2025-08-30T19:45:20+00:00","og_image":[{"width":500,"height":500,"url":"https:\/\/conexioneschile.cl\/wp-content\/uploads\/2025\/08\/Yealink_WH63-1.webp","type":"image\/webp"}],"twitter_card":"summary_large_image","twitter_misc":{"Tiempo de lectura":"1 minuto"},"schema":{"@context":"https:\/\/schema.org","@graph":[{"@type":"WebPage","@id":"https:\/\/conexioneschile.cl\/index.php\/product\/cintillo-uc-auriculares-inalambricos-dect-wh63\/","url":"https:\/\/conexioneschile.cl\/index.php\/product\/cintillo-uc-auriculares-inalambricos-dect-wh63\/","name":"Cintillo UC Auriculares Inal\u00e1mbricos DECT WH63 - Conexiones Chile","isPartOf":{"@id":"https:\/\/conexioneschile.cl\/#website"},"primaryImageOfPage":{"@id":"https:\/\/conexioneschile.cl\/index.php\/product\/cintillo-uc-auriculares-inalambricos-dect-wh63\/#primaryimage"},"image":{"@id":"https:\/\/conexioneschile.cl\/index.php\/product\/cintillo-uc-auriculares-inalambricos-dect-wh63\/#primaryimage"},"thumbnailUrl":"https:\/\/conexioneschile.cl\/wp-content\/uploads\/2025\/08\/Yealink_WH63-1.webp","datePublished":"2025-08-30T19:38:51+00:00","dateModified":"2025-08-30T19:45:20+00:00","breadcrumb":{"@id":"https:\/\/conexioneschile.cl\/index.php\/product\/cintillo-uc-auriculares-inalambricos-dect-wh63\/#breadcrumb"},"inLanguage":"es","potentialAction":[{"@type":"ReadAction","target":["https:\/\/conexioneschile.cl\/index.php\/product\/cintillo-uc-auriculares-inalambricos-dect-wh63\/"]}]},{"@type":"ImageObject","inLanguage":"es","@id":"https:\/\/conexioneschile.cl\/index.php\/product\/cintillo-uc-auriculares-inalambricos-dect-wh63\/#primaryimage","url":"https:\/\/conexioneschile.cl\/wp-content\/uploads\/2025\/08\/Yealink_WH63-1.webp","contentUrl":"https:\/\/conexioneschile.cl\/wp-content\/uploads\/2025\/08\/Yealink_WH63-1.webp","width":500,"height":500},{"@type":"BreadcrumbList","@id":"https:\/\/conexioneschile.cl\/index.php\/product\/cintillo-uc-auriculares-inalambricos-dect-wh63\/#breadcrumb","itemListElement":[{"@type":"ListItem","position":1,"name":"Portada","item":"https:\/\/conexioneschile.cl\/"},{"@type":"ListItem","position":2,"name":"Shop","item":"https:\/\/conexioneschile.cl\/index.php\/shop\/"},{"@type":"ListItem","position":3,"name":"Cintillo UC Auriculares Inal\u00e1mbricos DECT WH63"}]},{"@type":"WebSite","@id":"https:\/\/conexioneschile.cl\/#website","url":"https:\/\/conexioneschile.cl\/","name":"Conexiones Chile","description":"","publisher":{"@id":"https:\/\/conexioneschile.cl\/#organization"},"potentialAction":[{"@type":"SearchAction","target":{"@type":"EntryPoint","urlTemplate":"https:\/\/conexioneschile.cl\/?s={search_term_string}"},"query-input":{"@type":"PropertyValueSpecification","valueRequired":true,"valueName":"search_term_string"}}],"inLanguage":"es"},{"@type":"Organization","@id":"https:\/\/conexioneschile.cl\/#organization","name":"Conexiones Chile","url":"https:\/\/conexioneschile.cl\/","logo":{"@type":"ImageObject","inLanguage":"es","@id":"https:\/\/conexioneschile.cl\/#\/schema\/logo\/image\/","url":"https:\/\/conexioneschile.cl\/wp-content\/uploads\/2025\/09\/cropped-logo-coneexiones.png","contentUrl":"https:\/\/conexioneschile.cl\/wp-content\/uploads\/2025\/09\/cropped-logo-coneexiones.png","width":412,"height":209,"caption":"Conexiones Chile"},"image":{"@id":"https:\/\/conexioneschile.cl\/#\/schema\/logo\/image\/"}}]}},"_links":{"self":[{"href":"https:\/\/conexioneschile.cl\/index.php\/wp-json\/wp\/v2\/product\/25506","targetHints":{"allow":["GET"]}}],"collection":[{"href":"https:\/\/conexioneschile.cl\/index.php\/wp-json\/wp\/v2\/product"}],"about":[{"href":"https:\/\/conexioneschile.cl\/index.php\/wp-json\/wp\/v2\/types\/product"}],"replies":[{"embeddable":true,"href":"https:\/\/conexioneschile.cl\/index.php\/wp-json\/wp\/v2\/comments?post=25506"}],"wp:featuredmedia":[{"embeddable":true,"href":"https:\/\/conexioneschile.cl\/index.php\/wp-json\/wp\/v2\/media\/25505"}],"wp:attachment":[{"href":"https:\/\/conexioneschile.cl\/index.php\/wp-json\/wp\/v2\/media?parent=25506"}],"wp:term":[{"taxonomy":"product_brand","embeddable":true,"href":"https:\/\/conexioneschile.cl\/index.php\/wp-json\/wp\/v2\/product_brand?post=25506"},{"taxonomy":"product_cat","embeddable":true,"href":"https:\/\/conexioneschile.cl\/index.php\/wp-json\/wp\/v2\/product_cat?post=25506"},{"taxonomy":"product_tag","embeddable":true,"href":"https:\/\/conexioneschile.cl\/index.php\/wp-json\/wp\/v2\/product_tag?post=25506"}],"curies":[{"name":"wp","href":"https:\/\/api.w.org\/{rel}","templated":true}]}}