{"id":25511,"date":"2025-08-30T16:38:53","date_gmt":"2025-08-30T19:38:53","guid":{"rendered":"https:\/\/conexioneschile.cl\/index.php\/product\/yealink-cintillo-wh67-uc-auriculares-inalambricos-dect\/"},"modified":"2025-08-30T16:45:20","modified_gmt":"2025-08-30T19:45:20","slug":"yealink-cintillo-wh67-uc-auriculares-inalambricos-dect","status":"publish","type":"product","link":"https:\/\/conexioneschile.cl\/index.php\/product\/yealink-cintillo-wh67-uc-auriculares-inalambricos-dect\/","title":{"rendered":"Yealink Cintillo WH67 UC Auriculares Inal\u00e1mbricos DECT"},"content":{"rendered":"<p>El Yealink WH67 UC redefine la comunicaci\u00f3n en la oficina gracias a su dise\u00f1o convertible y su estaci\u00f3n de trabajo todo-en-uno. Este auricular inal\u00e1mbrico DECT ofrece la libertad de moverse mientras se mantiene enfocado en cada llamada con la tecnolog\u00eda Acoustic Shield, que bloquea el ruido de fondo para brindar una experiencia auditiva clara. La estaci\u00f3n de trabajo UC integrada facilita la gesti\u00f3n de dispositivos desde una pantalla t\u00e1ctil de 4 pulgadas, que tambi\u00e9n act\u00faa como un altavoz de audio d\u00faplex y una base de carga inal\u00e1mbrica para smartphones, permitiendo conectar m\u00faltiples dispositivos simult\u00e1neamente.<\/p>\n<p>Adem\u00e1s de ser compatible con Microsoft Teams, el WH67 ofrece un bot\u00f3n espec\u00edfico para iniciar Teams con un solo toque, ideal para entornos colaborativos de alta demanda. Su dise\u00f1o ajustable y ligero, con opciones de diferentes estilos de uso, garantiza comodidad durante toda la jornada laboral. Con un alcance de hasta 120 metros y 8 horas de duraci\u00f3n de bater\u00eda, estos auriculares cubren las necesidades de comunicaci\u00f3n diaria y permiten configuraciones de alta densidad en espacios abiertos, manteniendo a cada usuario conectado y productivo en todo momento.<\/p>\n","protected":false},"excerpt":{"rendered":"<p>El Yealink WH67 UC redefine la comunicaci\u00f3n en la oficina gracias a su dise\u00f1o convertible y su estaci\u00f3n de trabajo todo-en-uno. Este auricular inal\u00e1mbrico DECT ofrece la libertad de moverse&#8230;<\/p>\n","protected":false},"featured_media":25510,"comment_status":"open","ping_status":"closed","template":"","meta":[],"product_brand":[163],"product_cat":[266],"product_tag":[],"class_list":{"0":"post-25511","1":"product","2":"type-product","3":"status-publish","4":"has-post-thumbnail","6":"product_brand-yealink","7":"product_cat-telefonia","9":"first","10":"instock","11":"taxable","12":"shipping-taxable","13":"purchasable","14":"product-type-simple"},"yoast_head":"<!-- This site is optimized with the Yoast SEO plugin v26.6 - https:\/\/yoast.com\/wordpress\/plugins\/seo\/ -->\n<title>Yealink Cintillo WH67 UC Auriculares Inal\u00e1mbricos DECT - Conexiones Chile<\/title>\n<meta name=\"robots\" content=\"index, follow, max-snippet:-1, max-image-preview:large, max-video-preview:-1\" \/>\n<link rel=\"canonical\" href=\"https:\/\/conexioneschile.cl\/index.php\/product\/yealink-cintillo-wh67-uc-auriculares-inalambricos-dect\/\" \/>\n<meta property=\"og:locale\" content=\"es_ES\" \/>\n<meta property=\"og:type\" content=\"article\" \/>\n<meta property=\"og:title\" content=\"Yealink Cintillo WH67 UC Auriculares Inal\u00e1mbricos DECT - Conexiones Chile\" \/>\n<meta property=\"og:description\" content=\"El Yealink WH67 UC redefine la comunicaci\u00f3n en la oficina gracias a su dise\u00f1o convertible y su estaci\u00f3n de trabajo todo-en-uno. Este auricular inal\u00e1mbrico DECT ofrece la libertad de moverse...\" \/>\n<meta property=\"og:url\" content=\"https:\/\/conexioneschile.cl\/index.php\/product\/yealink-cintillo-wh67-uc-auriculares-inalambricos-dect\/\" \/>\n<meta property=\"og:site_name\" content=\"Conexiones Chile\" \/>\n<meta property=\"article:modified_time\" content=\"2025-08-30T19:45:20+00:00\" \/>\n<meta property=\"og:image\" content=\"https:\/\/conexioneschile.cl\/wp-content\/uploads\/2025\/08\/Yealink_WH67-2.webp\" \/>\n\t<meta property=\"og:image:width\" content=\"500\" \/>\n\t<meta property=\"og:image:height\" content=\"500\" \/>\n\t<meta property=\"og:image:type\" content=\"image\/webp\" \/>\n<meta name=\"twitter:card\" content=\"summary_large_image\" \/>\n<meta name=\"twitter:label1\" content=\"Tiempo de lectura\" \/>\n\t<meta name=\"twitter:data1\" content=\"1 minuto\" \/>\n<script type=\"application\/ld+json\" class=\"yoast-schema-graph\">{\"@context\":\"https:\/\/schema.org\",\"@graph\":[{\"@type\":\"WebPage\",\"@id\":\"https:\/\/conexioneschile.cl\/index.php\/product\/yealink-cintillo-wh67-uc-auriculares-inalambricos-dect\/\",\"url\":\"https:\/\/conexioneschile.cl\/index.php\/product\/yealink-cintillo-wh67-uc-auriculares-inalambricos-dect\/\",\"name\":\"Yealink Cintillo WH67 UC Auriculares Inal\u00e1mbricos DECT - Conexiones Chile\",\"isPartOf\":{\"@id\":\"https:\/\/conexioneschile.cl\/#website\"},\"primaryImageOfPage\":{\"@id\":\"https:\/\/conexioneschile.cl\/index.php\/product\/yealink-cintillo-wh67-uc-auriculares-inalambricos-dect\/#primaryimage\"},\"image\":{\"@id\":\"https:\/\/conexioneschile.cl\/index.php\/product\/yealink-cintillo-wh67-uc-auriculares-inalambricos-dect\/#primaryimage\"},\"thumbnailUrl\":\"https:\/\/conexioneschile.cl\/wp-content\/uploads\/2025\/08\/Yealink_WH67-2.webp\",\"datePublished\":\"2025-08-30T19:38:53+00:00\",\"dateModified\":\"2025-08-30T19:45:20+00:00\",\"breadcrumb\":{\"@id\":\"https:\/\/conexioneschile.cl\/index.php\/product\/yealink-cintillo-wh67-uc-auriculares-inalambricos-dect\/#breadcrumb\"},\"inLanguage\":\"es\",\"potentialAction\":[{\"@type\":\"ReadAction\",\"target\":[\"https:\/\/conexioneschile.cl\/index.php\/product\/yealink-cintillo-wh67-uc-auriculares-inalambricos-dect\/\"]}]},{\"@type\":\"ImageObject\",\"inLanguage\":\"es\",\"@id\":\"https:\/\/conexioneschile.cl\/index.php\/product\/yealink-cintillo-wh67-uc-auriculares-inalambricos-dect\/#primaryimage\",\"url\":\"https:\/\/conexioneschile.cl\/wp-content\/uploads\/2025\/08\/Yealink_WH67-2.webp\",\"contentUrl\":\"https:\/\/conexioneschile.cl\/wp-content\/uploads\/2025\/08\/Yealink_WH67-2.webp\",\"width\":500,\"height\":500},{\"@type\":\"BreadcrumbList\",\"@id\":\"https:\/\/conexioneschile.cl\/index.php\/product\/yealink-cintillo-wh67-uc-auriculares-inalambricos-dect\/#breadcrumb\",\"itemListElement\":[{\"@type\":\"ListItem\",\"position\":1,\"name\":\"Portada\",\"item\":\"https:\/\/conexioneschile.cl\/\"},{\"@type\":\"ListItem\",\"position\":2,\"name\":\"Shop\",\"item\":\"https:\/\/conexioneschile.cl\/index.php\/shop\/\"},{\"@type\":\"ListItem\",\"position\":3,\"name\":\"Yealink Cintillo WH67 UC Auriculares Inal\u00e1mbricos DECT\"}]},{\"@type\":\"WebSite\",\"@id\":\"https:\/\/conexioneschile.cl\/#website\",\"url\":\"https:\/\/conexioneschile.cl\/\",\"name\":\"Conexiones Chile\",\"description\":\"\",\"publisher\":{\"@id\":\"https:\/\/conexioneschile.cl\/#organization\"},\"potentialAction\":[{\"@type\":\"SearchAction\",\"target\":{\"@type\":\"EntryPoint\",\"urlTemplate\":\"https:\/\/conexioneschile.cl\/?s={search_term_string}\"},\"query-input\":{\"@type\":\"PropertyValueSpecification\",\"valueRequired\":true,\"valueName\":\"search_term_string\"}}],\"inLanguage\":\"es\"},{\"@type\":\"Organization\",\"@id\":\"https:\/\/conexioneschile.cl\/#organization\",\"name\":\"Conexiones Chile\",\"url\":\"https:\/\/conexioneschile.cl\/\",\"logo\":{\"@type\":\"ImageObject\",\"inLanguage\":\"es\",\"@id\":\"https:\/\/conexioneschile.cl\/#\/schema\/logo\/image\/\",\"url\":\"https:\/\/conexioneschile.cl\/wp-content\/uploads\/2025\/09\/cropped-logo-coneexiones.png\",\"contentUrl\":\"https:\/\/conexioneschile.cl\/wp-content\/uploads\/2025\/09\/cropped-logo-coneexiones.png\",\"width\":412,\"height\":209,\"caption\":\"Conexiones Chile\"},\"image\":{\"@id\":\"https:\/\/conexioneschile.cl\/#\/schema\/logo\/image\/\"}}]}<\/script>\n<!-- \/ Yoast SEO plugin. -->","yoast_head_json":{"title":"Yealink Cintillo WH67 UC Auriculares Inal\u00e1mbricos DECT - Conexiones Chile","robots":{"index":"index","follow":"follow","max-snippet":"max-snippet:-1","max-image-preview":"max-image-preview:large","max-video-preview":"max-video-preview:-1"},"canonical":"https:\/\/conexioneschile.cl\/index.php\/product\/yealink-cintillo-wh67-uc-auriculares-inalambricos-dect\/","og_locale":"es_ES","og_type":"article","og_title":"Yealink Cintillo WH67 UC Auriculares Inal\u00e1mbricos DECT - Conexiones Chile","og_description":"El Yealink WH67 UC redefine la comunicaci\u00f3n en la oficina gracias a su dise\u00f1o convertible y su estaci\u00f3n de trabajo todo-en-uno. Este auricular inal\u00e1mbrico DECT ofrece la libertad de moverse...","og_url":"https:\/\/conexioneschile.cl\/index.php\/product\/yealink-cintillo-wh67-uc-auriculares-inalambricos-dect\/","og_site_name":"Conexiones Chile","article_modified_time":"2025-08-30T19:45:20+00:00","og_image":[{"width":500,"height":500,"url":"https:\/\/conexioneschile.cl\/wp-content\/uploads\/2025\/08\/Yealink_WH67-2.webp","type":"image\/webp"}],"twitter_card":"summary_large_image","twitter_misc":{"Tiempo de lectura":"1 minuto"},"schema":{"@context":"https:\/\/schema.org","@graph":[{"@type":"WebPage","@id":"https:\/\/conexioneschile.cl\/index.php\/product\/yealink-cintillo-wh67-uc-auriculares-inalambricos-dect\/","url":"https:\/\/conexioneschile.cl\/index.php\/product\/yealink-cintillo-wh67-uc-auriculares-inalambricos-dect\/","name":"Yealink Cintillo WH67 UC Auriculares Inal\u00e1mbricos DECT - Conexiones Chile","isPartOf":{"@id":"https:\/\/conexioneschile.cl\/#website"},"primaryImageOfPage":{"@id":"https:\/\/conexioneschile.cl\/index.php\/product\/yealink-cintillo-wh67-uc-auriculares-inalambricos-dect\/#primaryimage"},"image":{"@id":"https:\/\/conexioneschile.cl\/index.php\/product\/yealink-cintillo-wh67-uc-auriculares-inalambricos-dect\/#primaryimage"},"thumbnailUrl":"https:\/\/conexioneschile.cl\/wp-content\/uploads\/2025\/08\/Yealink_WH67-2.webp","datePublished":"2025-08-30T19:38:53+00:00","dateModified":"2025-08-30T19:45:20+00:00","breadcrumb":{"@id":"https:\/\/conexioneschile.cl\/index.php\/product\/yealink-cintillo-wh67-uc-auriculares-inalambricos-dect\/#breadcrumb"},"inLanguage":"es","potentialAction":[{"@type":"ReadAction","target":["https:\/\/conexioneschile.cl\/index.php\/product\/yealink-cintillo-wh67-uc-auriculares-inalambricos-dect\/"]}]},{"@type":"ImageObject","inLanguage":"es","@id":"https:\/\/conexioneschile.cl\/index.php\/product\/yealink-cintillo-wh67-uc-auriculares-inalambricos-dect\/#primaryimage","url":"https:\/\/conexioneschile.cl\/wp-content\/uploads\/2025\/08\/Yealink_WH67-2.webp","contentUrl":"https:\/\/conexioneschile.cl\/wp-content\/uploads\/2025\/08\/Yealink_WH67-2.webp","width":500,"height":500},{"@type":"BreadcrumbList","@id":"https:\/\/conexioneschile.cl\/index.php\/product\/yealink-cintillo-wh67-uc-auriculares-inalambricos-dect\/#breadcrumb","itemListElement":[{"@type":"ListItem","position":1,"name":"Portada","item":"https:\/\/conexioneschile.cl\/"},{"@type":"ListItem","position":2,"name":"Shop","item":"https:\/\/conexioneschile.cl\/index.php\/shop\/"},{"@type":"ListItem","position":3,"name":"Yealink Cintillo WH67 UC Auriculares Inal\u00e1mbricos DECT"}]},{"@type":"WebSite","@id":"https:\/\/conexioneschile.cl\/#website","url":"https:\/\/conexioneschile.cl\/","name":"Conexiones Chile","description":"","publisher":{"@id":"https:\/\/conexioneschile.cl\/#organization"},"potentialAction":[{"@type":"SearchAction","target":{"@type":"EntryPoint","urlTemplate":"https:\/\/conexioneschile.cl\/?s={search_term_string}"},"query-input":{"@type":"PropertyValueSpecification","valueRequired":true,"valueName":"search_term_string"}}],"inLanguage":"es"},{"@type":"Organization","@id":"https:\/\/conexioneschile.cl\/#organization","name":"Conexiones Chile","url":"https:\/\/conexioneschile.cl\/","logo":{"@type":"ImageObject","inLanguage":"es","@id":"https:\/\/conexioneschile.cl\/#\/schema\/logo\/image\/","url":"https:\/\/conexioneschile.cl\/wp-content\/uploads\/2025\/09\/cropped-logo-coneexiones.png","contentUrl":"https:\/\/conexioneschile.cl\/wp-content\/uploads\/2025\/09\/cropped-logo-coneexiones.png","width":412,"height":209,"caption":"Conexiones Chile"},"image":{"@id":"https:\/\/conexioneschile.cl\/#\/schema\/logo\/image\/"}}]}},"_links":{"self":[{"href":"https:\/\/conexioneschile.cl\/index.php\/wp-json\/wp\/v2\/product\/25511","targetHints":{"allow":["GET"]}}],"collection":[{"href":"https:\/\/conexioneschile.cl\/index.php\/wp-json\/wp\/v2\/product"}],"about":[{"href":"https:\/\/conexioneschile.cl\/index.php\/wp-json\/wp\/v2\/types\/product"}],"replies":[{"embeddable":true,"href":"https:\/\/conexioneschile.cl\/index.php\/wp-json\/wp\/v2\/comments?post=25511"}],"wp:featuredmedia":[{"embeddable":true,"href":"https:\/\/conexioneschile.cl\/index.php\/wp-json\/wp\/v2\/media\/25510"}],"wp:attachment":[{"href":"https:\/\/conexioneschile.cl\/index.php\/wp-json\/wp\/v2\/media?parent=25511"}],"wp:term":[{"taxonomy":"product_brand","embeddable":true,"href":"https:\/\/conexioneschile.cl\/index.php\/wp-json\/wp\/v2\/product_brand?post=25511"},{"taxonomy":"product_cat","embeddable":true,"href":"https:\/\/conexioneschile.cl\/index.php\/wp-json\/wp\/v2\/product_cat?post=25511"},{"taxonomy":"product_tag","embeddable":true,"href":"https:\/\/conexioneschile.cl\/index.php\/wp-json\/wp\/v2\/product_tag?post=25511"}],"curies":[{"name":"wp","href":"https:\/\/api.w.org\/{rel}","templated":true}]}}