{"id":25524,"date":"2025-08-30T16:39:14","date_gmt":"2025-08-30T19:39:14","guid":{"rendered":"https:\/\/conexioneschile.cl\/index.php\/product\/sistema-de-video-conferencia-zvc400\/"},"modified":"2025-08-30T16:45:24","modified_gmt":"2025-08-30T19:45:24","slug":"sistema-de-video-conferencia-zvc400","status":"publish","type":"product","link":"https:\/\/conexioneschile.cl\/index.php\/product\/sistema-de-video-conferencia-zvc400\/","title":{"rendered":"Sistema de video conferencia ZVC400"},"content":{"rendered":"<p>El sistema Yealink ZVC400 Zoom Rooms es una soluci\u00f3n de video dise\u00f1ada para reuniones Zoom inmersivas (inteligentes) en peque\u00f1as Sala de Reuniones. ZVC400 incluye todo lo que necesita para reunirse, conectarse y colaborar con usuarios internos y externos. Junto con 8 matrices de micr\u00f3fonos MEMS y un campo de visi\u00f3n de 133 \u00b0, sus tecnolog\u00edas de inteligencia artificial, que incluyen detecci\u00f3n de rostros, localizaci\u00f3n de sonido y seguimiento de altavoces, etc., brindan a los usuarios una experiencia de llamada de alta calidad.<br \/>\nEn modo full-duplex. Solo incluye un MCore de alto rendimiento, un panel t\u00e1ctil MTouch II y una barra de video USB UVC40, ZVC400 es la opci\u00f3n \u00f3ptima para salas de reuniones peque\u00f1as con f\u00e1cil implementaci\u00f3n.<\/p>\n","protected":false},"excerpt":{"rendered":"<p>El sistema Yealink ZVC400 Zoom Rooms es una soluci\u00f3n de video dise\u00f1ada para reuniones Zoom inmersivas (inteligentes) en peque\u00f1as Sala de Reuniones. ZVC400 incluye todo lo que necesita para reunirse,&#8230;<\/p>\n","protected":false},"featured_media":24571,"comment_status":"open","ping_status":"closed","template":"","meta":[],"product_brand":[163],"product_cat":[280],"product_tag":[],"class_list":{"0":"post-25524","1":"product","2":"type-product","3":"status-publish","4":"has-post-thumbnail","6":"product_brand-yealink","7":"product_cat-pantallas-interactivas-accesorios","9":"first","10":"instock","11":"taxable","12":"shipping-taxable","13":"purchasable","14":"product-type-simple"},"yoast_head":"<!-- This site is optimized with the Yoast SEO plugin v26.6 - https:\/\/yoast.com\/wordpress\/plugins\/seo\/ -->\n<title>Sistema de video conferencia ZVC400 - Conexiones Chile<\/title>\n<meta name=\"robots\" content=\"index, follow, max-snippet:-1, max-image-preview:large, max-video-preview:-1\" \/>\n<link rel=\"canonical\" href=\"https:\/\/conexioneschile.cl\/index.php\/product\/sistema-de-video-conferencia-zvc400\/\" \/>\n<meta property=\"og:locale\" content=\"es_ES\" \/>\n<meta property=\"og:type\" content=\"article\" \/>\n<meta property=\"og:title\" content=\"Sistema de video conferencia ZVC400 - Conexiones Chile\" \/>\n<meta property=\"og:description\" content=\"El sistema Yealink ZVC400 Zoom Rooms es una soluci\u00f3n de video dise\u00f1ada para reuniones Zoom inmersivas (inteligentes) en peque\u00f1as Sala de Reuniones. ZVC400 incluye todo lo que necesita para reunirse,...\" \/>\n<meta property=\"og:url\" content=\"https:\/\/conexioneschile.cl\/index.php\/product\/sistema-de-video-conferencia-zvc400\/\" \/>\n<meta property=\"og:site_name\" content=\"Conexiones Chile\" \/>\n<meta property=\"article:modified_time\" content=\"2025-08-30T19:45:24+00:00\" \/>\n<meta property=\"og:image\" content=\"https:\/\/conexioneschile.cl\/wp-content\/uploads\/2025\/08\/Yealink_ZVC400-1.webp\" \/>\n\t<meta property=\"og:image:width\" content=\"500\" \/>\n\t<meta property=\"og:image:height\" content=\"500\" \/>\n\t<meta property=\"og:image:type\" content=\"image\/webp\" \/>\n<meta name=\"twitter:card\" content=\"summary_large_image\" \/>\n<meta name=\"twitter:label1\" content=\"Tiempo de lectura\" \/>\n\t<meta name=\"twitter:data1\" content=\"1 minuto\" \/>\n<script type=\"application\/ld+json\" class=\"yoast-schema-graph\">{\"@context\":\"https:\/\/schema.org\",\"@graph\":[{\"@type\":\"WebPage\",\"@id\":\"https:\/\/conexioneschile.cl\/index.php\/product\/sistema-de-video-conferencia-zvc400\/\",\"url\":\"https:\/\/conexioneschile.cl\/index.php\/product\/sistema-de-video-conferencia-zvc400\/\",\"name\":\"Sistema de video conferencia ZVC400 - Conexiones Chile\",\"isPartOf\":{\"@id\":\"https:\/\/conexioneschile.cl\/#website\"},\"primaryImageOfPage\":{\"@id\":\"https:\/\/conexioneschile.cl\/index.php\/product\/sistema-de-video-conferencia-zvc400\/#primaryimage\"},\"image\":{\"@id\":\"https:\/\/conexioneschile.cl\/index.php\/product\/sistema-de-video-conferencia-zvc400\/#primaryimage\"},\"thumbnailUrl\":\"https:\/\/conexioneschile.cl\/wp-content\/uploads\/2025\/08\/Yealink_ZVC400-1.webp\",\"datePublished\":\"2025-08-30T19:39:14+00:00\",\"dateModified\":\"2025-08-30T19:45:24+00:00\",\"breadcrumb\":{\"@id\":\"https:\/\/conexioneschile.cl\/index.php\/product\/sistema-de-video-conferencia-zvc400\/#breadcrumb\"},\"inLanguage\":\"es\",\"potentialAction\":[{\"@type\":\"ReadAction\",\"target\":[\"https:\/\/conexioneschile.cl\/index.php\/product\/sistema-de-video-conferencia-zvc400\/\"]}]},{\"@type\":\"ImageObject\",\"inLanguage\":\"es\",\"@id\":\"https:\/\/conexioneschile.cl\/index.php\/product\/sistema-de-video-conferencia-zvc400\/#primaryimage\",\"url\":\"https:\/\/conexioneschile.cl\/wp-content\/uploads\/2025\/08\/Yealink_ZVC400-1.webp\",\"contentUrl\":\"https:\/\/conexioneschile.cl\/wp-content\/uploads\/2025\/08\/Yealink_ZVC400-1.webp\",\"width\":500,\"height\":500},{\"@type\":\"BreadcrumbList\",\"@id\":\"https:\/\/conexioneschile.cl\/index.php\/product\/sistema-de-video-conferencia-zvc400\/#breadcrumb\",\"itemListElement\":[{\"@type\":\"ListItem\",\"position\":1,\"name\":\"Portada\",\"item\":\"https:\/\/conexioneschile.cl\/\"},{\"@type\":\"ListItem\",\"position\":2,\"name\":\"Shop\",\"item\":\"https:\/\/conexioneschile.cl\/index.php\/shop\/\"},{\"@type\":\"ListItem\",\"position\":3,\"name\":\"Sistema de video conferencia ZVC400\"}]},{\"@type\":\"WebSite\",\"@id\":\"https:\/\/conexioneschile.cl\/#website\",\"url\":\"https:\/\/conexioneschile.cl\/\",\"name\":\"Conexiones Chile\",\"description\":\"\",\"publisher\":{\"@id\":\"https:\/\/conexioneschile.cl\/#organization\"},\"potentialAction\":[{\"@type\":\"SearchAction\",\"target\":{\"@type\":\"EntryPoint\",\"urlTemplate\":\"https:\/\/conexioneschile.cl\/?s={search_term_string}\"},\"query-input\":{\"@type\":\"PropertyValueSpecification\",\"valueRequired\":true,\"valueName\":\"search_term_string\"}}],\"inLanguage\":\"es\"},{\"@type\":\"Organization\",\"@id\":\"https:\/\/conexioneschile.cl\/#organization\",\"name\":\"Conexiones Chile\",\"url\":\"https:\/\/conexioneschile.cl\/\",\"logo\":{\"@type\":\"ImageObject\",\"inLanguage\":\"es\",\"@id\":\"https:\/\/conexioneschile.cl\/#\/schema\/logo\/image\/\",\"url\":\"https:\/\/conexioneschile.cl\/wp-content\/uploads\/2025\/09\/cropped-logo-coneexiones.png\",\"contentUrl\":\"https:\/\/conexioneschile.cl\/wp-content\/uploads\/2025\/09\/cropped-logo-coneexiones.png\",\"width\":412,\"height\":209,\"caption\":\"Conexiones Chile\"},\"image\":{\"@id\":\"https:\/\/conexioneschile.cl\/#\/schema\/logo\/image\/\"}}]}<\/script>\n<!-- \/ Yoast SEO plugin. -->","yoast_head_json":{"title":"Sistema de video conferencia ZVC400 - Conexiones Chile","robots":{"index":"index","follow":"follow","max-snippet":"max-snippet:-1","max-image-preview":"max-image-preview:large","max-video-preview":"max-video-preview:-1"},"canonical":"https:\/\/conexioneschile.cl\/index.php\/product\/sistema-de-video-conferencia-zvc400\/","og_locale":"es_ES","og_type":"article","og_title":"Sistema de video conferencia ZVC400 - Conexiones Chile","og_description":"El sistema Yealink ZVC400 Zoom Rooms es una soluci\u00f3n de video dise\u00f1ada para reuniones Zoom inmersivas (inteligentes) en peque\u00f1as Sala de Reuniones. ZVC400 incluye todo lo que necesita para reunirse,...","og_url":"https:\/\/conexioneschile.cl\/index.php\/product\/sistema-de-video-conferencia-zvc400\/","og_site_name":"Conexiones Chile","article_modified_time":"2025-08-30T19:45:24+00:00","og_image":[{"width":500,"height":500,"url":"https:\/\/conexioneschile.cl\/wp-content\/uploads\/2025\/08\/Yealink_ZVC400-1.webp","type":"image\/webp"}],"twitter_card":"summary_large_image","twitter_misc":{"Tiempo de lectura":"1 minuto"},"schema":{"@context":"https:\/\/schema.org","@graph":[{"@type":"WebPage","@id":"https:\/\/conexioneschile.cl\/index.php\/product\/sistema-de-video-conferencia-zvc400\/","url":"https:\/\/conexioneschile.cl\/index.php\/product\/sistema-de-video-conferencia-zvc400\/","name":"Sistema de video conferencia ZVC400 - Conexiones Chile","isPartOf":{"@id":"https:\/\/conexioneschile.cl\/#website"},"primaryImageOfPage":{"@id":"https:\/\/conexioneschile.cl\/index.php\/product\/sistema-de-video-conferencia-zvc400\/#primaryimage"},"image":{"@id":"https:\/\/conexioneschile.cl\/index.php\/product\/sistema-de-video-conferencia-zvc400\/#primaryimage"},"thumbnailUrl":"https:\/\/conexioneschile.cl\/wp-content\/uploads\/2025\/08\/Yealink_ZVC400-1.webp","datePublished":"2025-08-30T19:39:14+00:00","dateModified":"2025-08-30T19:45:24+00:00","breadcrumb":{"@id":"https:\/\/conexioneschile.cl\/index.php\/product\/sistema-de-video-conferencia-zvc400\/#breadcrumb"},"inLanguage":"es","potentialAction":[{"@type":"ReadAction","target":["https:\/\/conexioneschile.cl\/index.php\/product\/sistema-de-video-conferencia-zvc400\/"]}]},{"@type":"ImageObject","inLanguage":"es","@id":"https:\/\/conexioneschile.cl\/index.php\/product\/sistema-de-video-conferencia-zvc400\/#primaryimage","url":"https:\/\/conexioneschile.cl\/wp-content\/uploads\/2025\/08\/Yealink_ZVC400-1.webp","contentUrl":"https:\/\/conexioneschile.cl\/wp-content\/uploads\/2025\/08\/Yealink_ZVC400-1.webp","width":500,"height":500},{"@type":"BreadcrumbList","@id":"https:\/\/conexioneschile.cl\/index.php\/product\/sistema-de-video-conferencia-zvc400\/#breadcrumb","itemListElement":[{"@type":"ListItem","position":1,"name":"Portada","item":"https:\/\/conexioneschile.cl\/"},{"@type":"ListItem","position":2,"name":"Shop","item":"https:\/\/conexioneschile.cl\/index.php\/shop\/"},{"@type":"ListItem","position":3,"name":"Sistema de video conferencia ZVC400"}]},{"@type":"WebSite","@id":"https:\/\/conexioneschile.cl\/#website","url":"https:\/\/conexioneschile.cl\/","name":"Conexiones Chile","description":"","publisher":{"@id":"https:\/\/conexioneschile.cl\/#organization"},"potentialAction":[{"@type":"SearchAction","target":{"@type":"EntryPoint","urlTemplate":"https:\/\/conexioneschile.cl\/?s={search_term_string}"},"query-input":{"@type":"PropertyValueSpecification","valueRequired":true,"valueName":"search_term_string"}}],"inLanguage":"es"},{"@type":"Organization","@id":"https:\/\/conexioneschile.cl\/#organization","name":"Conexiones Chile","url":"https:\/\/conexioneschile.cl\/","logo":{"@type":"ImageObject","inLanguage":"es","@id":"https:\/\/conexioneschile.cl\/#\/schema\/logo\/image\/","url":"https:\/\/conexioneschile.cl\/wp-content\/uploads\/2025\/09\/cropped-logo-coneexiones.png","contentUrl":"https:\/\/conexioneschile.cl\/wp-content\/uploads\/2025\/09\/cropped-logo-coneexiones.png","width":412,"height":209,"caption":"Conexiones Chile"},"image":{"@id":"https:\/\/conexioneschile.cl\/#\/schema\/logo\/image\/"}}]}},"_links":{"self":[{"href":"https:\/\/conexioneschile.cl\/index.php\/wp-json\/wp\/v2\/product\/25524","targetHints":{"allow":["GET"]}}],"collection":[{"href":"https:\/\/conexioneschile.cl\/index.php\/wp-json\/wp\/v2\/product"}],"about":[{"href":"https:\/\/conexioneschile.cl\/index.php\/wp-json\/wp\/v2\/types\/product"}],"replies":[{"embeddable":true,"href":"https:\/\/conexioneschile.cl\/index.php\/wp-json\/wp\/v2\/comments?post=25524"}],"wp:featuredmedia":[{"embeddable":true,"href":"https:\/\/conexioneschile.cl\/index.php\/wp-json\/wp\/v2\/media\/24571"}],"wp:attachment":[{"href":"https:\/\/conexioneschile.cl\/index.php\/wp-json\/wp\/v2\/media?parent=25524"}],"wp:term":[{"taxonomy":"product_brand","embeddable":true,"href":"https:\/\/conexioneschile.cl\/index.php\/wp-json\/wp\/v2\/product_brand?post=25524"},{"taxonomy":"product_cat","embeddable":true,"href":"https:\/\/conexioneschile.cl\/index.php\/wp-json\/wp\/v2\/product_cat?post=25524"},{"taxonomy":"product_tag","embeddable":true,"href":"https:\/\/conexioneschile.cl\/index.php\/wp-json\/wp\/v2\/product_tag?post=25524"}],"curies":[{"name":"wp","href":"https:\/\/api.w.org\/{rel}","templated":true}]}}