{"id":25526,"date":"2025-08-30T16:39:15","date_gmt":"2025-08-30T19:39:15","guid":{"rendered":"https:\/\/conexioneschile.cl\/index.php\/product\/zvc840-zoom-rooms-kit-for-large-and-extra-large-rooms\/"},"modified":"2025-08-30T16:45:24","modified_gmt":"2025-08-30T19:45:24","slug":"zvc840-zoom-rooms-kit-for-large-and-extra-large-rooms","status":"publish","type":"product","link":"https:\/\/conexioneschile.cl\/index.php\/product\/zvc840-zoom-rooms-kit-for-large-and-extra-large-rooms\/","title":{"rendered":"ZVC840 Zoom Rooms Kit for Large and Extra-Large Rooms"},"content":{"rendered":"<p>La serie Yealink ZVC son soluciones de videoconferencia nativas y f\u00e1ciles de usar especialmente dise\u00f1adas para salas de Zoom Rooms. La serie ZVC proporciona una soluci\u00f3n de videoconferencia de escena completa para cubrir todas las salas de reuniones, desde peque\u00f1as hasta grandes. De acuerdo con las caracter\u00edsticas \u00fanicas de la sala de videoconferencias, se lanza especialmente una mini-PC de alto rendimiento. En el dise\u00f1o de mini-PC, se tiene en cuenta tanto la est\u00e9tica como la practicidad, que integra completamente la gesti\u00f3n de cables consigo misma para proporcionar una soluci\u00f3n de implementaci\u00f3n flexible y confiable para cualquier sala de reuniones. La serie ZVC presenta la interfaz de usuario nativa personalizada de Zoom Rooms que es f\u00e1cil de operar con una curva de aprendizaje cercana a cero, y usted simplemente ingresa a la sala de reuniones y comienza su reuni\u00f3n programada de Zoom con un solo toque. Yealink ZVC840 incluye dos o tres micr\u00f3fonos de matriz VCM34 (se pueden conectar hasta 6 unidades) y una c\u00e1mara PTZ USB 4K UVC84 con zoom \u00f3ptico de 12x para cumplir con los requisitos de una gran sala de reuniones<\/p>\n","protected":false},"excerpt":{"rendered":"<p>La serie Yealink ZVC son soluciones de videoconferencia nativas y f\u00e1ciles de usar especialmente dise\u00f1adas para salas de Zoom Rooms. La serie ZVC proporciona una soluci\u00f3n de videoconferencia de escena&#8230;<\/p>\n","protected":false},"featured_media":25525,"comment_status":"open","ping_status":"closed","template":"","meta":[],"product_brand":[163],"product_cat":[280],"product_tag":[],"class_list":{"0":"post-25526","1":"product","2":"type-product","3":"status-publish","4":"has-post-thumbnail","6":"product_brand-yealink","7":"product_cat-pantallas-interactivas-accesorios","9":"first","10":"instock","11":"taxable","12":"shipping-taxable","13":"purchasable","14":"product-type-simple"},"yoast_head":"<!-- This site is optimized with the Yoast SEO plugin v26.6 - https:\/\/yoast.com\/wordpress\/plugins\/seo\/ -->\n<title>ZVC840 Zoom Rooms Kit for Large and Extra-Large Rooms - Conexiones Chile<\/title>\n<meta name=\"robots\" content=\"index, follow, max-snippet:-1, max-image-preview:large, max-video-preview:-1\" \/>\n<link rel=\"canonical\" href=\"https:\/\/conexioneschile.cl\/index.php\/product\/zvc840-zoom-rooms-kit-for-large-and-extra-large-rooms\/\" \/>\n<meta property=\"og:locale\" content=\"es_ES\" \/>\n<meta property=\"og:type\" content=\"article\" \/>\n<meta property=\"og:title\" content=\"ZVC840 Zoom Rooms Kit for Large and Extra-Large Rooms - Conexiones Chile\" \/>\n<meta property=\"og:description\" content=\"La serie Yealink ZVC son soluciones de videoconferencia nativas y f\u00e1ciles de usar especialmente dise\u00f1adas para salas de Zoom Rooms. La serie ZVC proporciona una soluci\u00f3n de videoconferencia de escena...\" \/>\n<meta property=\"og:url\" content=\"https:\/\/conexioneschile.cl\/index.php\/product\/zvc840-zoom-rooms-kit-for-large-and-extra-large-rooms\/\" \/>\n<meta property=\"og:site_name\" content=\"Conexiones Chile\" \/>\n<meta property=\"article:modified_time\" content=\"2025-08-30T19:45:24+00:00\" \/>\n<meta property=\"og:image\" content=\"https:\/\/conexioneschile.cl\/wp-content\/uploads\/2025\/08\/ZVC840-C3-310-02.webp\" \/>\n\t<meta property=\"og:image:width\" content=\"550\" \/>\n\t<meta property=\"og:image:height\" content=\"550\" \/>\n\t<meta property=\"og:image:type\" content=\"image\/webp\" \/>\n<meta name=\"twitter:card\" content=\"summary_large_image\" \/>\n<meta name=\"twitter:label1\" content=\"Tiempo de lectura\" \/>\n\t<meta name=\"twitter:data1\" content=\"1 minuto\" \/>\n<script type=\"application\/ld+json\" class=\"yoast-schema-graph\">{\"@context\":\"https:\/\/schema.org\",\"@graph\":[{\"@type\":\"WebPage\",\"@id\":\"https:\/\/conexioneschile.cl\/index.php\/product\/zvc840-zoom-rooms-kit-for-large-and-extra-large-rooms\/\",\"url\":\"https:\/\/conexioneschile.cl\/index.php\/product\/zvc840-zoom-rooms-kit-for-large-and-extra-large-rooms\/\",\"name\":\"ZVC840 Zoom Rooms Kit for Large and Extra-Large Rooms - Conexiones Chile\",\"isPartOf\":{\"@id\":\"https:\/\/conexioneschile.cl\/#website\"},\"primaryImageOfPage\":{\"@id\":\"https:\/\/conexioneschile.cl\/index.php\/product\/zvc840-zoom-rooms-kit-for-large-and-extra-large-rooms\/#primaryimage\"},\"image\":{\"@id\":\"https:\/\/conexioneschile.cl\/index.php\/product\/zvc840-zoom-rooms-kit-for-large-and-extra-large-rooms\/#primaryimage\"},\"thumbnailUrl\":\"https:\/\/conexioneschile.cl\/wp-content\/uploads\/2025\/08\/ZVC840-C3-310-02.webp\",\"datePublished\":\"2025-08-30T19:39:15+00:00\",\"dateModified\":\"2025-08-30T19:45:24+00:00\",\"breadcrumb\":{\"@id\":\"https:\/\/conexioneschile.cl\/index.php\/product\/zvc840-zoom-rooms-kit-for-large-and-extra-large-rooms\/#breadcrumb\"},\"inLanguage\":\"es\",\"potentialAction\":[{\"@type\":\"ReadAction\",\"target\":[\"https:\/\/conexioneschile.cl\/index.php\/product\/zvc840-zoom-rooms-kit-for-large-and-extra-large-rooms\/\"]}]},{\"@type\":\"ImageObject\",\"inLanguage\":\"es\",\"@id\":\"https:\/\/conexioneschile.cl\/index.php\/product\/zvc840-zoom-rooms-kit-for-large-and-extra-large-rooms\/#primaryimage\",\"url\":\"https:\/\/conexioneschile.cl\/wp-content\/uploads\/2025\/08\/ZVC840-C3-310-02.webp\",\"contentUrl\":\"https:\/\/conexioneschile.cl\/wp-content\/uploads\/2025\/08\/ZVC840-C3-310-02.webp\",\"width\":550,\"height\":550},{\"@type\":\"BreadcrumbList\",\"@id\":\"https:\/\/conexioneschile.cl\/index.php\/product\/zvc840-zoom-rooms-kit-for-large-and-extra-large-rooms\/#breadcrumb\",\"itemListElement\":[{\"@type\":\"ListItem\",\"position\":1,\"name\":\"Portada\",\"item\":\"https:\/\/conexioneschile.cl\/\"},{\"@type\":\"ListItem\",\"position\":2,\"name\":\"Shop\",\"item\":\"https:\/\/conexioneschile.cl\/index.php\/shop\/\"},{\"@type\":\"ListItem\",\"position\":3,\"name\":\"ZVC840 Zoom Rooms Kit for Large and Extra-Large Rooms\"}]},{\"@type\":\"WebSite\",\"@id\":\"https:\/\/conexioneschile.cl\/#website\",\"url\":\"https:\/\/conexioneschile.cl\/\",\"name\":\"Conexiones Chile\",\"description\":\"\",\"publisher\":{\"@id\":\"https:\/\/conexioneschile.cl\/#organization\"},\"potentialAction\":[{\"@type\":\"SearchAction\",\"target\":{\"@type\":\"EntryPoint\",\"urlTemplate\":\"https:\/\/conexioneschile.cl\/?s={search_term_string}\"},\"query-input\":{\"@type\":\"PropertyValueSpecification\",\"valueRequired\":true,\"valueName\":\"search_term_string\"}}],\"inLanguage\":\"es\"},{\"@type\":\"Organization\",\"@id\":\"https:\/\/conexioneschile.cl\/#organization\",\"name\":\"Conexiones Chile\",\"url\":\"https:\/\/conexioneschile.cl\/\",\"logo\":{\"@type\":\"ImageObject\",\"inLanguage\":\"es\",\"@id\":\"https:\/\/conexioneschile.cl\/#\/schema\/logo\/image\/\",\"url\":\"https:\/\/conexioneschile.cl\/wp-content\/uploads\/2025\/09\/cropped-logo-coneexiones.png\",\"contentUrl\":\"https:\/\/conexioneschile.cl\/wp-content\/uploads\/2025\/09\/cropped-logo-coneexiones.png\",\"width\":412,\"height\":209,\"caption\":\"Conexiones Chile\"},\"image\":{\"@id\":\"https:\/\/conexioneschile.cl\/#\/schema\/logo\/image\/\"}}]}<\/script>\n<!-- \/ Yoast SEO plugin. -->","yoast_head_json":{"title":"ZVC840 Zoom Rooms Kit for Large and Extra-Large Rooms - Conexiones Chile","robots":{"index":"index","follow":"follow","max-snippet":"max-snippet:-1","max-image-preview":"max-image-preview:large","max-video-preview":"max-video-preview:-1"},"canonical":"https:\/\/conexioneschile.cl\/index.php\/product\/zvc840-zoom-rooms-kit-for-large-and-extra-large-rooms\/","og_locale":"es_ES","og_type":"article","og_title":"ZVC840 Zoom Rooms Kit for Large and Extra-Large Rooms - Conexiones Chile","og_description":"La serie Yealink ZVC son soluciones de videoconferencia nativas y f\u00e1ciles de usar especialmente dise\u00f1adas para salas de Zoom Rooms. La serie ZVC proporciona una soluci\u00f3n de videoconferencia de escena...","og_url":"https:\/\/conexioneschile.cl\/index.php\/product\/zvc840-zoom-rooms-kit-for-large-and-extra-large-rooms\/","og_site_name":"Conexiones Chile","article_modified_time":"2025-08-30T19:45:24+00:00","og_image":[{"width":550,"height":550,"url":"https:\/\/conexioneschile.cl\/wp-content\/uploads\/2025\/08\/ZVC840-C3-310-02.webp","type":"image\/webp"}],"twitter_card":"summary_large_image","twitter_misc":{"Tiempo de lectura":"1 minuto"},"schema":{"@context":"https:\/\/schema.org","@graph":[{"@type":"WebPage","@id":"https:\/\/conexioneschile.cl\/index.php\/product\/zvc840-zoom-rooms-kit-for-large-and-extra-large-rooms\/","url":"https:\/\/conexioneschile.cl\/index.php\/product\/zvc840-zoom-rooms-kit-for-large-and-extra-large-rooms\/","name":"ZVC840 Zoom Rooms Kit for Large and Extra-Large Rooms - Conexiones Chile","isPartOf":{"@id":"https:\/\/conexioneschile.cl\/#website"},"primaryImageOfPage":{"@id":"https:\/\/conexioneschile.cl\/index.php\/product\/zvc840-zoom-rooms-kit-for-large-and-extra-large-rooms\/#primaryimage"},"image":{"@id":"https:\/\/conexioneschile.cl\/index.php\/product\/zvc840-zoom-rooms-kit-for-large-and-extra-large-rooms\/#primaryimage"},"thumbnailUrl":"https:\/\/conexioneschile.cl\/wp-content\/uploads\/2025\/08\/ZVC840-C3-310-02.webp","datePublished":"2025-08-30T19:39:15+00:00","dateModified":"2025-08-30T19:45:24+00:00","breadcrumb":{"@id":"https:\/\/conexioneschile.cl\/index.php\/product\/zvc840-zoom-rooms-kit-for-large-and-extra-large-rooms\/#breadcrumb"},"inLanguage":"es","potentialAction":[{"@type":"ReadAction","target":["https:\/\/conexioneschile.cl\/index.php\/product\/zvc840-zoom-rooms-kit-for-large-and-extra-large-rooms\/"]}]},{"@type":"ImageObject","inLanguage":"es","@id":"https:\/\/conexioneschile.cl\/index.php\/product\/zvc840-zoom-rooms-kit-for-large-and-extra-large-rooms\/#primaryimage","url":"https:\/\/conexioneschile.cl\/wp-content\/uploads\/2025\/08\/ZVC840-C3-310-02.webp","contentUrl":"https:\/\/conexioneschile.cl\/wp-content\/uploads\/2025\/08\/ZVC840-C3-310-02.webp","width":550,"height":550},{"@type":"BreadcrumbList","@id":"https:\/\/conexioneschile.cl\/index.php\/product\/zvc840-zoom-rooms-kit-for-large-and-extra-large-rooms\/#breadcrumb","itemListElement":[{"@type":"ListItem","position":1,"name":"Portada","item":"https:\/\/conexioneschile.cl\/"},{"@type":"ListItem","position":2,"name":"Shop","item":"https:\/\/conexioneschile.cl\/index.php\/shop\/"},{"@type":"ListItem","position":3,"name":"ZVC840 Zoom Rooms Kit for Large and Extra-Large Rooms"}]},{"@type":"WebSite","@id":"https:\/\/conexioneschile.cl\/#website","url":"https:\/\/conexioneschile.cl\/","name":"Conexiones Chile","description":"","publisher":{"@id":"https:\/\/conexioneschile.cl\/#organization"},"potentialAction":[{"@type":"SearchAction","target":{"@type":"EntryPoint","urlTemplate":"https:\/\/conexioneschile.cl\/?s={search_term_string}"},"query-input":{"@type":"PropertyValueSpecification","valueRequired":true,"valueName":"search_term_string"}}],"inLanguage":"es"},{"@type":"Organization","@id":"https:\/\/conexioneschile.cl\/#organization","name":"Conexiones Chile","url":"https:\/\/conexioneschile.cl\/","logo":{"@type":"ImageObject","inLanguage":"es","@id":"https:\/\/conexioneschile.cl\/#\/schema\/logo\/image\/","url":"https:\/\/conexioneschile.cl\/wp-content\/uploads\/2025\/09\/cropped-logo-coneexiones.png","contentUrl":"https:\/\/conexioneschile.cl\/wp-content\/uploads\/2025\/09\/cropped-logo-coneexiones.png","width":412,"height":209,"caption":"Conexiones Chile"},"image":{"@id":"https:\/\/conexioneschile.cl\/#\/schema\/logo\/image\/"}}]}},"_links":{"self":[{"href":"https:\/\/conexioneschile.cl\/index.php\/wp-json\/wp\/v2\/product\/25526","targetHints":{"allow":["GET"]}}],"collection":[{"href":"https:\/\/conexioneschile.cl\/index.php\/wp-json\/wp\/v2\/product"}],"about":[{"href":"https:\/\/conexioneschile.cl\/index.php\/wp-json\/wp\/v2\/types\/product"}],"replies":[{"embeddable":true,"href":"https:\/\/conexioneschile.cl\/index.php\/wp-json\/wp\/v2\/comments?post=25526"}],"wp:featuredmedia":[{"embeddable":true,"href":"https:\/\/conexioneschile.cl\/index.php\/wp-json\/wp\/v2\/media\/25525"}],"wp:attachment":[{"href":"https:\/\/conexioneschile.cl\/index.php\/wp-json\/wp\/v2\/media?parent=25526"}],"wp:term":[{"taxonomy":"product_brand","embeddable":true,"href":"https:\/\/conexioneschile.cl\/index.php\/wp-json\/wp\/v2\/product_brand?post=25526"},{"taxonomy":"product_cat","embeddable":true,"href":"https:\/\/conexioneschile.cl\/index.php\/wp-json\/wp\/v2\/product_cat?post=25526"},{"taxonomy":"product_tag","embeddable":true,"href":"https:\/\/conexioneschile.cl\/index.php\/wp-json\/wp\/v2\/product_tag?post=25526"}],"curies":[{"name":"wp","href":"https:\/\/api.w.org\/{rel}","templated":true}]}}